{"id":18969,"date":"2024-10-02T10:20:53","date_gmt":"2024-10-02T09:20:53","guid":{"rendered":"https:\/\/reempresa.org\/financiacion\/ayudas-economicas\/"},"modified":"2026-04-07T09:36:03","modified_gmt":"2026-04-07T08:36:03","slug":"financiacion-ayudas-economicas","status":"publish","type":"page","link":"https:\/\/reempresa.org\/es\/financiacion\/financiacion-ayudas-economicas\/","title":{"rendered":"Financiaci\u00f3n y ayudas econ\u00f3micas"},"content":{"rendered":"<p>[et_pb_section fb_built=\u00bb1&#8243; _builder_version=\u00bb4.27.0&#8243; _module_preset=\u00bbdefault\u00bb custom_margin=\u00bb0px||||false|false\u00bb custom_padding=\u00bb0px||||false|false\u00bb da_disable_devices=\u00bboff|off|off\u00bb global_colors_info=\u00bb{}\u00bb da_is_popup=\u00bboff\u00bb da_exit_intent=\u00bboff\u00bb da_has_close=\u00bbon\u00bb da_alt_close=\u00bboff\u00bb da_dark_close=\u00bboff\u00bb da_not_modal=\u00bbon\u00bb da_is_singular=\u00bboff\u00bb da_with_loader=\u00bboff\u00bb da_has_shadow=\u00bbon\u00bb][et_pb_row _builder_version=\u00bb4.22.2&#8243; _module_preset=\u00bbdefault\u00bb custom_padding=\u00bb0px||0px||false|false\u00bb global_colors_info=\u00bb{}\u00bb][et_pb_column type=\u00bb4_4&#8243; _builder_version=\u00bb4.21.0&#8243; _module_preset=\u00bbdefault\u00bb global_colors_info=\u00bb{}\u00bb][et_pb_heading title=\u00bbSubvenciones y Ayudas\u00bb _builder_version=\u00bb4.27.0&#8243; _module_preset=\u00bbdefault\u00bb custom_margin=\u00bb50px||||false|false\u00bb global_colors_info=\u00bb{}\u00bb][\/et_pb_heading][\/et_pb_column][\/et_pb_row][et_pb_row _builder_version=\u00bb4.22.2&#8243; _module_preset=\u00bbdefault\u00bb custom_padding=\u00bb0px||0px||false|false\u00bb global_colors_info=\u00bb{}\u00bb][et_pb_column type=\u00bb4_4&#8243; _builder_version=\u00bb4.21.0&#8243; _module_preset=\u00bbdefault\u00bb global_colors_info=\u00bb{}\u00bb][et_pb_text _builder_version=\u00bb4.27.0&#8243; _module_preset=\u00bbdefault\u00bb text_font=\u00bbAssistant||||||||\u00bb text_font_size=\u00bb20px\u00bb text_line_height=\u00bb1.6em\u00bb header_2_font_size=\u00bb32px\u00bb header_2_line_height=\u00bb1.5em\u00bb custom_margin=\u00bb||11px||false|false\u00bb custom_padding=\u00bb||||false|false\u00bb global_colors_info=\u00bb{}\u00bb]<\/p>\n<p style=\"text-align: left;\"><span>En este espacio podr\u00e1s encontrar todas las ayudas y subvenciones que entidades e instituciones p\u00fablicas ponen a disposici\u00f3n de los ciudadanos\/as y que se actualizan regularmente.<\/span><\/p>\n<p>[\/et_pb_text][\/et_pb_column][\/et_pb_row][et_pb_row _builder_version=\u00bb4.27.0&#8243; _module_preset=\u00bbdefault\u00bb global_colors_info=\u00bb{}\u00bb][et_pb_column type=\u00bb4_4&#8243; _builder_version=\u00bb4.27.0&#8243; _module_preset=\u00bbdefault\u00bb global_colors_info=\u00bb{}\u00bb][et_pb_toggle title=\u00bbCr\u00e9ditos de 25.000\u20ac al 3% para personas aut\u00f3nomas y microempresas\u00bb open_toggle_text_color=\u00bb#000000&#8243; open_toggle_background_color=\u00bbRGBA(255,255,255,0)\u00bb closed_toggle_background_color=\u00bbRGBA(255,255,255,0)\u00bb icon_color=\u00bb#000000&#8243; toggle_icon=\u00bb&#x4c;||divi||400&#8243; use_icon_font_size=\u00bbon\u00bb icon_font_size=\u00bb30px\u00bb open_icon_color=\u00bb#000000&#8243; open_toggle_icon=\u00bb&#x4b;||divi||400&#8243; open_use_icon_font_size=\u00bbon\u00bb open_icon_font_size=\u00bb30px\u00bb _builder_version=\u00bb4.27.6&#8243; _module_preset=\u00bbdefault\u00bb title_text_color=\u00bb#000000&#8243; title_level=\u00bbh3&#8243; title_line_height=\u00bb1.3em\u00bb body_font_size=\u00bb18px\u00bb body_line_height=\u00bb1.6em\u00bb custom_padding=\u00bb|0px||0px|false|true\u00bb border_width_all=\u00bb0px\u00bb border_width_bottom=\u00bb1px\u00bb global_colors_info=\u00bb{}\u00bb]<\/p>\n<p><strong>Localidad<\/strong>: Barcelona<br \/><strong>Temporalizaci\u00f3n<\/strong>: disponible hasta el 30-06-2027 (o hasta agotamiento de los fondos)<br \/><a href=\"https:\/\/empreses.barcelonactiva.cat\/bcredits?utm_source=BenchmarkEmail&amp;utm_campaign=Butllet%c3%ad_de_l%27Autcat_%7c_Gener_2026&amp;utm_medium=email\" title=\"M\u00e9s informaci\u00f3 subvenci\u00f3\">M\u00e1s informaci\u00f3n<\/a><\/p>\n<p>[\/et_pb_toggle][et_pb_toggle title=\u00bbSubvenciones de apoyo a proyectos de reindustrializaci\u00f3n y mantenimiento de actividad industrial en situaci\u00f3n de dificultad en Catalu\u00f1a\u00bb open_toggle_text_color=\u00bb#000000&#8243; open_toggle_background_color=\u00bbRGBA(255,255,255,0)\u00bb closed_toggle_background_color=\u00bbRGBA(255,255,255,0)\u00bb icon_color=\u00bb#000000&#8243; toggle_icon=\u00bb&#x4c;||divi||400&#8243; use_icon_font_size=\u00bbon\u00bb icon_font_size=\u00bb30px\u00bb open_icon_color=\u00bb#000000&#8243; open_toggle_icon=\u00bb&#x4b;||divi||400&#8243; open_use_icon_font_size=\u00bbon\u00bb open_icon_font_size=\u00bb30px\u00bb _builder_version=\u00bb4.27.6&#8243; _module_preset=\u00bbdefault\u00bb title_text_color=\u00bb#000000&#8243; title_level=\u00bbh3&#8243; title_line_height=\u00bb1.3em\u00bb body_font_size=\u00bb18px\u00bb body_line_height=\u00bb1.6em\u00bb custom_padding=\u00bb|0px||0px|false|true\u00bb border_width_all=\u00bb0px\u00bb border_width_bottom=\u00bb1px\u00bb global_colors_info=\u00bb{}\u00bb]<\/p>\n<p><strong>Localidad:<\/strong><br \/>Catalu\u00f1a<\/p>\n<p><strong>Temporizaci\u00f3n:<\/strong><br \/>Pendiente de confirmaci\u00f3n<\/p>\n<p><a href=\"https:\/\/web.gencat.cat\/ca\/tramits\/tramits-temes\/Subvencions-de-suport-a-projectes-de-reindustrialitzacio-i-manteniment-dactivitat-industrial-en-situacio-de-dificultat-a-Catalunya?category=7524cc0e-a82\" target=\"_blank\" rel=\"noopener\">M\u00e1s informaci\u00f3n<\/a><\/p>\n<p>[\/et_pb_toggle][et_pb_toggle title=\u00bbPrograma de soporte en el proceso de transformaci\u00f3n digital de las empresas para el fomento de su crecimiento, su competitividad y la mejora de su grado de madurez digital \u2013 CCAM\u00bb open_toggle_text_color=\u00bb#000000&#8243; open_toggle_background_color=\u00bbRGBA(255,255,255,0)\u00bb closed_toggle_background_color=\u00bbRGBA(255,255,255,0)\u00bb icon_color=\u00bb#000000&#8243; toggle_icon=\u00bb&#x4c;||divi||400&#8243; use_icon_font_size=\u00bbon\u00bb icon_font_size=\u00bb30px\u00bb open_icon_color=\u00bb#000000&#8243; open_toggle_icon=\u00bb&#x4b;||divi||400&#8243; open_use_icon_font_size=\u00bbon\u00bb open_icon_font_size=\u00bb30px\u00bb _builder_version=\u00bb4.27.6&#8243; _module_preset=\u00bbdefault\u00bb title_text_color=\u00bb#000000&#8243; title_level=\u00bbh3&#8243; title_line_height=\u00bb1.3em\u00bb body_font_size=\u00bb18px\u00bb body_line_height=\u00bb1.6em\u00bb custom_padding=\u00bb|0px||0px|false|true\u00bb border_width_all=\u00bb0px\u00bb border_width_bottom=\u00bb1px\u00bb global_colors_info=\u00bb{}\u00bb]<\/p>\n<p><strong>Localidad:<\/strong><br \/>Catalu\u00f1a<\/p>\n<p><strong>Temporizaci\u00f3n<\/strong>:<br \/>El tr\u00e1mite telem\u00e1tico para solicitar las ayudas se abrir\u00e1 el pr\u00f3ximo 4 de junio de 2025, hasta el agotamiento del presupuesto.<\/p>\n<p><a href=\"https:\/\/reempresa.org\/informacions-interes\/programa-suport-el-proces-transformacio-digital-les-empreses-al-foment-seu-creixement-la-seva-competitivitat-i-la-millora-seu-grau-maduresa-digital\/\" target=\"_blank\" rel=\"noopener\">M\u00e1s informaci\u00f3n<\/a><\/p>\n<p>[\/et_pb_toggle][et_pb_toggle title=\u00bbPrograma de apoyo para la apertura, reforma y mejora de establecimientos, incluidas las paradas de los mercados municipales &#8211; CCAM\u00bb open_toggle_text_color=\u00bb#000000&#8243; open_toggle_background_color=\u00bbRGBA(255,255,255,0)\u00bb closed_toggle_background_color=\u00bbRGBA(255,255,255,0)\u00bb icon_color=\u00bb#000000&#8243; toggle_icon=\u00bb&#x4c;||divi||400&#8243; use_icon_font_size=\u00bbon\u00bb icon_font_size=\u00bb30px\u00bb open_icon_color=\u00bb#000000&#8243; open_toggle_icon=\u00bb&#x4b;||divi||400&#8243; open_use_icon_font_size=\u00bbon\u00bb open_icon_font_size=\u00bb30px\u00bb _builder_version=\u00bb4.27.6&#8243; _module_preset=\u00bbdefault\u00bb title_text_color=\u00bb#000000&#8243; title_level=\u00bbh3&#8243; title_line_height=\u00bb1.3em\u00bb body_font_size=\u00bb18px\u00bb body_line_height=\u00bb1.6em\u00bb custom_padding=\u00bb|0px||0px|false|true\u00bb border_width_all=\u00bb0px\u00bb border_width_bottom=\u00bb1px\u00bb global_colors_info=\u00bb{}\u00bb]<\/p>\n<p><strong>Localidad:<\/strong><br \/>Catalu\u00f1a<\/p>\n<p><strong>Temporizaci\u00f3n<\/strong>:<br \/>El tr\u00e1mite telem\u00e1tico para solicitar las ayudas se abrir\u00e1 el pr\u00f3ximo 4 de junio de 2025, hasta el agotamiento del presupuesto.<\/p>\n<p><a href=\"https:\/\/reempresa.org\/informacions-interes\/programa-suport-lobertura-reforma-i-millora-destabliments-incloses-les-parades-mercats-municipals-ccam\/\" target=\"_blank\" rel=\"noopener\">M\u00e1s informaci\u00f3n<\/a><\/p>\n<p>[\/et_pb_toggle][et_pb_toggle title=\u00bbFundaci\u00f3 Acci\u00f3 Solid\u00e0ria Contra l\u2019Atur (ASCA)\u00bb open_toggle_text_color=\u00bb#000000&#8243; open_toggle_background_color=\u00bbRGBA(255,255,255,0)\u00bb closed_toggle_background_color=\u00bbRGBA(255,255,255,0)\u00bb icon_color=\u00bb#000000&#8243; toggle_icon=\u00bb&#x4c;||divi||400&#8243; use_icon_font_size=\u00bbon\u00bb icon_font_size=\u00bb30px\u00bb open_icon_color=\u00bb#000000&#8243; open_toggle_icon=\u00bb&#x4b;||divi||400&#8243; open_use_icon_font_size=\u00bbon\u00bb open_icon_font_size=\u00bb30px\u00bb _builder_version=\u00bb4.27.6&#8243; _module_preset=\u00bbdefault\u00bb title_text_color=\u00bb#000000&#8243; title_level=\u00bbh3&#8243; title_line_height=\u00bb1.3em\u00bb body_font_size=\u00bb18px\u00bb body_line_height=\u00bb1.6em\u00bb custom_padding=\u00bb|0px||0px|false|true\u00bb border_width_all=\u00bb0px\u00bb border_width_bottom=\u00bb1px\u00bb global_colors_info=\u00bb{}\u00bb]<\/p>\n<p><strong>Localidad:<\/strong><br \/>Catalu\u00f1a<\/p>\n<p>Para personas en paro y colectivos vulnerables<\/p>\n<p align=\"justify\" style=\"text-align: left;\"><span>Si lo deseas, tambi\u00e9n puedes contactar con la <\/span><b>Fundaci\u00f3 Acci\u00f3 Solid\u00e0ria Contra l&#8217;Atur<\/b><span> enviando un correo a <\/span><a href=\"mailto:info@acciosolidaria.cat\" target=\"_top\" rel=\"noopener\">info@acciosolidaria.cat<\/a><span>, llamando al 93 217 02 88 o visitando<\/span><a href=\"http:\/\/www.acciosolidaria.cat\/\" target=\"_blank\" rel=\"noopener\">acciosolidaria.cat<\/a><\/p>\n<p><a href=\"https:\/\/reempresa.org\/es\/xarxa\/accio-solidaria-contra-atur-asca\/\" target=\"_blank\" rel=\"noopener\">M\u00e1s informaci\u00f3n<\/a><\/p>\n<p>[\/et_pb_toggle][et_pb_toggle title=\u00bbAjuts Tiquet Rural Leader per al foment de la diversificaci\u00f3 econ\u00f2mica de les zones rurals\u00bb open_toggle_text_color=\u00bb#000000&#8243; open_toggle_background_color=\u00bbRGBA(255,255,255,0)\u00bb closed_toggle_background_color=\u00bbRGBA(255,255,255,0)\u00bb icon_color=\u00bb#000000&#8243; toggle_icon=\u00bb&#x4c;||divi||400&#8243; use_icon_font_size=\u00bbon\u00bb icon_font_size=\u00bb30px\u00bb open_icon_color=\u00bb#000000&#8243; open_toggle_icon=\u00bb&#x4b;||divi||400&#8243; open_use_icon_font_size=\u00bbon\u00bb open_icon_font_size=\u00bb30px\u00bb _builder_version=\u00bb4.27.6&#8243; _module_preset=\u00bbdefault\u00bb title_text_color=\u00bb#000000&#8243; title_level=\u00bbh3&#8243; title_line_height=\u00bb1.3em\u00bb body_font_size=\u00bb18px\u00bb body_line_height=\u00bb1.6em\u00bb custom_padding=\u00bb|0px||0px|false|true\u00bb border_width_all=\u00bb0px\u00bb border_width_bottom=\u00bb1px\u00bb global_colors_info=\u00bb{}\u00bb]<\/p>\n<p><b><span lang=\"ca\" data-olk-copy-source=\"MessageBody\">Localidad:<\/span><\/b><span lang=\"ca\"><span> <\/span>Catalu\u00f1a<\/span><\/p>\n<p><b><span lang=\"ca\">Temporitzaci\u00f3:<\/span><\/b><span lang=\"ca\"><span> <\/span>Del 20 de mar\u00e7 al 20 d&#8217;abril de 2026, tots dos inclosos.<\/span><\/p>\n<p><span lang=\"ca\"><a href=\"https:\/\/reempresa.org\/informacions-interes\/ajuts-tiquet-rural-leader-foment-diversificacio-economica-zones-rurals\/\" data-auth=\"NotApplicable\" data-linkindex=\"1\" title=\"https:\/\/reempresa.org\/informacions-interes\/ajuts-tiquet-rural-leader-foment-diversificacio-economica-zones-rurals\/\">M\u00e1s informaci\u00f3n<\/a><\/span><\/p>\n<p>[\/et_pb_toggle][\/et_pb_column][\/et_pb_row][\/et_pb_section]<\/p>\n","protected":false},"excerpt":{"rendered":"<p>En este espacio podr\u00e1s encontrar todas las ayudas y subvenciones que entidades e instituciones p\u00fablicas ponen a disposici\u00f3n de los ciudadanos\/as y que se actualizan regularmente.Localidad: BarcelonaTemporalizaci\u00f3n: disponible hasta el 30-06-2027 (o hasta agotamiento de los fondos)M\u00e1s informaci\u00f3nLocalidad:Catalu\u00f1a Temporizaci\u00f3n:Pendiente de confirmaci\u00f3n M\u00e1s informaci\u00f3nLocalidad:Catalu\u00f1a Temporizaci\u00f3n:El tr\u00e1mite telem\u00e1tico para solicitar las ayudas se abrir\u00e1 el pr\u00f3ximo 4 [&hellip;]<\/p>\n","protected":false},"author":2,"featured_media":0,"parent":18964,"menu_order":0,"comment_status":"closed","ping_status":"closed","template":"","meta":{"_et_pb_use_builder":"on","_et_pb_old_content":"","_et_gb_content_width":"","footnotes":""},"categoria":[12,19],"actualitat":[],"class_list":["post-18969","page","type-page","status-publish","hentry","categoria-financament","categoria-sub-page"],"_links":{"self":[{"href":"https:\/\/reempresa.org\/es\/wp-json\/wp\/v2\/pages\/18969","targetHints":{"allow":["GET"]}}],"collection":[{"href":"https:\/\/reempresa.org\/es\/wp-json\/wp\/v2\/pages"}],"about":[{"href":"https:\/\/reempresa.org\/es\/wp-json\/wp\/v2\/types\/page"}],"author":[{"embeddable":true,"href":"https:\/\/reempresa.org\/es\/wp-json\/wp\/v2\/users\/2"}],"replies":[{"embeddable":true,"href":"https:\/\/reempresa.org\/es\/wp-json\/wp\/v2\/comments?post=18969"}],"version-history":[{"count":13,"href":"https:\/\/reempresa.org\/es\/wp-json\/wp\/v2\/pages\/18969\/revisions"}],"predecessor-version":[{"id":20806,"href":"https:\/\/reempresa.org\/es\/wp-json\/wp\/v2\/pages\/18969\/revisions\/20806"}],"up":[{"embeddable":true,"href":"https:\/\/reempresa.org\/es\/wp-json\/wp\/v2\/pages\/18964"}],"wp:attachment":[{"href":"https:\/\/reempresa.org\/es\/wp-json\/wp\/v2\/media?parent=18969"}],"wp:term":[{"taxonomy":"categoria","embeddable":true,"href":"https:\/\/reempresa.org\/es\/wp-json\/wp\/v2\/categoria?post=18969"},{"taxonomy":"actualitat","embeddable":true,"href":"https:\/\/reempresa.org\/es\/wp-json\/wp\/v2\/actualitat?post=18969"}],"curies":[{"name":"wp","href":"https:\/\/api.w.org\/{rel}","templated":true}]}}