{"id":18529,"date":"2024-10-17T13:18:45","date_gmt":"2024-10-17T13:18:45","guid":{"rendered":"https:\/\/reempresa.org\/reempresa\/bizbarcelona\/bizbarcelona-2014\/"},"modified":"2025-04-07T11:34:53","modified_gmt":"2025-04-07T11:34:53","slug":"bizbarcelona-2014","status":"publish","type":"page","link":"https:\/\/reempresa.org\/es\/reempresa\/bizbarcelona\/bizbarcelona-2014\/","title":{"rendered":"BizBarcelona 2014"},"content":{"rendered":"<p>[et_pb_section fb_built=\u00bb1&#8243; _builder_version=\u00bb4.27.0&#8243; _module_preset=\u00bbdefault\u00bb background_image=\u00bbhttps:\/\/provareempresa.org\/wp-content\/uploads\/2024\/10\/BizBarcelona-2014.jpg\u00bb custom_padding=\u00bb200px||200px||false|false\u00bb da_disable_devices=\u00bboff|off|off\u00bb global_colors_info=\u00bb{}\u00bb da_is_popup=\u00bboff\u00bb da_exit_intent=\u00bboff\u00bb da_has_close=\u00bbon\u00bb da_alt_close=\u00bboff\u00bb da_dark_close=\u00bboff\u00bb da_not_modal=\u00bbon\u00bb da_is_singular=\u00bboff\u00bb da_with_loader=\u00bboff\u00bb da_has_shadow=\u00bbon\u00bb][\/et_pb_section][et_pb_section fb_built=\u00bb1&#8243; _builder_version=\u00bb4.27.0&#8243; _module_preset=\u00bbdefault\u00bb da_disable_devices=\u00bboff|off|off\u00bb global_colors_info=\u00bb{}\u00bb da_is_popup=\u00bboff\u00bb da_exit_intent=\u00bboff\u00bb da_has_close=\u00bbon\u00bb da_alt_close=\u00bboff\u00bb da_dark_close=\u00bboff\u00bb da_not_modal=\u00bbon\u00bb da_is_singular=\u00bboff\u00bb da_with_loader=\u00bboff\u00bb da_has_shadow=\u00bbon\u00bb][et_pb_row column_structure=\u00bb1_2,1_2&#8243; _builder_version=\u00bb4.27.0&#8243; _module_preset=\u00bbdefault\u00bb global_colors_info=\u00bb{}\u00bb][et_pb_column type=\u00bb1_2&#8243; _builder_version=\u00bb4.27.0&#8243; _module_preset=\u00bbdefault\u00bb global_colors_info=\u00bb{}\u00bb][et_pb_heading title=\u00bbBizBarcelona 2014&#8243; _builder_version=\u00bb4.27.0&#8243; _module_preset=\u00bbdefault\u00bb title_font_size=\u00bb38px\u00bb global_colors_info=\u00bb{}\u00bb][\/et_pb_heading][\/et_pb_column][et_pb_column type=\u00bb1_2&#8243; _builder_version=\u00bb4.27.0&#8243; _module_preset=\u00bbdefault\u00bb global_colors_info=\u00bb{}\u00bb][et_pb_text _builder_version=\u00bb4.27.0&#8243; _module_preset=\u00bbdefault\u00bb text_font_size=\u00bb20px\u00bb global_colors_info=\u00bb{}\u00bb]<\/p>\n<p align=\"justify\" style=\"text-align: left;\">Bizbarcelona convierte Barcelona en la capital del emprendimiento y en al cita ineludible para encontrar nuevas ideas y hacer crecer los negocios.<br \/>Por cuarto a\u00f1o consecutivo, el Centro de Reempresa de Catalu\u00f1a particip\u00f3 en el Sal\u00f3n, celebrado los d\u00edas 4 y 5 de junio en el recinto ferial de Montjuic de la Feria de Barcelona.<\/p>\n<p>Durante los dos d\u00edas de sal\u00f3n, los consultores de Reempresa estuvieron a disposici\u00f3n de los visitantes para poder informar de las actividades que se hab\u00edan preparado en el marco del sal\u00f3n, as\u00ed como de los servicios y oportunidades que ofrece el Centro de Reempresa de Catalu\u00f1a.<br \/>Pod\u00e9is consultar las im\u00e1genes del BizBarcelona 2014 <a href=\"https:\/\/www.flickr.com\/photos\/patronalcecot\/sets\/72157645446554301\" target=\"_self\" rel=\"noopener\">aqu\u00ed<\/a>.<\/p>\n<p><strong>Actividades 2014:<\/strong><\/p>\n<p align=\"justify\" style=\"text-align: left;\"><strong>1. Teambulding<\/strong><br \/>Por segundo a\u00f1o consecutivo, se aprovech\u00f3 el sal\u00f3n para celebrar la sesi\u00f3n interna de Teambuilding con los t\u00e9cnicos del servicio. El acto, moderado por el Director del Centro, Albert Colomer, sirvi\u00f3 para presentar los resultados de toda Catalu\u00f1a, as\u00ed como para intercambiar buenas pr\u00e1cticas en los siguientes aspectos: Sensibilizaci\u00f3n e informaci\u00f3n Acciones Media Reempresa Global, Actuaciones Locales Empresas Cedentes reemprendedores reemprendidas de \u00e9xito Adem\u00e1s, se aprovech\u00f3 para renovar el compromiso adoptado el a\u00f1o anterior para los pr\u00f3ximos a\u00f1os, el de llegar al objetivo de\u201csalvem1000empreses\u201d.<\/p>\n<p align=\"justify\" style=\"text-align: left;\"><strong>2. Matchings Reempresa<\/strong><br \/>Por tercer a\u00f1o consecutivo, se celebr\u00f3 la actividad de networking \u201cMatchings Reempresa\u201d, que permite celebrar entrevistas de 30 minutos entre cedentes y reemprendedores y evaluar as\u00ed el inter\u00e9s de iniciar un proceso de transmisi\u00f3n.<\/p>\n<p align=\"justify\" style=\"text-align: left;\"><strong>3. Conferencia: \u00bfCu\u00e1nto vale mi empresa?<\/strong><br \/>Visto el \u00e9xito de la presentaci\u00f3n de Valoraci\u00f3n de Empresas de la edici\u00f3n anterior, a cargo del profesor Oriol Amat, en esta edici\u00f3n se repiti\u00f3 la conferencia \u201cCu\u00e1nto vale mi empresa\u201d, esta vez a cargo del profesor Xavier Puig de la Universitat Pompeu Fabra. Pod\u00e9is ver el video completo, as\u00ed como las diapositivas de la presentaci\u00f3n, <a href=\"https:\/\/www.youtube.com\/watch?v=qXtAKZZe6hQ\" target=\"_self\" rel=\"noopener\">aqu\u00ed<\/a>.<\/p>\n<p align=\"justify\" style=\"text-align: left;\"><strong>4. Conferencia: Impacto y factores clave de Reempresa<\/strong><br \/>Aprovechando que en esta edici\u00f3n se present\u00f3 la consecuci\u00f3n de 250 reempresas de \u00e9xito, se organiz\u00f3 una sesi\u00f3n de presentaci\u00f3n del servicio, pero de la mano de testimoniales del Centro.<br \/>As\u00ed, se presentaron los factores claves en la hora de compra o vender una empresa, de la mano del Sr. Eduard Oltra y del Sr. Rafael Arquimbau, reemprendedor y cedente de Expocom, SL., y del Sr. Tom\u00e1s Obreg\u00f3n, reemprendedor de ApropTeu, SL.<br \/>El acto cont\u00f3 con la presentaci\u00f3n y moderaci\u00f3n del presidente del Centro, Antoni Abad, y de su director, Albert Colomer.<\/p>\n<p>Pod\u00e9is ver el video completo, <a href=\"https:\/\/www.youtube.com\/watch?v=ggj7WnJ8WWE\" target=\"_self\" rel=\"noopener\">aqu\u00ed<\/a>.<\/p>\n<p align=\"justify\" style=\"text-align: left;\"><strong>5. Conferencia: Negociaci\u00f3n en contextos dif\u00edciles<\/strong><br \/>En un proceso de Reempresa, \u00bfc\u00f3mo se tienen que desarrollar las negociaciones? \u00bfC\u00f3mo se tiene que afrontar y qu\u00e9 contenido se tiene que considerar? Para dar respuesta a estas y otras muchas preguntas, en esta edici\u00f3n contamos con la participaci\u00f3n de M\u00f2nica Mendoza, asesora de ventas de Cecot y reconocida formadora en t\u00e9cnicas de negociaci\u00f3n. Pod\u00e9is ver el video completo, <a href=\"https:\/\/www.youtube.com\/watch?v=QofaTjynf-k\" target=\"_self\" rel=\"noopener\">aqu\u00ed<\/a>.<\/p>\n<p>[\/et_pb_text][\/et_pb_column][\/et_pb_row][\/et_pb_section]<\/p>\n","protected":false},"excerpt":{"rendered":"<p>Bizbarcelona convierte Barcelona en la capital del emprendimiento y en al cita ineludible para encontrar nuevas ideas y hacer crecer los negocios.Por cuarto a\u00f1o consecutivo, el Centro de Reempresa de Catalu\u00f1a particip\u00f3 en el Sal\u00f3n, celebrado los d\u00edas 4 y 5 de junio en el recinto ferial de Montjuic de la Feria de Barcelona. Durante [&hellip;]<\/p>\n","protected":false},"author":2,"featured_media":0,"parent":18110,"menu_order":0,"comment_status":"closed","ping_status":"closed","template":"","meta":{"_et_pb_use_builder":"on","_et_pb_old_content":"","_et_gb_content_width":"","footnotes":""},"categoria":[],"actualitat":[],"class_list":["post-18529","page","type-page","status-publish","hentry"],"_links":{"self":[{"href":"https:\/\/reempresa.org\/es\/wp-json\/wp\/v2\/pages\/18529","targetHints":{"allow":["GET"]}}],"collection":[{"href":"https:\/\/reempresa.org\/es\/wp-json\/wp\/v2\/pages"}],"about":[{"href":"https:\/\/reempresa.org\/es\/wp-json\/wp\/v2\/types\/page"}],"author":[{"embeddable":true,"href":"https:\/\/reempresa.org\/es\/wp-json\/wp\/v2\/users\/2"}],"replies":[{"embeddable":true,"href":"https:\/\/reempresa.org\/es\/wp-json\/wp\/v2\/comments?post=18529"}],"version-history":[{"count":3,"href":"https:\/\/reempresa.org\/es\/wp-json\/wp\/v2\/pages\/18529\/revisions"}],"predecessor-version":[{"id":18547,"href":"https:\/\/reempresa.org\/es\/wp-json\/wp\/v2\/pages\/18529\/revisions\/18547"}],"up":[{"embeddable":true,"href":"https:\/\/reempresa.org\/es\/wp-json\/wp\/v2\/pages\/18110"}],"wp:attachment":[{"href":"https:\/\/reempresa.org\/es\/wp-json\/wp\/v2\/media?parent=18529"}],"wp:term":[{"taxonomy":"categoria","embeddable":true,"href":"https:\/\/reempresa.org\/es\/wp-json\/wp\/v2\/categoria?post=18529"},{"taxonomy":"actualitat","embeddable":true,"href":"https:\/\/reempresa.org\/es\/wp-json\/wp\/v2\/actualitat?post=18529"}],"curies":[{"name":"wp","href":"https:\/\/api.w.org\/{rel}","templated":true}]}}