{"id":18522,"date":"2024-10-17T13:18:35","date_gmt":"2024-10-17T13:18:35","guid":{"rendered":"https:\/\/reempresa.org\/reempresa\/bizbarcelona\/bizbarcelona-2015\/"},"modified":"2025-05-27T11:25:33","modified_gmt":"2025-05-27T11:25:33","slug":"bizbarcelona-2015","status":"publish","type":"page","link":"https:\/\/reempresa.org\/es\/reempresa\/bizbarcelona\/bizbarcelona-2015\/","title":{"rendered":"BizBarcelona 2015"},"content":{"rendered":"<p>[et_pb_section fb_built=\u00bb1&#8243; _builder_version=\u00bb4.27.0&#8243; _module_preset=\u00bbdefault\u00bb background_image=\u00bbhttps:\/\/provareempresa.org\/wp-content\/uploads\/2024\/10\/BizBarcelona-2015.png\u00bb custom_padding=\u00bb200px||200px||false|false\u00bb da_disable_devices=\u00bboff|off|off\u00bb global_colors_info=\u00bb{}\u00bb da_is_popup=\u00bboff\u00bb da_exit_intent=\u00bboff\u00bb da_has_close=\u00bbon\u00bb da_alt_close=\u00bboff\u00bb da_dark_close=\u00bboff\u00bb da_not_modal=\u00bbon\u00bb da_is_singular=\u00bboff\u00bb da_with_loader=\u00bboff\u00bb da_has_shadow=\u00bbon\u00bb][\/et_pb_section][et_pb_section fb_built=\u00bb1&#8243; _builder_version=\u00bb4.27.0&#8243; _module_preset=\u00bbdefault\u00bb da_disable_devices=\u00bboff|off|off\u00bb global_colors_info=\u00bb{}\u00bb da_is_popup=\u00bboff\u00bb da_exit_intent=\u00bboff\u00bb da_has_close=\u00bbon\u00bb da_alt_close=\u00bboff\u00bb da_dark_close=\u00bboff\u00bb da_not_modal=\u00bbon\u00bb da_is_singular=\u00bboff\u00bb da_with_loader=\u00bboff\u00bb da_has_shadow=\u00bbon\u00bb][et_pb_row column_structure=\u00bb1_2,1_2&#8243; _builder_version=\u00bb4.27.0&#8243; _module_preset=\u00bbdefault\u00bb global_colors_info=\u00bb{}\u00bb][et_pb_column type=\u00bb1_2&#8243; _builder_version=\u00bb4.27.0&#8243; _module_preset=\u00bbdefault\u00bb global_colors_info=\u00bb{}\u00bb][et_pb_heading title=\u00bbBizBarcelona 2015&#8243; _builder_version=\u00bb4.27.0&#8243; _module_preset=\u00bbdefault\u00bb title_font_size=\u00bb38px\u00bb global_colors_info=\u00bb{}\u00bb][\/et_pb_heading][\/et_pb_column][et_pb_column type=\u00bb1_2&#8243; _builder_version=\u00bb4.27.0&#8243; _module_preset=\u00bbdefault\u00bb global_colors_info=\u00bb{}\u00bb][et_pb_text _builder_version=\u00bb4.27.0&#8243; _module_preset=\u00bbdefault\u00bb text_font_size=\u00bb20px\u00bb global_colors_info=\u00bb{}\u00bb]<\/p>\n<p align=\"start\" style=\"text-align: left;\"><strong>El equipo del Centro de Reempresa de Catalu\u00f1a consigue esta semana llegar a las 500 reempresas de \u00e9xito<\/strong><\/p>\n<ul style=\"text-align: left;\">\n<li><strong>Reempresa consigue un paso importante en el logro del reto que se marc\u00f3 en el BizBarcelona del 2012: salvar 1.000 empresas catalanas antes de que finalice el 2016.<\/strong><\/li>\n<\/ul>\n<ul style=\"text-align: left;\">\n<li><strong>Colomer: \u201cestoy m\u00e1s que convencido que lo lograremos. Los 200 contactos que hemos promovido hoy entre empresas cedentes y reemprendedores, en el marco del Sal\u00f3n, son la semilla que har\u00e1 crecer esta cifra en los pr\u00f3ximos meses\u201d.<\/strong><\/li>\n<\/ul>\n<ul style=\"text-align: left;\">\n<li><strong>El apoyo de las Diputaciones de Barcelona, Girona y Tarragona, y el trabajo conjunto con los t\u00e9cnicos de los principales ayuntamientos de estas provincias, entidades empresariales y profesionales y la propia Generalitat han estado clave.<\/strong><\/li>\n<\/ul>\n<ul style=\"text-align: left;\">\n<li><strong>La implicaci\u00f3n de CaixaBank en los procesos de Reempresa va m\u00e1s all\u00e1 de la prestaci\u00f3n de servicios o productos financieros. CaixaBank se convierte en un aliado para los emprendedores que quieren ponerse al frente de una empresa en funcionamiento y necesitan financiaci\u00f3n. <\/strong><\/li>\n<\/ul>\n<ul style=\"text-align: left;\">\n<li><strong>El balance de Reempresa es de seis operaciones cerradas por semana. A d\u00eda de hoy suponen 500 reempresas conseguidas, con un volumen de inversi\u00f3n inducida de m\u00e1s de 22M de euros y cerca de 1700 puestos de trabajo salvaguardados. <\/strong><\/li>\n<\/ul>\n<p align=\"start\" style=\"text-align: left;\">El Centro de Reempresa de Catalu\u00f1a ha concentrado este a\u00f1o todos los esfuerzos en la actividad de Networking, denominada Matchings reempresa, en la que han concertado cerca m\u00e1s de 200 entrevistas de reemprendedores con <a href=\"http:\/\/matchings.reempresa.org\/\" target=\"_self\" rel=\"noopener\">30 empresas cedentes<\/a> de diferentes sectores y poblaciones catalanas. Desde una empresa de dise\u00f1o; una industria de transformaci\u00f3n de pl\u00e1sticos; una corredur\u00eda de seguros; una empresa distribuidora y comercializadora de alimentos ecol\u00f3gicos; <strong> <\/strong>una empresa de fabricaci\u00f3n de maquinaria y mobiliario por el sector sanitario; a un <strong><\/strong>e-commerce de perfumer\u00eda, cosm\u00e9tica y productos de peluquer\u00eda. Estos y otros negocios han estado presentes al \u201cMatchings Reempresa\u201d, un espacio donde diferentes reemprendedores se han entrevistado con los propietarios de negocios y empresas que est\u00e1n cerca de la jubilaci\u00f3n y buscan personas para traspasarlos la actividad. Las entrevistas de aproximadamente 25 minutos han permitido facilitar la informaci\u00f3n necesaria para iniciar procesos de cesi\u00f3n que puedan llevar, finalmente, a una futura y deseable transmisi\u00f3n. Con este primer contacto, el Centro de Reempresa ha aproximado personas dispuestas a dar continuidad a estas treinta empresas y har\u00e1 el seguimiento y acompa\u00f1amiento de los contactos en los pr\u00f3ximos meses. Albert Colomer, director del Centre de Reempresa de Catalunya afirma que \u201c<span>esta es una actividad un poco arriesgada que pusimos en marcha en el sal\u00f3n del 2012 y que tiene muy buena aceptaci\u00f3n por parte de cedentes y de reemprendedores. No solo tiene aceptaci\u00f3n sino que cerca del 30% de las empresas participantes se reemprender\u00e1n con \u00e9xito antes de finalizar el a\u00f1o.<\/span>\u201d<\/p>\n<p align=\"start\" style=\"text-align: left;\">Para corroborar el \u00e9xito de esta actividad, durante las conferencias organizadas por reempresa el primer d\u00eda de Sal\u00f3n, han participado cedentes y reemprendedores de empresas que se conocieron en el MatchingsReempresa del 2014 y que, finalmente, realizaron la operaci\u00f3n de Reempresa con \u00e9xito.<\/p>\n<p align=\"start\" style=\"text-align: left;\">En esta actividad han participado activamente los 64 puntos de atenci\u00f3n de Reempresa ubicados en Catalu\u00f1a y que han aportado tanto cedentes como posibles reemprendedores interesados en ellas. <a href=\"http:\/\/www.reempresa.org\/front\/Entitats\/Entitats\/_PNtY_q77wFBP8W_Ixzt7NAJ-8whUsrt2fiUcD6E6-NU\" target=\"_self\" rel=\"noopener\">Sesenta y cuatro<\/a> puntos de atenci\u00f3n que los principales ayuntamientos y consejos comarcales de Catalu\u00f1a han ido abriendo durante estos a\u00f1os: siete de estos puntos prestan servicio espec\u00edfico al <a href=\"http:\/\/comerc.reempresa.org\/punts-atencio\/_PNtY_q77wFAuuLgYA3WkBOexqr5mVfQc\" target=\"_self\" rel=\"noopener\">Mercado Sectorial del Comercio<\/a>.<\/p>\n<p align=\"start\" style=\"text-align: left;\">Durante el primer d\u00eda del sal\u00f3n, ha habido las conferencias de Javier G\u00f3mez, profesor de la UPF que ha hablado del valor de las empresas, c\u00f3mo valorarlas y saber de qu\u00e9 depende su valor. Por otro lado, Albert Colomer, director del Centro de Reempresa de Catalu\u00f1a ha explicado a los asistentes en la conferencia como funciona el mercado de Reempresa y qu\u00e9 son los 7 obst\u00e1culos que cada persona interesada tiene que evitar. Adem\u00e1s, varios testimoniales han podido explicar su experiencia y resolver algunas dudas a los asistentes.<\/p>\n<p align=\"start\" style=\"text-align: left;\">Antoni Abad, presidente del Centro de Reempresa de Catalu\u00f1a y Jordi Nicolau, director territorial de CaixaBank en Barcelona han explicado durante el sal\u00f3n la vehiculaci\u00f3n de instrumentos que CaixaBank pose a disposici\u00f3n de todos los reemprendedores mediante su red de agentes y oficinas, para ayudarlos a continuar un proyecto empresarial.<\/p>\n<p align=\"start\" style=\"text-align: left;\">Por la tarde, Cl\u00e0udia Mass\u00f3, consultora del Centro de Reempresa ha explicado a los visitantes del sal\u00f3n los pasos que se tienen que seguir para reemprender.<\/p>\n<p align=\"start\" style=\"text-align: left;\">Adem\u00e1s, durante la ma\u00f1ana, el Consejero de Empresa y Ocupaci\u00f3n de la Generalitat de Catalu\u00f1a, Felip Puig ha pasado por el stand de Reempresa con el presidente del Centro de Reempresa de Catalu\u00f1a Antoni Abad.<\/p>\n<p align=\"start\" style=\"text-align: left;\"><a href=\"http:\/\/www.cecot.org\/Home\/Comunicacio\/Cecot-opina\/Articles\/detallArticles\/_nKLM0gN92ARGQx2K7cg1TNblrfqLBLneSbJE2MIi4h53zRfMJV4vlcvdrc9EeT9M952Jfmf9KyE\" target=\"_self\" rel=\"noopener\">Descarg\u00e1is aqu\u00ed<\/a> fotograf\u00edas relacionadas.<\/p>\n<p align=\"start\" style=\"text-align: left;\"><strong>Sobre la Reempresa<\/strong><\/p>\n<p align=\"start\" style=\"text-align: left;\">Esta iniciativa pionera en el estado espa\u00f1ol, se puso en marcha el junio del a\u00f1o 2011 de la mano de la patronal catalana Cecot, de la Fundaci\u00f3n Cp\u2019*Ac con el apoyo del Departamento de Econom\u00eda y Conocimiento y est\u00e1 financiado por la Generalitat de Catalu\u00f1a y el fondo FEDER europeo. El a\u00f1o 2012, un convenio con la Diputaci\u00f3n de Barcelona hizo posible que Reempresa llegue durante este a\u00f1o en diferentes ayuntamientos de la provincia de Barcelona mediante las \u00e1reas de promoci\u00f3n econ\u00f3mica y los t\u00e9cnicos y expertos que trabajan en ellas.<\/p>\n<p align=\"start\" style=\"text-align: left;\">Reempresa es un instrumento que pretende incidir directamente en la reactivaci\u00f3n de la econom\u00eda, en la generaci\u00f3n de riqueza y el mantenimiento de la ocupaci\u00f3n. \u201cSe han dedicado muchos esfuerzos, especialmente en los \u00faltimos a\u00f1os, al fomentar y facilitar la creaci\u00f3n de empresas pero hemos olvidado que, tanto importando como la creaci\u00f3n, si no m\u00e1s, es favorecer la continuidad\u201d, afirm\u00f3 Antoni Abad, presidente de la Cecot en el acto de presentaci\u00f3n del proyecto.<\/p>\n<p align=\"start\" style=\"text-align: left;\">La metodolog\u00eda de trabajo de la Reempresa se basa en la atenci\u00f3n presencial y parte de gesti\u00f3n en l\u00ednea. En este sentido, la apertura de las delegaciones en las provincias catalanas, y los puntos de atenci\u00f3n reemprendida, facilita el acceso y agiliza el proceso de reemprender a cualquier persona que viva en Catalu\u00f1a y a cualquier empresa implantada en nuestro pa\u00eds.<\/p>\n<p align=\"start\" style=\"text-align: left;\"><strong>Informaci\u00f3n corporativa<\/strong><\/p>\n<p align=\"start\" style=\"text-align: left;\">Reempresa es un nuevo modelo de emprendimiento y de crecimiento empresarial, por el cual un nuevo emprendedor \u2013 reemprendedor \u2013 toma el testigo en la gesti\u00f3n de una empresa ya existente, compr\u00e1ndola en su totalidad para continuar la actividad, salvaguardando de este modo el patrimonio empresarial individual y colectivo, para hacerla crecer, sin tener que pasar por la fase de crearla.<\/p>\n<p align=\"start\" style=\"text-align: left;\">El mecanismo posibilita la compra de los activos y pasivos de una empresa existente a su anterior propietario o propietarios- cedentes- manteniendo la actividad, los puestos de trabajo y el ritmo de funcionamiento habitual sin trabas por el entorno empresarial pr\u00f3ximo.<\/p>\n<p align=\"start\" style=\"text-align: left;\">El reemprendedor aporta a la empresa una renovadora l\u00ednea de actuaci\u00f3n y los medios necesarios por la mejora y reorientaci\u00f3n del negocio, que parte de una situaci\u00f3n mejor objetivamente que la de la posible creaci\u00f3n de nuevo. Este relevo <strong>evita la p\u00e9rdida de capital econ\u00f3mico y de conocimiento especializado<\/strong>, adem\u00e1s de tantos activos intangibles, como los contactos o la posici\u00f3n de mercado, incluidos los h\u00e1bitos de compra de los clientes, que llevan a la devaluaci\u00f3n de los activos tangibles. Evita tambi\u00e9n la desaparici\u00f3n de puestos de trabajo y la disminuci\u00f3n del crecimiento econ\u00f3mico, factores que, hoy todav\u00eda m\u00e1s, conviene proteger y fomentar.<\/p>\n<p align=\"start\" style=\"text-align: left;\"><strong>Sobre BizBarcelona<\/strong><\/p>\n<p align=\"start\" style=\"text-align: left;\">Bizbarcelona, que se celebra al recinto ferial de Montjuic el 1 y 2 de julio, aglutina infinidad de propuestas que contribuyen a acelerar el crecimiento empresarial y la creaci\u00f3n de nuevos negocios. Con m\u00e1s de 160 conferencias y talleres, as\u00ed como espacios de asesoramiento y networking, el sal\u00f3n de Feria de Barcelona para pymes, aut\u00f3nomos y emprendedores dedicar\u00e1 especial atenci\u00f3n a conocer v\u00edas alternativas de acceso a la financiaci\u00f3n.<\/p>\n<p style=\"text-align: left;\">\n<p>[\/et_pb_text][et_pb_button button_url=\u00bbhttps:\/\/www.flickr.com\/photos\/patronalcecot\/albums\/72177720303663681&#8243; url_new_window=\u00bbon\u00bb button_text=\u00bbGaleria BizBarcelona 2015&#8243; _builder_version=\u00bb4.27.0&#8243; _module_preset=\u00bbdefault\u00bb custom_button=\u00bbon\u00bb button_text_size=\u00bb20px\u00bb button_text_color=\u00bb#FFFFFF\u00bb button_bg_color=\u00bb#000000&#8243; button_border_width=\u00bb0px\u00bb button_border_radius=\u00bb5px\u00bb button_icon=\u00bb&#x24;||divi||400&#8243; global_colors_info=\u00bb{}\u00bb][\/et_pb_button][\/et_pb_column][\/et_pb_row][\/et_pb_section]<\/p>\n","protected":false},"excerpt":{"rendered":"<p>El equipo del Centro de Reempresa de Catalu\u00f1a consigue esta semana llegar a las 500 reempresas de \u00e9xito Reempresa consigue un paso importante en el logro del reto que se marc\u00f3 en el BizBarcelona del 2012: salvar 1.000 empresas catalanas antes de que finalice el 2016. Colomer: \u201cestoy m\u00e1s que convencido que lo lograremos. Los [&hellip;]<\/p>\n","protected":false},"author":2,"featured_media":0,"parent":18110,"menu_order":0,"comment_status":"closed","ping_status":"closed","template":"","meta":{"_et_pb_use_builder":"on","_et_pb_old_content":"","_et_gb_content_width":"","footnotes":""},"categoria":[],"actualitat":[],"class_list":["post-18522","page","type-page","status-publish","hentry"],"_links":{"self":[{"href":"https:\/\/reempresa.org\/es\/wp-json\/wp\/v2\/pages\/18522","targetHints":{"allow":["GET"]}}],"collection":[{"href":"https:\/\/reempresa.org\/es\/wp-json\/wp\/v2\/pages"}],"about":[{"href":"https:\/\/reempresa.org\/es\/wp-json\/wp\/v2\/types\/page"}],"author":[{"embeddable":true,"href":"https:\/\/reempresa.org\/es\/wp-json\/wp\/v2\/users\/2"}],"replies":[{"embeddable":true,"href":"https:\/\/reempresa.org\/es\/wp-json\/wp\/v2\/comments?post=18522"}],"version-history":[{"count":14,"href":"https:\/\/reempresa.org\/es\/wp-json\/wp\/v2\/pages\/18522\/revisions"}],"predecessor-version":[{"id":19369,"href":"https:\/\/reempresa.org\/es\/wp-json\/wp\/v2\/pages\/18522\/revisions\/19369"}],"up":[{"embeddable":true,"href":"https:\/\/reempresa.org\/es\/wp-json\/wp\/v2\/pages\/18110"}],"wp:attachment":[{"href":"https:\/\/reempresa.org\/es\/wp-json\/wp\/v2\/media?parent=18522"}],"wp:term":[{"taxonomy":"categoria","embeddable":true,"href":"https:\/\/reempresa.org\/es\/wp-json\/wp\/v2\/categoria?post=18522"},{"taxonomy":"actualitat","embeddable":true,"href":"https:\/\/reempresa.org\/es\/wp-json\/wp\/v2\/actualitat?post=18522"}],"curies":[{"name":"wp","href":"https:\/\/api.w.org\/{rel}","templated":true}]}}