{"id":18497,"date":"2024-10-17T13:18:01","date_gmt":"2024-10-17T13:18:01","guid":{"rendered":"https:\/\/reempresa.org\/reempresa\/bizbarcelona\/bizbarcelona-2018\/"},"modified":"2025-04-07T11:28:52","modified_gmt":"2025-04-07T11:28:52","slug":"bizbarcelona-2018","status":"publish","type":"page","link":"https:\/\/reempresa.org\/es\/reempresa\/bizbarcelona\/bizbarcelona-2018\/","title":{"rendered":"BizBarcelona 2018"},"content":{"rendered":"<p>[et_pb_section fb_built=\u00bb1&#8243; _builder_version=\u00bb4.27.0&#8243; _module_preset=\u00bbdefault\u00bb background_image=\u00bbhttps:\/\/provareempresa.org\/wp-content\/uploads\/2024\/10\/BizBarcelona-2018.png\u00bb custom_padding=\u00bb200px||200px||false|false\u00bb global_colors_info=\u00bb{}\u00bb da_is_popup=\u00bboff\u00bb da_exit_intent=\u00bboff\u00bb da_has_close=\u00bbon\u00bb da_alt_close=\u00bboff\u00bb da_dark_close=\u00bboff\u00bb da_not_modal=\u00bbon\u00bb da_is_singular=\u00bboff\u00bb da_with_loader=\u00bboff\u00bb da_has_shadow=\u00bbon\u00bb da_disable_devices=\u00bboff|off|off\u00bb][\/et_pb_section][et_pb_section fb_built=\u00bb1&#8243; _builder_version=\u00bb4.27.0&#8243; _module_preset=\u00bbdefault\u00bb global_colors_info=\u00bb{}\u00bb da_is_popup=\u00bboff\u00bb da_exit_intent=\u00bboff\u00bb da_has_close=\u00bbon\u00bb da_alt_close=\u00bboff\u00bb da_dark_close=\u00bboff\u00bb da_not_modal=\u00bbon\u00bb da_is_singular=\u00bboff\u00bb da_with_loader=\u00bboff\u00bb da_has_shadow=\u00bbon\u00bb da_disable_devices=\u00bboff|off|off\u00bb][et_pb_row column_structure=\u00bb1_2,1_2&#8243; _builder_version=\u00bb4.27.0&#8243; _module_preset=\u00bbdefault\u00bb global_colors_info=\u00bb{}\u00bb][et_pb_column type=\u00bb1_2&#8243; _builder_version=\u00bb4.27.0&#8243; _module_preset=\u00bbdefault\u00bb global_colors_info=\u00bb{}\u00bb][et_pb_heading title=\u00bbBizBarcelona 2018&#8243; _builder_version=\u00bb4.27.0&#8243; _module_preset=\u00bbdefault\u00bb title_font_size=\u00bb38px\u00bb global_colors_info=\u00bb{}\u00bb][\/et_pb_heading][\/et_pb_column][et_pb_column type=\u00bb1_2&#8243; _builder_version=\u00bb4.27.0&#8243; _module_preset=\u00bbdefault\u00bb global_colors_info=\u00bb{}\u00bb][et_pb_text _builder_version=\u00bb4.27.0&#8243; _module_preset=\u00bbdefault\u00bb text_font_size=\u00bb20px\u00bb global_colors_info=\u00bb{}\u00bb]<\/p>\n<p><span>El <\/span><span class=\"hiddenSpellError\" onkeypress=\"MORFOLOGIK_RULE_CA_ES---#---0---#---Possible error ortogr\u00e0fic.---#---Barcelona#FC Barcelona---#---BizBarcelona---#---El BizBarcelona, el sal\u00f3 de l'emprenedoria i l'empresa va tancar la seva vuitena edici\u00f3 al recinte de Montju\u00efc amb prop de 13.900 visitants.---#---3\">BizBarcelona<\/span><span>, el sal\u00f3n del emprendimiento y la empresa cerr\u00f3 su octava edici\u00f3n al recinto de Montjuic con cerca de 13.900 visitantes. Como ya es habitual, el Centro de <\/span><span class=\"hiddenSpellError\" onkeypress=\"MORFOLOGIK_RULE_CA_ES---#---0---#---Possible error ortogr\u00e0fic.---#---Reempla\u00e7a#Reapresa#Reempla\u00e7\u00e0#Reemprada#Reemprara#Reemprar\u00e0#Reemprassen#Reemprasses#Reemprava#Reempres#Reempressen#Reempresses#Reempr\u00e9s#Reempr\u00e9ssem#Reempr\u00e9sseu#Reexpressa#Reexpresse#Reexpress\u00e0#Reimpresa#Reempre sa#Reempres a---#---Reempresa---#---Com ja \u00e9s habitual, el Centre de Reempresa de Catalunya va participar en aquesta edici\u00f3 del sal\u00f3 amb un programa de confer\u00e8ncies i un espai de trobades anomenat Matchings Reempresa, en el que aquest any s'hi van concertar m\u00e9s de 120 entrevistes de reemprenedors amb m\u00e9s de 25 empreses cedents de diferents sectors i poblacions catalanes.---#---43\">Reempresa<\/span><span> de Catalu\u00f1a particip\u00f3 en esta edici\u00f3n del sal\u00f3n con un programa de conferencias y un espacio de encuentros llamado <\/span><span class=\"hiddenSpellError\" onkeypress=\"MORFOLOGIK_RULE_CA_ES---#---0---#---Possible error ortogr\u00e0fic.---#---Matxines---#---Matchings---#---Com ja \u00e9s habitual, el Centre de Reempresa de Catalunya va participar en aquesta edici\u00f3 del sal\u00f3 amb un programa de confer\u00e8ncies i un espai de trobades anomenat Matchings Reempresa, en el que aquest any s'hi van concertar m\u00e9s de 120 entrevistes de reemprenedors amb m\u00e9s de 25 empreses cedents de diferents sectors i poblacions catalanes.---#---43\">Matchings<\/span><span> <\/span><span class=\"hiddenSpellError\" onkeypress=\"MORFOLOGIK_RULE_CA_ES---#---0---#---Possible error ortogr\u00e0fic.---#---Reempla\u00e7a#Reapresa#Reempla\u00e7\u00e0#Reemprada#Reemprara#Reemprar\u00e0#Reemprassen#Reemprasses#Reemprava#Reempres#Reempressen#Reempresses#Reempr\u00e9s#Reempr\u00e9ssem#Reempr\u00e9sseu#Reexpressa#Reexpresse#Reexpress\u00e0#Reimpresa#Reempre sa#Reempres a---#---Reempresa---#---Com ja \u00e9s habitual, el Centre de Reempresa de Catalunya va participar en aquesta edici\u00f3 del sal\u00f3 amb un programa de confer\u00e8ncies i un espai de trobades anomenat Matchings Reempresa, en el que aquest any s'hi van concertar m\u00e9s de 120 entrevistes de reemprenedors amb m\u00e9s de 25 empreses cedents de diferents sectors i poblacions catalanes.---#---43\">Reempresa<\/span><span>, en el que este a\u00f1o se concertaron m\u00e1s de 120 entrevistas de <\/span><span class=\"hiddenGrammarError\" onkeypress=\"REEMPRENDRE---#---3---#---Cal usar el v. \u2018reprendre\u2019.---#---reprenedors---#---reemprenedors---#---Com ja \u00e9s habitual, el Centre de Reempresa de Catalunya va participar en aquesta edici\u00f3 del sal\u00f3 amb un programa de confer\u00e8ncies i un espai de trobades anomenat Matchings Reempresa, en el que aquest any s'hi van concertar m\u00e9s de 120 entrevistes de reemprenedors amb m\u00e9s de 25 empreses cedents de diferents sectors i poblacions catalanes.---#---43\">reemprendedores<\/span><span> con m\u00e1s de 25 emprendidas cedentes de diferentes sectores y poblaciones catalanas. Entre los negocios a la venta, se pudieron encontrar paradas de mercado, una agencia de marketing digital, una industria del sector pl\u00e1stico, una ferreter\u00eda o una empresa de servicios integrales de mantenimiento, entre otros. <\/span><\/p>\n<p><span>Como novedad, <\/span><span class=\"hiddenSpellError\" onkeypress=\"MORFOLOGIK_RULE_CA_ES---#---0---#---Possible error ortogr\u00e0fic.---#---Reempla\u00e7a#Reapresa#Reempla\u00e7\u00e0#Reemprada#Reemprara#Reemprar\u00e0#Reemprassen#Reemprasses#Reemprava#Reempres#Reempressen#Reempresses#Reempr\u00e9s#Reempr\u00e9ssem#Reempr\u00e9sseu#Reexpressa#Reexpresse#Reexpress\u00e0#Reimpresa#Reempre sa#Reempres a---#---Reempresa---#---Com a novetat, Reempresa va presentar l'\" elevator=\"\" pitch=\"\" d=\"\" empreses=\"\" a=\"\" la=\"\" venda=\"\" un=\"\" espai=\"\" innovador=\"\" pensat=\"\" perqu=\"\" empresaris=\"\" que=\"\" volen=\"\" vendre=\"\" seva=\"\" empresa=\"\" puguin=\"\" donar-la=\"\" con=\"\" ixer=\"\" en=\"\" poc=\"\" m=\"\" s=\"\" de=\"\" tres=\"\" minuts=\"\" possibles=\"\" emprenedors=\"\" es=\"\" plantejar=\"\" reemprendre-la=\"\" ---=\"\" ---43=\"\">Reempresa<\/span><span> present\u00f3 el \u00ab<\/span><span class=\"hiddenSpellError\" onkeypress=\"MORFOLOGIK_RULE_CA_ES---#---0---#---Possible error ortogr\u00e0fic.---#---Elevador#Elevatori#Eleva tor#Elevat or---#---Elevator---#---Com a novetat, Reempresa va presentar l'\" elevator=\"\" pitch=\"\" d=\"\" empreses=\"\" a=\"\" la=\"\" venda=\"\" un=\"\" espai=\"\" innovador=\"\" pensat=\"\" perqu=\"\" empresaris=\"\" que=\"\" volen=\"\" vendre=\"\" seva=\"\" empresa=\"\" puguin=\"\" donar-la=\"\" con=\"\" ixer=\"\" en=\"\" poc=\"\" m=\"\" s=\"\" de=\"\" tres=\"\" minuts=\"\" possibles=\"\" emprenedors=\"\" es=\"\" plantejar=\"\" reemprendre-la=\"\" ---=\"\" ---43=\"\">Elevator<\/span><span> <\/span><span class=\"hiddenSpellError\" onkeypress=\"MORFOLOGIK_RULE_CA_ES---#---0---#---Possible error ortogr\u00e0fic.---#---Fitx#Pinx#Pitxi---#---Pitch---#---Com a novetat, Reempresa va presentar l'\" elevator=\"\" pitch=\"\" d=\"\" empreses=\"\" a=\"\" la=\"\" venda=\"\" un=\"\" espai=\"\" innovador=\"\" pensat=\"\" perqu=\"\" empresaris=\"\" que=\"\" volen=\"\" vendre=\"\" seva=\"\" empresa=\"\" puguin=\"\" donar-la=\"\" con=\"\" ixer=\"\" en=\"\" poc=\"\" m=\"\" s=\"\" de=\"\" tres=\"\" minuts=\"\" possibles=\"\" emprenedors=\"\" es=\"\" plantejar=\"\" reemprendre-la=\"\" ---=\"\" ---43=\"\">Pitch<\/span><span>\u00bb de empresas a la venta, un espacio innovador pensado porque empresarios que quieren vender su empresa puedan darla a conocer en poco m\u00e1s de tres minutos a posibles emprendedores que se puedan plantear <\/span><span class=\"hiddenGrammarError\" onkeypress=\"REEMPRENDRE---#---3---#---Cal usar el v. \u2018reprendre\u2019.---#---reprendre---#---reemprendre---#---Com a novetat, Reempresa va presentar l'\" elevator=\"\" pitch=\"\" d=\"\" empreses=\"\" a=\"\" la=\"\" venda=\"\" un=\"\" espai=\"\" innovador=\"\" pensat=\"\" perqu=\"\" empresaris=\"\" que=\"\" volen=\"\" vendre=\"\" seva=\"\" empresa=\"\" puguin=\"\" donar-la=\"\" con=\"\" ixer=\"\" en=\"\" poc=\"\" m=\"\" s=\"\" de=\"\" tres=\"\" minuts=\"\" possibles=\"\" emprenedors=\"\" es=\"\" plantejar=\"\" reemprendre-la=\"\" ---=\"\" ---43=\"\">reemprender<\/span><span>la.<\/span><\/p>\n<p><span>Los m\u00e1s de 350 emprendedores y empresarios que participaron<\/span> <span>en las<\/span> <span>conferencias y actividades de<\/span> <span class=\"hiddenSpellError\" onkeypress=\"MORFOLOGIK_RULE_CA_ES---#---0---#---Possible error ortogr\u00e0fic.---#---Reempla\u00e7a#Reapresa#Reempla\u00e7\u00e0#Reemprada#Reemprara#Reemprar\u00e0#Reemprassen#Reemprasses#Reemprava#Reempres#Reempressen#Reempresses#Reempr\u00e9s#Reempr\u00e9ssem#Reempr\u00e9sseu#Reexpressa#Reexpresse#Reexpress\u00e0#Reimpresa#Reempre sa#Reempres a---#---Reempresa---#---Els m\u00e9s de 350 emprenedors i empresaris que van participar a les confer\u00e8ncies i activitats de Reempresa al BizBarcelona van poder aprendre les principals t\u00e8cniques de valoraci\u00f3 d'empreses, de creixement o les alternatives de finan\u00e7ament, aix\u00ed com tamb\u00e9 els avantatges de reemprendre en comptes de crear una empresa des de zero i les principals difer\u00e8ncies entre negociar i regatejar a l'hora de comprar o vendre un negoci en funcionament.---#---43\">Reempresa <\/span> <span>en el <\/span> <span class=\"hiddenSpellError\" onkeypress=\"MORFOLOGIK_RULE_CA_ES---#---0---#---Possible error ortogr\u00e0fic.---#---Barcelona#FC Barcelona---#---BizBarcelona---#---Els m\u00e9s de 350 emprenedors i empresaris que van participar a les confer\u00e8ncies i activitats de Reempresa al BizBarcelona van poder aprendre les principals t\u00e8cniques de valoraci\u00f3 d'empreses, de creixement o les alternatives de finan\u00e7ament, aix\u00ed com tamb\u00e9 els avantatges de reemprendre en comptes de crear una empresa des de zero i les principals difer\u00e8ncies entre negociar i regatejar a l'hora de comprar o vendre un negoci en funcionament.---#---43\">BizBarcelona<\/span> <span>pudieron aprender las principales t\u00e9cnicas de valoraci\u00f3n de empresas, de crecimiento o las alternativas de financiaci\u00f3n,<\/span> <span>y tambi\u00e9n<\/span> <span> las ventajas de<\/span> <span class=\"hiddenGrammarError\" onkeypress=\"REEMPRENDRE---#---3---#---Cal usar el v. \u2018reprendre\u2019.---#---reprendre---#---reemprendre---#---Els m\u00e9s de 350 emprenedors i empresaris que van participar a les confer\u00e8ncies i activitats de Reempresa al BizBarcelona van poder aprendre les principals t\u00e8cniques de valoraci\u00f3 d'empreses, de creixement o les alternatives de finan\u00e7ament, aix\u00ed com tamb\u00e9 els avantatges de reemprendre en comptes de crear una empresa des de zero i les principals difer\u00e8ncies entre negociar i regatejar a l'hora de comprar o vendre un negoci en funcionament.---#---43\">reemprender<\/span><span> en vez de crear una empresa desde cero y las principales diferencias entre negociar y regatear en la hora de comprar o vender un negocio en funcionamiento. En todas las conferencias de <\/span><span class=\"hiddenSpellError\" onkeypress=\"MORFOLOGIK_RULE_CA_ES---#---0---#---Possible error ortogr\u00e0fic.---#---Reempla\u00e7a#Reapresa#Reempla\u00e7\u00e0#Reemprada#Reemprara#Reemprar\u00e0#Reemprassen#Reemprasses#Reemprava#Reempres#Reempressen#Reempresses#Reempr\u00e9s#Reempr\u00e9ssem#Reempr\u00e9sseu#Reexpressa#Reexpresse#Reexpress\u00e0#Reimpresa#Reempre sa#Reempres a---#---Reempresa---#---A totes les confer\u00e8ncies de Reempresa hi van participar testimonials del servei, que van poder apropar als cedents i reemprenedors la seva experi\u00e8ncia amb el servei.---#---43\">Reempresa<\/span><span> participaron testimoniales del servicio, que pudieron acercar a los cedentes y <\/span><span class=\"hiddenGrammarError\" onkeypress=\"REEMPRENDRE---#---3---#---Cal usar el v. \u2018reprendre\u2019.---#---reprenedors---#---reemprenedors---#---A totes les confer\u00e8ncies de Reempresa hi van participar testimonials del servei, que van poder apropar als cedents i reemprenedors la seva experi\u00e8ncia amb el servei.---#---43\">reemprendedores<\/span> <span>su experiencia con el servicio.<\/span><\/p>\n<p><span>Por Albert Colomer, director del Centro de <\/span><span class=\"hiddenSpellError\" onkeypress=\"MORFOLOGIK_RULE_CA_ES---#---0---#---Possible error ortogr\u00e0fic.---#---Reempla\u00e7a#Reapresa#Reempla\u00e7\u00e0#Reemprada#Reemprara#Reemprar\u00e0#Reemprassen#Reemprasses#Reemprava#Reempres#Reempressen#Reempresses#Reempr\u00e9s#Reempr\u00e9ssem#Reempr\u00e9sseu#Reexpressa#Reexpresse#Reexpress\u00e0#Reimpresa#Reempre sa#Reempres a---#---Reempresa---#---Per Albert Colomer, director del Centre de Reempresa de Catalunya, \" el=\"\" bizbarcelona=\"\" s=\"\" millor=\"\" espai=\"\" perqu=\"\" un=\"\" cedent=\"\" i=\"\" reemprenedor=\"\" es=\"\" puguin=\"\" con=\"\" ixer=\"\" va=\"\" voler=\"\" destacar=\"\" que=\"\" reempresa=\"\" ha=\"\" ofert=\"\" durant=\"\" els=\"\" dos=\"\" dies=\"\" del=\"\" sal=\"\" eines=\"\" aquests=\"\" cedents=\"\" reemprenedors=\"\" vendre=\"\" o=\"\" comprar=\"\" una=\"\" empresa=\"\" amb=\"\" m=\"\" xim=\"\" de=\"\" seguretat=\"\" confian=\"\" a=\"\" ---=\"\" ---43=\"\">Reempresa<\/span><span> de Catalu\u00f1a, \u00abel <\/span><span class=\"hiddenSpellError\" onkeypress=\"MORFOLOGIK_RULE_CA_ES---#---0---#---Possible error ortogr\u00e0fic.---#---Barcelona#FC Barcelona---#---BizBarcelona---#---Per Albert Colomer, director del Centre de Reempresa de Catalunya, \" el=\"\" bizbarcelona=\"\" s=\"\" millor=\"\" espai=\"\" perqu=\"\" un=\"\" cedent=\"\" i=\"\" reemprenedor=\"\" es=\"\" puguin=\"\" con=\"\" ixer=\"\" va=\"\" voler=\"\" destacar=\"\" que=\"\" reempresa=\"\" ha=\"\" ofert=\"\" durant=\"\" els=\"\" dos=\"\" dies=\"\" del=\"\" sal=\"\" eines=\"\" aquests=\"\" cedents=\"\" reemprenedors=\"\" vendre=\"\" o=\"\" comprar=\"\" una=\"\" empresa=\"\" amb=\"\" m=\"\" xim=\"\" de=\"\" seguretat=\"\" confian=\"\" a=\"\" ---=\"\" ---43=\"\">BizBarcelona<\/span><span> es el mejor espacio para que un cedente y un <\/span><span class=\"hiddenGrammarError\" onkeypress=\"REEMPRENDRE---#---3---#---Cal usar el v. \u2018reprendre\u2019.---#---reprenedor---#---reemprenedor---#---Per Albert Colomer, director del Centre de Reempresa de Catalunya, \" el=\"\" bizbarcelona=\"\" s=\"\" millor=\"\" espai=\"\" perqu=\"\" un=\"\" cedent=\"\" i=\"\" reemprenedor=\"\" es=\"\" puguin=\"\" con=\"\" ixer=\"\" va=\"\" voler=\"\" destacar=\"\" que=\"\" reempresa=\"\" ha=\"\" ofert=\"\" durant=\"\" els=\"\" dos=\"\" dies=\"\" del=\"\" sal=\"\" eines=\"\" aquests=\"\" cedents=\"\" reemprenedors=\"\" vendre=\"\" o=\"\" comprar=\"\" una=\"\" empresa=\"\" amb=\"\" m=\"\" xim=\"\" de=\"\" seguretat=\"\" confian=\"\" a=\"\" ---=\"\" ---43=\"\">reemprendedor<\/span><span> puedan conocer\u00bb y quiso destacar que \u00ab<\/span><span class=\"hiddenSpellError\" onkeypress=\"MORFOLOGIK_RULE_CA_ES---#---0---#---Possible error ortogr\u00e0fic.---#---Reempla\u00e7a#Reapresa#Reempla\u00e7\u00e0#Reemprada#Reemprara#Reemprar\u00e0#Reemprassen#Reemprasses#Reemprava#Reempres#Reempressen#Reempresses#Reempr\u00e9s#Reempr\u00e9ssem#Reempr\u00e9sseu#Reexpressa#Reexpresse#Reexpress\u00e0#Reimpresa#Reempre sa#Reempres a---#---Reempresa---#---Per Albert Colomer, director del Centre de Reempresa de Catalunya, \" el=\"\" bizbarcelona=\"\" s=\"\" millor=\"\" espai=\"\" perqu=\"\" un=\"\" cedent=\"\" i=\"\" reemprenedor=\"\" es=\"\" puguin=\"\" con=\"\" ixer=\"\" va=\"\" voler=\"\" destacar=\"\" que=\"\" reempresa=\"\" ha=\"\" ofert=\"\" durant=\"\" els=\"\" dos=\"\" dies=\"\" del=\"\" sal=\"\" eines=\"\" aquests=\"\" cedents=\"\" reemprenedors=\"\" vendre=\"\" o=\"\" comprar=\"\" una=\"\" empresa=\"\" amb=\"\" m=\"\" xim=\"\" de=\"\" seguretat=\"\" confian=\"\" a=\"\" ---=\"\" ---43=\"\">Reempresa<\/span><span> ha ofrecido, durante los dos d\u00edas del sal\u00f3n, herramientas para que estos cedentes y <\/span><span class=\"hiddenGrammarError\" onkeypress=\"REEMPRENDRE---#---3---#---Cal usar el v. \u2018reprendre\u2019.---#---reprenedors---#---reemprenedors---#---Per Albert Colomer, director del Centre de Reempresa de Catalunya, \" el=\"\" bizbarcelona=\"\" s=\"\" millor=\"\" espai=\"\" perqu=\"\" un=\"\" cedent=\"\" i=\"\" reemprenedor=\"\" es=\"\" puguin=\"\" con=\"\" ixer=\"\" va=\"\" voler=\"\" destacar=\"\" que=\"\" reempresa=\"\" ha=\"\" ofert=\"\" durant=\"\" els=\"\" dos=\"\" dies=\"\" del=\"\" sal=\"\" eines=\"\" aquests=\"\" cedents=\"\" reemprenedors=\"\" vendre=\"\" o=\"\" comprar=\"\" una=\"\" empresa=\"\" amb=\"\" m=\"\" xim=\"\" de=\"\" seguretat=\"\" confian=\"\" a=\"\" ---=\"\" ---43=\"\">reemprendedores<\/span><span> puedan vender o comprar una empresa con el m\u00e1ximo de seguridad y confianza\u00bb.<\/span><\/p>\n<p><span class=\"hiddenSpellError\" onkeypress=\"MORFOLOGIK_RULE_CA_ES---#---0---#---Possible error ortogr\u00e0fic.---#---Reempla\u00e7a#Reapresa#Reempla\u00e7\u00e0#Reemprada#Reemprara#Reemprar\u00e0#Reemprassen#Reemprasses#Reemprava#Reempres#Reempressen#Reempresses#Reempr\u00e9s#Reempr\u00e9ssem#Reempr\u00e9sseu#Reexpressa#Reexpresse#Reexpress\u00e0#Reimpresa#Reempre sa#Reempres a---#---Reempresa---#---Reempresa tamb\u00e9 va aprofitar la seva participaci\u00f3 al BizBarcelona per presentar un estudi sobre les empreses que s'han venut a trav\u00e9s del servei.---#---43\">Reempresa <\/span> <span>tambi\u00e9n aprovech\u00f3 su participaci\u00f3n en el<\/span><span>\u00a0<\/span><span class=\"hiddenSpellError\" onkeypress=\"MORFOLOGIK_RULE_CA_ES---#---0---#---Possible error ortogr\u00e0fic.---#---Barcelona#FC Barcelona---#---BizBarcelona---#---Reempresa tamb\u00e9 va aprofitar la seva participaci\u00f3 al BizBarcelona per presentar un estudi sobre les empreses que s'han venut a trav\u00e9s del servei.---#---43\">BizBarcelona<\/span><span> para presentar un estudio sobre las empresas que se han vendido a trav\u00e9s del servicio. Seg\u00fan este estudio, la supervivencia de las <\/span><span class=\"hiddenSpellError\" onkeypress=\"MORFOLOGIK_RULE_CA_ES---#---0---#---Possible error ortogr\u00e0fic.---#---reemprasses#reempresses#reapreses#reemprades#reemprares#reemprassen#reemprassis#reempraves#reempressen#reempressis#reempr\u00e9ssem#reempr\u00e9sseu#reexpresses#reexpress\u00e9s#reimpreses#reempre ses#reempres es---#---reempreses---#---Segons aquest estudi, la superviv\u00e8ncia de les reempreses cedides \u00e9s d'un 87%.---#---43\">reempresas<\/span><span> cedidas es de un 87%. Adem\u00e1s, el estudio destaca que un 76% de las empresas que se han vendido a trav\u00e9s de <\/span><span class=\"hiddenSpellError\" onkeypress=\"MORFOLOGIK_RULE_CA_ES---#---0---#---Possible error ortogr\u00e0fic.---#---Reempla\u00e7a#Reapresa#Reempla\u00e7\u00e0#Reemprada#Reemprara#Reemprar\u00e0#Reemprassen#Reemprasses#Reemprava#Reempres#Reempressen#Reempresses#Reempr\u00e9s#Reempr\u00e9ssem#Reempr\u00e9sseu#Reexpressa#Reexpresse#Reexpress\u00e0#Reimpresa#Reempre sa#Reempres a---#---Reempresa---#---A m\u00e9s, l'estudi destaca que un 76% de les empreses que s'han venut a trav\u00e9s de Reempresa creixen pel que fa a la seva facturaci\u00f3 despr\u00e9s de ser reempreses.---#---43\">Reempresa<\/span><span> crecen en cuanto a su facturaci\u00f3n despu\u00e9s de ser <\/span><span class=\"hiddenSpellError\" onkeypress=\"MORFOLOGIK_RULE_CA_ES---#---0---#---Possible error ortogr\u00e0fic.---#---reemprasses#reempresses#reapreses#reemprades#reemprares#reemprassen#reemprassis#reempraves#reempressen#reempressis#reempr\u00e9ssem#reempr\u00e9sseu#reexpresses#reexpress\u00e9s#reimpreses#reempre ses#reempres es---#---reempreses---#---A m\u00e9s, l'estudi destaca que un 76% de les empreses que s'han venut a trav\u00e9s de Reempresa creixen pel que fa a la seva facturaci\u00f3 despr\u00e9s de ser reempreses.---#---43\">reempresas<\/span><span>. Del estudio tambi\u00e9n se desprende que un 31% de las <\/span><span class=\"hiddenSpellError\" onkeypress=\"MORFOLOGIK_RULE_CA_ES---#---0---#---Possible error ortogr\u00e0fic.---#---reemprasses#reempresses#reapreses#reemprades#reemprares#reemprassen#reemprassis#reempraves#reempressen#reempressis#reempr\u00e9ssem#reempr\u00e9sseu#reexpresses#reexpress\u00e9s#reimpreses#reempre ses#reempres es---#---reempreses---#---De l'estudi tamb\u00e9 es despr\u00e8n que un 31% de les reempreses augmenten el n\u00famero de treballadors despr\u00e9s de ser cedides.---#---43\">reempresas <\/span> <span>aumentan el<\/span> <span>n\u00famero<\/span> <span>de trabajadores despu\u00e9s de ser cedidas.<\/span><\/p>\n<p>[\/et_pb_text][et_pb_video src=\u00bbhttps:\/\/www.youtube.com\/watch?v=4nyzTHx5jpA\u00bb _builder_version=\u00bb4.27.0&#8243; _module_preset=\u00bbdefault\u00bb global_colors_info=\u00bb{}\u00bb][\/et_pb_video][et_pb_button button_url=\u00bbhttps:\/\/www.flickr.com\/photos\/patronalcecot\/sets\/72157667705173657&#8243; url_new_window=\u00bbon\u00bb button_text=\u00bbGaleria BizBarcelona 2018&#8243; _builder_version=\u00bb4.27.0&#8243; _module_preset=\u00bbdefault\u00bb custom_button=\u00bbon\u00bb button_text_size=\u00bb20px\u00bb button_text_color=\u00bb#FFFFFF\u00bb button_bg_color=\u00bb#000000&#8243; button_border_width=\u00bb0px\u00bb button_border_radius=\u00bb5px\u00bb button_icon=\u00bb&#x24;||divi||400&#8243; global_colors_info=\u00bb{}\u00bb][\/et_pb_button][\/et_pb_column][\/et_pb_row][\/et_pb_section]<\/p>\n","protected":false},"excerpt":{"rendered":"<p>El BizBarcelona, el sal\u00f3n del emprendimiento y la empresa cerr\u00f3 su octava edici\u00f3n al recinto de Montjuic con cerca de 13.900 visitantes. Como ya es habitual, el Centro de Reempresa de Catalu\u00f1a particip\u00f3 en esta edici\u00f3n del sal\u00f3n con un programa de conferencias y un espacio de encuentros llamado Matchings Reempresa, en el que este [&hellip;]<\/p>\n","protected":false},"author":2,"featured_media":0,"parent":18110,"menu_order":0,"comment_status":"closed","ping_status":"closed","template":"","meta":{"_et_pb_use_builder":"on","_et_pb_old_content":"","_et_gb_content_width":"","footnotes":""},"categoria":[],"actualitat":[],"class_list":["post-18497","page","type-page","status-publish","hentry"],"_links":{"self":[{"href":"https:\/\/reempresa.org\/es\/wp-json\/wp\/v2\/pages\/18497","targetHints":{"allow":["GET"]}}],"collection":[{"href":"https:\/\/reempresa.org\/es\/wp-json\/wp\/v2\/pages"}],"about":[{"href":"https:\/\/reempresa.org\/es\/wp-json\/wp\/v2\/types\/page"}],"author":[{"embeddable":true,"href":"https:\/\/reempresa.org\/es\/wp-json\/wp\/v2\/users\/2"}],"replies":[{"embeddable":true,"href":"https:\/\/reempresa.org\/es\/wp-json\/wp\/v2\/comments?post=18497"}],"version-history":[{"count":3,"href":"https:\/\/reempresa.org\/es\/wp-json\/wp\/v2\/pages\/18497\/revisions"}],"predecessor-version":[{"id":18541,"href":"https:\/\/reempresa.org\/es\/wp-json\/wp\/v2\/pages\/18497\/revisions\/18541"}],"up":[{"embeddable":true,"href":"https:\/\/reempresa.org\/es\/wp-json\/wp\/v2\/pages\/18110"}],"wp:attachment":[{"href":"https:\/\/reempresa.org\/es\/wp-json\/wp\/v2\/media?parent=18497"}],"wp:term":[{"taxonomy":"categoria","embeddable":true,"href":"https:\/\/reempresa.org\/es\/wp-json\/wp\/v2\/categoria?post=18497"},{"taxonomy":"actualitat","embeddable":true,"href":"https:\/\/reempresa.org\/es\/wp-json\/wp\/v2\/actualitat?post=18497"}],"curies":[{"name":"wp","href":"https:\/\/api.w.org\/{rel}","templated":true}]}}