{"id":18484,"date":"2024-10-17T13:16:14","date_gmt":"2024-10-17T13:16:14","guid":{"rendered":"https:\/\/reempresa.org\/reempresa\/bizbarcelona\/bizbarcelona-2019\/"},"modified":"2025-05-27T11:10:44","modified_gmt":"2025-05-27T11:10:44","slug":"bizbarcelona-2019","status":"publish","type":"page","link":"https:\/\/reempresa.org\/es\/reempresa\/bizbarcelona\/bizbarcelona-2019\/","title":{"rendered":"BizBarcelona 2019"},"content":{"rendered":"<p>[et_pb_section fb_built=\u00bb1&#8243; _builder_version=\u00bb4.27.0&#8243; _module_preset=\u00bbdefault\u00bb background_image=\u00bbhttps:\/\/provareempresa.org\/wp-content\/uploads\/2024\/10\/BizBarcelona-2019.jpg\u00bb custom_padding=\u00bb200px||200px||false|false\u00bb global_colors_info=\u00bb{}\u00bb da_is_popup=\u00bboff\u00bb da_exit_intent=\u00bboff\u00bb da_has_close=\u00bbon\u00bb da_alt_close=\u00bboff\u00bb da_dark_close=\u00bboff\u00bb da_not_modal=\u00bbon\u00bb da_is_singular=\u00bboff\u00bb da_with_loader=\u00bboff\u00bb da_has_shadow=\u00bbon\u00bb da_disable_devices=\u00bboff|off|off\u00bb][\/et_pb_section][et_pb_section fb_built=\u00bb1&#8243; _builder_version=\u00bb4.27.0&#8243; _module_preset=\u00bbdefault\u00bb global_colors_info=\u00bb{}\u00bb da_is_popup=\u00bboff\u00bb da_exit_intent=\u00bboff\u00bb da_has_close=\u00bbon\u00bb da_alt_close=\u00bboff\u00bb da_dark_close=\u00bboff\u00bb da_not_modal=\u00bbon\u00bb da_is_singular=\u00bboff\u00bb da_with_loader=\u00bboff\u00bb da_has_shadow=\u00bbon\u00bb da_disable_devices=\u00bboff|off|off\u00bb][et_pb_row column_structure=\u00bb1_2,1_2&#8243; _builder_version=\u00bb4.27.0&#8243; _module_preset=\u00bbdefault\u00bb global_colors_info=\u00bb{}\u00bb][et_pb_column type=\u00bb1_2&#8243; _builder_version=\u00bb4.27.0&#8243; _module_preset=\u00bbdefault\u00bb global_colors_info=\u00bb{}\u00bb][et_pb_heading title=\u00bbBizBarcelona 2019&#8243; _builder_version=\u00bb4.27.0&#8243; _module_preset=\u00bbdefault\u00bb title_font_size=\u00bb38px\u00bb global_colors_info=\u00bb{}\u00bb][\/et_pb_heading][\/et_pb_column][et_pb_column type=\u00bb1_2&#8243; _builder_version=\u00bb4.27.0&#8243; _module_preset=\u00bbdefault\u00bb global_colors_info=\u00bb{}\u00bb][et_pb_text _builder_version=\u00bb4.27.0&#8243; _module_preset=\u00bbdefault\u00bb text_font_size=\u00bb20px\u00bb global_colors_info=\u00bb{}\u00bb]<\/p>\n<p>M\u00e1s de 350 persones emprendedoras y empresarias asistieron a las actividades que el Centro de <span class=\"hiddenSpellError\" onkeypress=\"MORFOLOGIK_RULE_CA_ES---#---0---#---Possible error ortogr\u00e0fic.---#---Reempla\u00e7a#Reapresa#Reempla\u00e7\u00e0#Reemprada#Reemprara#Reemprar\u00e0#Reemprassen#Reemprasses#Reemprava#Reempres#Reempressen#Reempresses#Reempr\u00e9s#Reempr\u00e9ssem#Reempr\u00e9sseu#Reexpressa#Reexpresse#Reexpress\u00e0#Reimpresa#Reempre sa#Reempres a---#---Reempresa---#---M\u00e9s de 350 persones emprenedores i empres\u00e0ries van assistir a les activitats que el Centre de Reempresa de Catalunya va organitzar en el marc del BizBarcelona 2019 amb l'objectiu d'acostar la transmissi\u00f3 d'empreses en el m\u00f3n emprenedor.---#---43\">Reempresa <\/span> de Catalu\u00f1a organiz\u00f3 en el marco del <span class=\"hiddenSpellError\" onkeypress=\"MORFOLOGIK_RULE_CA_ES---#---0---#---Possible error ortogr\u00e0fic.---#---Barcelona#FC Barcelona---#---BizBarcelona---#---M\u00e9s de 350 persones emprenedores i empres\u00e0ries van assistir a les activitats que el Centre de Reempresa de Catalunya va organitzar en el marc del BizBarcelona 2019 amb l'objectiu d'acostar la transmissi\u00f3 d'empreses en el m\u00f3n emprenedor.---#---43\">BizBarcelona <\/span> 2019 con el objetivo de acercar la transmisi\u00f3n de empresas en el mundo emprendedor. Los asistentes a estas actividades pudieron informarse sobre financiaci\u00f3n, crecimiento empresarial y valoraci\u00f3n de empresas, entre otros.<\/p>\n<p>Adem\u00e1s de las diferentes conferencias, unos treinta negocios participaron en el ya consolidado \u00ab<span class=\"hiddenSpellError\" onkeypress=\"MORFOLOGIK_RULE_CA_ES---#---0---#---Possible error ortogr\u00e0fic.---#---elevador#alabador#alabato#alabatut#elevatori#eleva tor#elevat or---#---elevator---#---A m\u00e9s de les diferents confer\u00e8ncies, una trentena de negocis van participar al ja consolidat \" elevator=\"\" pitch=\"\" d=\"\" empreses=\"\" a=\"\" la=\"\" venda=\"\" i=\"\" l=\"\" espai=\"\" de=\"\" matchings=\"\" un=\"\" on=\"\" les=\"\" persones=\"\" emprenedores=\"\" podien=\"\" entrevistar-se=\"\" amb=\"\" els=\"\" propietaris=\"\" negocis=\"\" diferents=\"\" activitats=\"\" sectors=\"\" que=\"\" per=\"\" motius=\"\" diversos=\"\" no=\"\" poden=\"\" seguir=\"\" al=\"\" capdavant=\"\" empresa=\"\" necessiten=\"\" relleu=\"\" ---=\"\" ---43=\"\">elevator <\/span> <span class=\"hiddenSpellError\" onkeypress=\"MORFOLOGIK_RULE_CA_ES---#---0---#---Possible error ortogr\u00e0fic.---#---fitx#pinx#pitxi---#---pitch---#---A m\u00e9s de les diferents confer\u00e8ncies, una trentena de negocis van participar al ja consolidat \" elevator=\"\" pitch=\"\" d=\"\" empreses=\"\" a=\"\" la=\"\" venda=\"\" i=\"\" l=\"\" espai=\"\" de=\"\" matchings=\"\" un=\"\" on=\"\" les=\"\" persones=\"\" emprenedores=\"\" podien=\"\" entrevistar-se=\"\" amb=\"\" els=\"\" propietaris=\"\" negocis=\"\" diferents=\"\" activitats=\"\" sectors=\"\" que=\"\" per=\"\" motius=\"\" diversos=\"\" no=\"\" poden=\"\" seguir=\"\" al=\"\" capdavant=\"\" empresa=\"\" necessiten=\"\" relleu=\"\" ---=\"\" ---43=\"\">pitch<\/span>\u00bb de empresas a la venta y en el \u00abespacio de <span class=\"hiddenSpellError\" onkeypress=\"MORFOLOGIK_RULE_CA_ES---#---0---#---Possible error ortogr\u00e0fic.---#---matxines---#---matchings---#---A m\u00e9s de les diferents confer\u00e8ncies, una trentena de negocis van participar al ja consolidat \" elevator=\"\" pitch=\"\" d=\"\" empreses=\"\" a=\"\" la=\"\" venda=\"\" i=\"\" l=\"\" espai=\"\" de=\"\" matchings=\"\" un=\"\" on=\"\" les=\"\" persones=\"\" emprenedores=\"\" podien=\"\" entrevistar-se=\"\" amb=\"\" els=\"\" propietaris=\"\" negocis=\"\" diferents=\"\" activitats=\"\" sectors=\"\" que=\"\" per=\"\" motius=\"\" diversos=\"\" no=\"\" poden=\"\" seguir=\"\" al=\"\" capdavant=\"\" empresa=\"\" necessiten=\"\" relleu=\"\" ---=\"\" ---43=\"\">matchings<\/span>\u00ab, un espacio donde las personas emprendedoras pod\u00edan entrevistarse con los propietarios de negocios de diferentes actividades y sectores que, por motivos diversos, no pueden seguir al frente de la empresa y necesitan un relevo. En total, un centenar de encuentros tuvieron lugar durante las cuatro horas que dur\u00f3 la actividad que tuvo lugar en el espacio de networking <span style=\"color: #000000; font-family: Open Sans, Helvetica, Arial, sans-serif;\"> <\/span>del sal\u00f3n.<\/p>\n<p>M\u00e1s de 2.300 empresas salvaguardadas desde el 2011<\/p>\n<p>El director del Centro de <span class=\"hiddenSpellError\" onkeypress=\"MORFOLOGIK_RULE_CA_ES---#---0---#---Possible error ortogr\u00e0fic.---#---Reempla\u00e7a#Reapresa#Reempla\u00e7\u00e0#Reemprada#Reemprara#Reemprar\u00e0#Reemprassen#Reemprasses#Reemprava#Reempres#Reempressen#Reempresses#Reempr\u00e9s#Reempr\u00e9ssem#Reempr\u00e9sseu#Reexpressa#Reexpresse#Reexpress\u00e0#Reimpresa#Reempre sa#Reempres a---#---Reempresa---#---El director del Centre de Reempresa de Catalunya, Albert Colomer, va aprofitar la trobada entre el personal t\u00e8cnic i les diferents entitats col\u00b7laboradores del servei que t\u00e9 lloc anualment durant la celebraci\u00f3 del BizBarcelona per anunciar l'assoliment de m\u00e9s de 2.300 reempreses d'\u00e8xit des del 2011 que han evitat la p\u00e8rdua de m\u00e9s de 6.200 llocs de treball i que han generat una inversi\u00f3 indu\u00efda de m\u00e9s de 105MEUR.---#---43\">Reempresa <\/span> de Catalu\u00f1a, Albert Colomer, aprovech\u00f3 el encuentro entre el personal t\u00e9cnico y las diferentes entidades colaboradoras del servicio que tiene lugar anualmente durante la celebraci\u00f3n del <span class=\"hiddenSpellError\" onkeypress=\"MORFOLOGIK_RULE_CA_ES---#---0---#---Possible error ortogr\u00e0fic.---#---Barcelona#FC Barcelona---#---BizBarcelona---#---El director del Centre de Reempresa de Catalunya, Albert Colomer, va aprofitar la trobada entre el personal t\u00e8cnic i les diferents entitats col\u00b7laboradores del servei que t\u00e9 lloc anualment durant la celebraci\u00f3 del BizBarcelona per anunciar l'assoliment de m\u00e9s de 2.300 reempreses d'\u00e8xit des del 2011 que han evitat la p\u00e8rdua de m\u00e9s de 6.200 llocs de treball i que han generat una inversi\u00f3 indu\u00efda de m\u00e9s de 105MEUR.---#---43\">BizBarcelona <\/span> para anunciar el logro de m\u00e1s de 2.300 <span class=\"hiddenSpellError\" onkeypress=\"MORFOLOGIK_RULE_CA_ES---#---0---#---Possible error ortogr\u00e0fic.---#---reemprasses#reempresses#reapreses#reemprades#reemprares#reemprassen#reemprassis#reempraves#reempressen#reempressis#reempr\u00e9ssem#reempr\u00e9sseu#reexpresses#reexpress\u00e9s#reimpreses#reempre ses#reempres es---#---reempreses---#---El director del Centre de Reempresa de Catalunya, Albert Colomer, va aprofitar la trobada entre el personal t\u00e8cnic i les diferents entitats col\u00b7laboradores del servei que t\u00e9 lloc anualment durant la celebraci\u00f3 del BizBarcelona per anunciar l'assoliment de m\u00e9s de 2.300 reempreses d'\u00e8xit des del 2011 que han evitat la p\u00e8rdua de m\u00e9s de 6.200 llocs de treball i que han generat una inversi\u00f3 indu\u00efda de m\u00e9s de 105MEUR.---#---43\">reempresas <\/span> de \u00e9xito desde el 2011 que han evitado la p\u00e9rdida de m\u00e1s de 6.200 puestos de trabajo y que han generado una inversi\u00f3n inducida de m\u00e1s de 105MEUR.<\/p>\n<p>Por otro lado, Antoni <span class=\"hiddenSpellError\" onkeypress=\"MORFOLOGIK_RULE_CA_ES---#---0---#---Possible error ortogr\u00e0fic.---#---Abat#Abel#Aval#\u00c0vid#Avar#Avet#Aver#Bad#Aba#Abada#Arad#Ava#Abec#Avid#Ved#\u00c0bac#\u00c0var#A bad#ABAP---#---Abad---#---Per altra banda, Antoni Abad, president de la patronal Cecot i del Centre de Reempresa de Catalunya va voler agrair la tasca dels m\u00e9s de 150 t\u00e8cnics i t\u00e8cniques i al conjunt d'entitats col\u00b7laboradores que fan possible ser presents a m\u00e9s de 80 punts d'atenci\u00f3 arreu de Catalunya.---#---43\">Abad<\/span>, presidente de la patronal Cecot y del Centro de <span class=\"hiddenSpellError\" onkeypress=\"MORFOLOGIK_RULE_CA_ES---#---0---#---Possible error ortogr\u00e0fic.---#---Reempla\u00e7a#Reapresa#Reempla\u00e7\u00e0#Reemprada#Reemprara#Reemprar\u00e0#Reemprassen#Reemprasses#Reemprava#Reempres#Reempressen#Reempresses#Reempr\u00e9s#Reempr\u00e9ssem#Reempr\u00e9sseu#Reexpressa#Reexpresse#Reexpress\u00e0#Reimpresa#Reempre sa#Reempres a---#---Reempresa---#---Per altra banda, Antoni Abad, president de la patronal Cecot i del Centre de Reempresa de Catalunya va voler agrair la tasca dels m\u00e9s de 150 t\u00e8cnics i t\u00e8cniques i al conjunt d'entitats col\u00b7laboradores que fan possible ser presents a m\u00e9s de 80 punts d'atenci\u00f3 arreu de Catalunya.---#---43\">Reempresa <\/span> de Catalu\u00f1a quiso agradecer la tarea de los m\u00e1s de 150 t\u00e9cnicos y t\u00e9cnicas y al conjunto de entidades colaboradoras que hacen posible ser presentes adem\u00e1s de 80 puntos de atenci\u00f3n en todo Catalu\u00f1a. Por <span class=\"hiddenSpellError\" onkeypress=\"MORFOLOGIK_RULE_CA_ES---#---0---#---Possible error ortogr\u00e0fic.---#---Abat#Abel#Aval#\u00c0vid#Avar#Avet#Aver#Bad#Aba#Abada#Arad#Ava#Abec#Avid#Ved#\u00c0bac#\u00c0var#A bad#ABAP---#---Abad---#---Per Abad, \" nom=\"\" s=\"\" amb=\"\" el=\"\" comprom=\"\" de=\"\" cadascuna=\"\" les=\"\" entitats=\"\" i=\"\" institucions=\"\" que=\"\" col=\"\" laboren=\"\" nosaltres=\"\" la=\"\" tasca=\"\" tots=\"\" els=\"\" t=\"\" cnics=\"\" cniques=\"\" del=\"\" servei=\"\" hem=\"\" pogut=\"\" assolir=\"\" aquesta=\"\" fita=\"\" com=\"\" a=\"\" entitat=\"\" impulsora=\"\" reempresa=\"\" ens=\"\" genera=\"\" molt=\"\" d=\"\" orgull=\"\" ---=\"\" ---43=\"\">Abad<\/span>, \u00absolo con el compromiso de cada una de las entidades e instituciones que colaboran con nosotros y de la tarea de todos los t\u00e9cnicos y t\u00e9cnicas del servicio hemos podido lograr este hito que como entidad impulsora de <span class=\"hiddenSpellError\" onkeypress=\"MORFOLOGIK_RULE_CA_ES---#---0---#---Possible error ortogr\u00e0fic.---#---Reempla\u00e7a#Reapresa#Reempla\u00e7\u00e0#Reemprada#Reemprara#Reemprar\u00e0#Reemprassen#Reemprasses#Reemprava#Reempres#Reempressen#Reempresses#Reempr\u00e9s#Reempr\u00e9ssem#Reempr\u00e9sseu#Reexpressa#Reexpresse#Reexpress\u00e0#Reimpresa#Reempre sa#Reempres a---#---Reempresa---#---Per Abad, \" nom=\"\" s=\"\" amb=\"\" el=\"\" comprom=\"\" de=\"\" cadascuna=\"\" les=\"\" entitats=\"\" i=\"\" institucions=\"\" que=\"\" col=\"\" laboren=\"\" nosaltres=\"\" la=\"\" tasca=\"\" tots=\"\" els=\"\" t=\"\" cnics=\"\" cniques=\"\" del=\"\" servei=\"\" hem=\"\" pogut=\"\" assolir=\"\" aquesta=\"\" fita=\"\" com=\"\" a=\"\" entitat=\"\" impulsora=\"\" reempresa=\"\" ens=\"\" genera=\"\" molt=\"\" d=\"\" orgull=\"\" ---=\"\" ---43=\"\">Reempresa <\/span> nos genera mucho de orgullo\u00bb.<\/p>\n<p>Actualmente, <span class=\"hiddenSpellError\" onkeypress=\"MORFOLOGIK_RULE_CA_ES---#---0---#---Possible error ortogr\u00e0fic.---#---Reempla\u00e7a#Reapresa#Reempla\u00e7\u00e0#Reemprada#Reemprara#Reemprar\u00e0#Reemprassen#Reemprasses#Reemprava#Reempres#Reempressen#Reempresses#Reempr\u00e9s#Reempr\u00e9ssem#Reempr\u00e9sseu#Reexpressa#Reexpresse#Reexpress\u00e0#Reimpresa#Reempre sa#Reempres a---#---Reempresa---#---Actualment Reempresa compta amb el suport i col\u00b7laboraci\u00f3 del Departament d'Economia i Hisenda, del Fons Europeu de Desenvolupament Regional (FEDER), de la Diputaci\u00f3 de Barcelona, Girona i Tarragona, GLOBALleida, Barcelona Activa o el Servei d'Ocupaci\u00f3 de la Generalitat de Catalunya, entre moltes altres.---#---43\">Reempresa <\/span> cuenta con el apoyo y colaboraci\u00f3n del Departamento de Econom\u00eda y Hacienda, del Fondo Europeo de Desarrollo Regional (FEDER), de la Diputaci\u00f3n de Barcelona, Girona y Tarragona, <span class=\"hiddenSpellError\" onkeypress=\"MORFOLOGIK_RULE_CA_ES---#---0---#---Possible error ortogr\u00e0fic.---#---Globulicida#Godallada#Plomallada---#---GLOBALleida---#---Actualment Reempresa compta amb el suport i col\u00b7laboraci\u00f3 del Departament d'Economia i Hisenda, del Fons Europeu de Desenvolupament Regional (FEDER), de la Diputaci\u00f3 de Barcelona, Girona i Tarragona, GLOBALleida, Barcelona Activa o el Servei d'Ocupaci\u00f3 de la Generalitat de Catalunya, entre moltes altres.---#---43\">GLOBALleida<\/span>, Barcelona Activa o el Servicio de Ocupaci\u00f3n de la Generalitat de Catalu\u00f1a, entre otras muchas.<\/p>\n<p>Los participantes tambi\u00e9n pudieron recibir asesoramiento sobre financiaci\u00f3n de la mano de gestores de negocio de CaixaBank, partner<span style=\"color: #000000; font-family: Open Sans, Helvetica, Arial, sans-serif;\"> <\/span>financiero de <span class=\"hiddenSpellError\" onkeypress=\"MORFOLOGIK_RULE_CA_ES---#---0---#---Possible error ortogr\u00e0fic.---#---Reempla\u00e7a#Reapresa#Reempla\u00e7\u00e0#Reemprada#Reemprara#Reemprar\u00e0#Reemprassen#Reemprasses#Reemprava#Reempres#Reempressen#Reempresses#Reempr\u00e9s#Reempr\u00e9ssem#Reempr\u00e9sseu#Reexpressa#Reexpresse#Reexpress\u00e0#Reimpresa#Reempre sa#Reempres a---#---Reempresa---#---Els participants tamb\u00e9 van poder rebre assessorament sobre finan\u00e7ament de la m\u00e0 de gestors de negoci de CaixaBank, partner financer de Reempresa, i van poder con\u00e8ixer el servei que Reempresa, juntament amb la Diputaci\u00f3 de Barcelona, ofereix als mercats municipals de la demarcaci\u00f3 de Barcelona.---#---43\">Reempresa<\/span>, y pudieron conocer el servicio que <span class=\"hiddenSpellError\" onkeypress=\"MORFOLOGIK_RULE_CA_ES---#---0---#---Possible error ortogr\u00e0fic.---#---Reempla\u00e7a#Reapresa#Reempla\u00e7\u00e0#Reemprada#Reemprara#Reemprar\u00e0#Reemprassen#Reemprasses#Reemprava#Reempres#Reempressen#Reempresses#Reempr\u00e9s#Reempr\u00e9ssem#Reempr\u00e9sseu#Reexpressa#Reexpresse#Reexpress\u00e0#Reimpresa#Reempre sa#Reempres a---#---Reempresa---#---Els participants tamb\u00e9 van poder rebre assessorament sobre finan\u00e7ament de la m\u00e0 de gestors de negoci de CaixaBank, partner financer de Reempresa, i van poder con\u00e8ixer el servei que Reempresa, juntament amb la Diputaci\u00f3 de Barcelona, ofereix als mercats municipals de la demarcaci\u00f3 de Barcelona.---#---43\">Reempresa<\/span>, junto con la Diputaci\u00f3n de Barcelona, ofrece a los mercados municipales de la demarcaci\u00f3n de Barcelona.<\/p>\n<p>[\/et_pb_text][et_pb_button button_url=\u00bbhttps:\/\/www.flickr.com\/photos\/patronalcecot\/albums\/72157709136203833&#8243; url_new_window=\u00bbon\u00bb button_text=\u00bbGaleria BizBarcelona 2019&#8243; _builder_version=\u00bb4.27.0&#8243; _module_preset=\u00bbdefault\u00bb custom_button=\u00bbon\u00bb button_text_size=\u00bb20px\u00bb button_text_color=\u00bb#FFFFFF\u00bb button_bg_color=\u00bb#000000&#8243; button_border_width=\u00bb0px\u00bb button_border_radius=\u00bb5px\u00bb button_icon=\u00bb&#x24;||divi||400&#8243; global_colors_info=\u00bb{}\u00bb][\/et_pb_button][\/et_pb_column][\/et_pb_row][\/et_pb_section]<\/p>\n","protected":false},"excerpt":{"rendered":"<p>M\u00e1s de 350 persones emprendedoras y empresarias asistieron a las actividades que el Centro de Reempresa de Catalu\u00f1a organiz\u00f3 en el marco del BizBarcelona 2019 con el objetivo de acercar la transmisi\u00f3n de empresas en el mundo emprendedor. Los asistentes a estas actividades pudieron informarse sobre financiaci\u00f3n, crecimiento empresarial y valoraci\u00f3n de empresas, entre otros. [&hellip;]<\/p>\n","protected":false},"author":2,"featured_media":0,"parent":18110,"menu_order":0,"comment_status":"closed","ping_status":"closed","template":"","meta":{"_et_pb_use_builder":"on","_et_pb_old_content":"","_et_gb_content_width":"","footnotes":""},"categoria":[],"actualitat":[],"class_list":["post-18484","page","type-page","status-publish","hentry"],"_links":{"self":[{"href":"https:\/\/reempresa.org\/es\/wp-json\/wp\/v2\/pages\/18484","targetHints":{"allow":["GET"]}}],"collection":[{"href":"https:\/\/reempresa.org\/es\/wp-json\/wp\/v2\/pages"}],"about":[{"href":"https:\/\/reempresa.org\/es\/wp-json\/wp\/v2\/types\/page"}],"author":[{"embeddable":true,"href":"https:\/\/reempresa.org\/es\/wp-json\/wp\/v2\/users\/2"}],"replies":[{"embeddable":true,"href":"https:\/\/reempresa.org\/es\/wp-json\/wp\/v2\/comments?post=18484"}],"version-history":[{"count":3,"href":"https:\/\/reempresa.org\/es\/wp-json\/wp\/v2\/pages\/18484\/revisions"}],"predecessor-version":[{"id":19358,"href":"https:\/\/reempresa.org\/es\/wp-json\/wp\/v2\/pages\/18484\/revisions\/19358"}],"up":[{"embeddable":true,"href":"https:\/\/reempresa.org\/es\/wp-json\/wp\/v2\/pages\/18110"}],"wp:attachment":[{"href":"https:\/\/reempresa.org\/es\/wp-json\/wp\/v2\/media?parent=18484"}],"wp:term":[{"taxonomy":"categoria","embeddable":true,"href":"https:\/\/reempresa.org\/es\/wp-json\/wp\/v2\/categoria?post=18484"},{"taxonomy":"actualitat","embeddable":true,"href":"https:\/\/reempresa.org\/es\/wp-json\/wp\/v2\/actualitat?post=18484"}],"curies":[{"name":"wp","href":"https:\/\/api.w.org\/{rel}","templated":true}]}}