{"id":18452,"date":"2024-10-17T11:20:20","date_gmt":"2024-10-17T11:20:20","guid":{"rendered":"https:\/\/reempresa.org\/reempresa\/bizbarcelona\/bizbarcelona-2020\/"},"modified":"2025-05-27T11:07:43","modified_gmt":"2025-05-27T11:07:43","slug":"bizbarcelona-2020","status":"publish","type":"page","link":"https:\/\/reempresa.org\/es\/reempresa\/bizbarcelona\/bizbarcelona-2020\/","title":{"rendered":"BizBarcelona 2020"},"content":{"rendered":"<p>[et_pb_section fb_built=\u00bb1&#8243; _builder_version=\u00bb4.27.0&#8243; _module_preset=\u00bbdefault\u00bb background_image=\u00bbhttps:\/\/provareempresa.org\/wp-content\/uploads\/2024\/10\/BizBarcelona-2020-scaled.jpg\u00bb custom_padding=\u00bb200px||200px||false|false\u00bb da_disable_devices=\u00bboff|off|off\u00bb global_colors_info=\u00bb{}\u00bb da_is_popup=\u00bboff\u00bb da_exit_intent=\u00bboff\u00bb da_has_close=\u00bbon\u00bb da_alt_close=\u00bboff\u00bb da_dark_close=\u00bboff\u00bb da_not_modal=\u00bbon\u00bb da_is_singular=\u00bboff\u00bb da_with_loader=\u00bboff\u00bb da_has_shadow=\u00bbon\u00bb][\/et_pb_section][et_pb_section fb_built=\u00bb1&#8243; _builder_version=\u00bb4.27.0&#8243; _module_preset=\u00bbdefault\u00bb da_disable_devices=\u00bboff|off|off\u00bb global_colors_info=\u00bb{}\u00bb da_is_popup=\u00bboff\u00bb da_exit_intent=\u00bboff\u00bb da_has_close=\u00bbon\u00bb da_alt_close=\u00bboff\u00bb da_dark_close=\u00bboff\u00bb da_not_modal=\u00bbon\u00bb da_is_singular=\u00bboff\u00bb da_with_loader=\u00bboff\u00bb da_has_shadow=\u00bbon\u00bb][et_pb_row column_structure=\u00bb1_2,1_2&#8243; _builder_version=\u00bb4.27.0&#8243; _module_preset=\u00bbdefault\u00bb global_colors_info=\u00bb{}\u00bb][et_pb_column type=\u00bb1_2&#8243; _builder_version=\u00bb4.27.0&#8243; _module_preset=\u00bbdefault\u00bb global_colors_info=\u00bb{}\u00bb][et_pb_heading title=\u00bbBizBarcelona 2020&#8243; _builder_version=\u00bb4.27.0&#8243; _module_preset=\u00bbdefault\u00bb title_font_size=\u00bb38px\u00bb global_colors_info=\u00bb{}\u00bb][\/et_pb_heading][\/et_pb_column][et_pb_column type=\u00bb1_2&#8243; _builder_version=\u00bb4.27.0&#8243; _module_preset=\u00bbdefault\u00bb global_colors_info=\u00bb{}\u00bb][et_pb_text _builder_version=\u00bb4.27.0&#8243; _module_preset=\u00bbdefault\u00bb text_font_size=\u00bb20px\u00bb hover_enabled=\u00bb0&#8243; global_colors_info=\u00bb{}\u00bb sticky_enabled=\u00bb0&#8243;]<\/p>\n<p><span>El Centro de <\/span><span class=\"hiddenSpellError\" onkeypress=\"MORFOLOGIK_RULE_CA_ES---#---0---#---Possible error ortogr\u00e0fic.---#---Reempla\u00e7a#Reapresa#Reempla\u00e7\u00e0#Reemprada#Reemprara#Reemprar\u00e0#Reemprassen#Reemprasses#Reemprava#Reempres#Reempressen#Reempresses#Reempr\u00e9s#Reempr\u00e9ssem#Reempr\u00e9sseu#Reexpressa#Reexpresse#Reexpress\u00e0#Reimpresa#Reempre sa#Reempres a---#---Reempresa---#---El Centre de Reempresa de Catalunya va participar, els dies 21, 22, i 23 de setembre, al BizBarcelona, el sal\u00f3 de l'emprenedoria i l'empresa de Barcelona.---#---13\">Reempresa<\/span><span> de Catalu\u00f1a particip\u00f3, los d\u00edas 21, 22, y 23 de setiembre, en el <\/span><span class=\"hiddenSpellError\" onkeypress=\"MORFOLOGIK_RULE_CA_ES---#---0---#---Possible error ortogr\u00e0fic.---#---Barcelona#FC Barcelona---#---BizBarcelona---#---El Centre de Reempresa de Catalunya va participar, els dies 21, 22, i 23 de setembre, al BizBarcelona, el sal\u00f3 de l'emprenedoria i l'empresa de Barcelona.---#---43\">BizBarcelona<\/span><span>, el sal\u00f3n del emprendimiento y la empresa de Barcelona. Despu\u00e9s de la dif\u00edcil situaci\u00f3n econ\u00f3mica generada por la crisis de la COVID-19 el <\/span><span class=\"hiddenSpellError\" onkeypress=\"MORFOLOGIK_RULE_CA_ES---#---0---#---Possible error ortogr\u00e0fic.---#---Barcelona#FC Barcelona---#---BizBarcelona---#---Despr\u00e9s de la dif\u00edcil situaci\u00f3 econ\u00f2mica generada per la crisi de la COVID-19 el BizBarcelona va doblar els esfor\u00e7os amb l'objectiu de donar suport a la reactivaci\u00f3 dels negocis, l'impuls de l'emprenedoria i la creaci\u00f3 d'oportunitats de treball per al talent local.---#---43\">BizBarcelona<\/span><span> dobl\u00f3 los esfuerzos con el objetivo de apoyar a la reactivaci\u00f3n de los negocios, el impulso del emprendimiento y la creaci\u00f3n de oportunidades de trabajo para el talento local.<\/span><\/p>\n<p><span>As\u00ed pues, la sala de Creixement del <\/span><span class=\"hiddenSpellError\" onkeypress=\"MORFOLOGIK_RULE_CA_ES---#---0---#---Possible error ortogr\u00e0fic.---#---Barcelona#FC Barcelona---#---BizBarcelona---#---Aix\u00ed doncs, la sala de Creixement del BizBarcelona va acollir diverses xerrades organitzades per Reempresa sobre cerca de finan\u00e7ament, valoraci\u00f3 d'empreses o sobre les facilitats de comprar una empresa i no haver-la de crear des de zero.---#---43\">BizBarcelona<\/span><span> acogi\u00f3 varias charlas organizadas por <\/span><span class=\"hiddenSpellError\" onkeypress=\"MORFOLOGIK_RULE_CA_ES---#---0---#---Possible error ortogr\u00e0fic.---#---Reempla\u00e7a#Reapresa#Reempla\u00e7\u00e0#Reemprada#Reemprara#Reemprar\u00e0#Reemprassen#Reemprasses#Reemprava#Reempres#Reempressen#Reempresses#Reempr\u00e9s#Reempr\u00e9ssem#Reempr\u00e9sseu#Reexpressa#Reexpresse#Reexpress\u00e0#Reimpresa#Reempre sa#Reempres a---#---Reempresa---#---Aix\u00ed doncs, la sala de Creixement del BizBarcelona va acollir diverses xerrades organitzades per Reempresa sobre cerca de finan\u00e7ament, valoraci\u00f3 d'empreses o sobre les facilitats de comprar una empresa i no haver-la de crear des de zero.---#---43\">Reempresa<\/span><span> sobre b\u00fasqueda de financiaci\u00f3n, valoraci\u00f3n de empresas o sobre las facilidades de comprar una empresa y no tenerla que crear desde cero. El objetivo de estas actividades era acercar la compraventa de negocios a los emprendedores y emprendedoras como una opci\u00f3n viable para emprender. <\/span><\/p>\n<p><span>Adem\u00e1s de las diferentes conferencias, una selecci\u00f3n de unos veinte negocios participaron al <\/span><span>\u00abEspacio de <\/span><span class=\"hiddenSpellError\" onkeypress=\"MORFOLOGIK_RULE_CA_ES---#---0---#---Possible error ortogr\u00e0fic.---#---Matxines---#---Matchings---#---A m\u00e9s de les diferents confer\u00e8ncies, una selecci\u00f3 d'una vintena de negocis van participar a l'\" espai=\"\" de=\"\" matchings=\"\" on=\"\" les=\"\" persones=\"\" emprenedores=\"\" que=\"\" ho=\"\" han=\"\" desitjat=\"\" van=\"\" poder=\"\" entrevistar-se=\"\" amb=\"\" els=\"\" propietaris=\"\" ries=\"\" negocis=\"\" diferents=\"\" activitats=\"\" i=\"\" sectors=\"\" per=\"\" motius=\"\" diversos=\"\" no=\"\" poden=\"\" seguir=\"\" al=\"\" cap=\"\" davant=\"\" l=\"\" empresa=\"\" necessiten=\"\" un=\"\" relleu=\"\" ---=\"\" ---43=\"\">Matchings<\/span><span>\u00bb donde las personas emprendedoras que lo han deseado pudieron entrevistarse con los propietarios\/arias de negocios de diferentes actividades y sectores que, por motivos diversos, no pueden seguir <\/span><span class=\"hiddenGrammarError\" onkeypress=\"CAP_DAMUNT---#---1---#---\u00bfVol\u00edeu dir \u00abcapdavant\u00bb?---#---capdavant---#---cap davant---#---A m\u00e9s de les diferents confer\u00e8ncies, una selecci\u00f3 d'una vintena de negocis van participar a l'\" espai=\"\" de=\"\" matchings=\"\" on=\"\" les=\"\" persones=\"\" emprenedores=\"\" que=\"\" ho=\"\" han=\"\" desitjat=\"\" van=\"\" poder=\"\" entrevistar-se=\"\" amb=\"\" els=\"\" propietaris=\"\" ries=\"\" negocis=\"\" diferents=\"\" activitats=\"\" i=\"\" sectors=\"\" per=\"\" motius=\"\" diversos=\"\" no=\"\" poden=\"\" seguir=\"\" al=\"\" cap=\"\" davant=\"\" l=\"\" empresa=\"\" necessiten=\"\" un=\"\" relleu=\"\" ---=\"\" ---43=\"\">hacia delante<\/span><span> de la empresa y necesitan un relevo. A la actividad, de <\/span><span>car\u00e1cter <\/span><span>presencial y online<\/span><span> participaron una <\/span><span>cuarantena<\/span><span> de personas empresarias y <\/span><span class=\"hiddenGrammarError\" onkeypress=\"REEMPRENDRE---#---3---#---Cal usar el v. \u2018reprendre\u2019.---#---reprenedores---#---reemprenedores---#---A l'activitat, de car\u00e1cter presencial i online hi van participar una quarentena de persones empres\u00e0ries i reemprenedores.---#---43\">reemprendedores<\/span><span>.<\/span><\/p>\n<p><span> Entre las empresas que participaron destacan un e-commerce<\/span><span> de alimentaci\u00f3n saludable, una administraci\u00f3n de fincas, una <\/span><span class=\"hiddenSpellError\" onkeypress=\"MORFOLOGIK_RULE_CA_ES---#---0---#---Possible error ortogr\u00e0fic.---#---impremta#impremte#impremt\u00e0---#---imprempta---#---Entre les empreses que hi van participar hi destaquen una e-commerce d'alimentaci\u00f3 saludable, una administraci\u00f3 de finques, una imprempta d'arts gr\u00e0fiques, una escola d'idiomes o una empresa de m\u00e0rqueting digital, entre moltes altres.---#---43\">imprenta<\/span><span> de artes gr\u00e1ficas, una escuela de idiomas o una empresa de marketing digital, entre otras muchas.<\/span><\/p>\n<p>[\/et_pb_text][et_pb_button button_url=\u00bbhttps:\/\/www.flickr.com\/photos\/patronalcecot\/albums\/72157716215824253&#8243; url_new_window=\u00bbon\u00bb button_text=\u00bbGaleria BizBarcelona 2020&#8243; _builder_version=\u00bb4.27.0&#8243; _module_preset=\u00bbdefault\u00bb custom_button=\u00bbon\u00bb button_text_size=\u00bb20px\u00bb button_text_color=\u00bb#FFFFFF\u00bb button_bg_color=\u00bb#000000&#8243; button_border_width=\u00bb0px\u00bb button_border_radius=\u00bb5px\u00bb button_icon=\u00bb&#x24;||divi||400&#8243; global_colors_info=\u00bb{}\u00bb][\/et_pb_button][\/et_pb_column][\/et_pb_row][\/et_pb_section]<\/p>\n","protected":false},"excerpt":{"rendered":"<p>El Centro de Reempresa de Catalu\u00f1a particip\u00f3, los d\u00edas 21, 22, y 23 de setiembre, en el BizBarcelona, el sal\u00f3n del emprendimiento y la empresa de Barcelona. Despu\u00e9s de la dif\u00edcil situaci\u00f3n econ\u00f3mica generada por la crisis de la COVID-19 el BizBarcelona dobl\u00f3 los esfuerzos con el objetivo de apoyar a la reactivaci\u00f3n de los [&hellip;]<\/p>\n","protected":false},"author":2,"featured_media":0,"parent":18110,"menu_order":0,"comment_status":"closed","ping_status":"closed","template":"","meta":{"_et_pb_use_builder":"on","_et_pb_old_content":"","_et_gb_content_width":"","footnotes":""},"categoria":[],"actualitat":[],"class_list":["post-18452","page","type-page","status-publish","hentry"],"_links":{"self":[{"href":"https:\/\/reempresa.org\/es\/wp-json\/wp\/v2\/pages\/18452","targetHints":{"allow":["GET"]}}],"collection":[{"href":"https:\/\/reempresa.org\/es\/wp-json\/wp\/v2\/pages"}],"about":[{"href":"https:\/\/reempresa.org\/es\/wp-json\/wp\/v2\/types\/page"}],"author":[{"embeddable":true,"href":"https:\/\/reempresa.org\/es\/wp-json\/wp\/v2\/users\/2"}],"replies":[{"embeddable":true,"href":"https:\/\/reempresa.org\/es\/wp-json\/wp\/v2\/comments?post=18452"}],"version-history":[{"count":4,"href":"https:\/\/reempresa.org\/es\/wp-json\/wp\/v2\/pages\/18452\/revisions"}],"predecessor-version":[{"id":19355,"href":"https:\/\/reempresa.org\/es\/wp-json\/wp\/v2\/pages\/18452\/revisions\/19355"}],"up":[{"embeddable":true,"href":"https:\/\/reempresa.org\/es\/wp-json\/wp\/v2\/pages\/18110"}],"wp:attachment":[{"href":"https:\/\/reempresa.org\/es\/wp-json\/wp\/v2\/media?parent=18452"}],"wp:term":[{"taxonomy":"categoria","embeddable":true,"href":"https:\/\/reempresa.org\/es\/wp-json\/wp\/v2\/categoria?post=18452"},{"taxonomy":"actualitat","embeddable":true,"href":"https:\/\/reempresa.org\/es\/wp-json\/wp\/v2\/actualitat?post=18452"}],"curies":[{"name":"wp","href":"https:\/\/api.w.org\/{rel}","templated":true}]}}