{"id":18446,"date":"2024-10-17T13:14:33","date_gmt":"2024-10-17T13:14:33","guid":{"rendered":"https:\/\/reempresa.org\/reempresa\/bizbarcelona\/bizbarcelona-2021\/"},"modified":"2025-05-27T11:05:20","modified_gmt":"2025-05-27T11:05:20","slug":"bizbarcelona-2021","status":"publish","type":"page","link":"https:\/\/reempresa.org\/es\/reempresa\/bizbarcelona\/bizbarcelona-2021\/","title":{"rendered":"BizBarcelona 2021"},"content":{"rendered":"<p>[et_pb_section fb_built=\u00bb1&#8243; _builder_version=\u00bb4.27.0&#8243; _module_preset=\u00bbdefault\u00bb background_image=\u00bbhttps:\/\/provareempresa.org\/wp-content\/uploads\/2024\/10\/BizBarcelona-2021.jpg\u00bb custom_padding=\u00bb200px||200px||false|false\u00bb da_disable_devices=\u00bboff|off|off\u00bb global_colors_info=\u00bb{}\u00bb da_is_popup=\u00bboff\u00bb da_exit_intent=\u00bboff\u00bb da_has_close=\u00bbon\u00bb da_alt_close=\u00bboff\u00bb da_dark_close=\u00bboff\u00bb da_not_modal=\u00bbon\u00bb da_is_singular=\u00bboff\u00bb da_with_loader=\u00bboff\u00bb da_has_shadow=\u00bbon\u00bb][\/et_pb_section][et_pb_section fb_built=\u00bb1&#8243; _builder_version=\u00bb4.27.0&#8243; _module_preset=\u00bbdefault\u00bb da_disable_devices=\u00bboff|off|off\u00bb global_colors_info=\u00bb{}\u00bb da_is_popup=\u00bboff\u00bb da_exit_intent=\u00bboff\u00bb da_has_close=\u00bbon\u00bb da_alt_close=\u00bboff\u00bb da_dark_close=\u00bboff\u00bb da_not_modal=\u00bbon\u00bb da_is_singular=\u00bboff\u00bb da_with_loader=\u00bboff\u00bb da_has_shadow=\u00bbon\u00bb][et_pb_row column_structure=\u00bb1_2,1_2&#8243; _builder_version=\u00bb4.27.0&#8243; _module_preset=\u00bbdefault\u00bb global_colors_info=\u00bb{}\u00bb][et_pb_column type=\u00bb1_2&#8243; _builder_version=\u00bb4.27.0&#8243; _module_preset=\u00bbdefault\u00bb global_colors_info=\u00bb{}\u00bb][et_pb_heading title=\u00bbBizBarcelona 2021&#8243; _builder_version=\u00bb4.27.0&#8243; _module_preset=\u00bbdefault\u00bb title_font_size=\u00bb38px\u00bb global_colors_info=\u00bb{}\u00bb][\/et_pb_heading][\/et_pb_column][et_pb_column type=\u00bb1_2&#8243; _builder_version=\u00bb4.27.0&#8243; _module_preset=\u00bbdefault\u00bb global_colors_info=\u00bb{}\u00bb][et_pb_text _builder_version=\u00bb4.27.0&#8243; _module_preset=\u00bbdefault\u00bb text_font_size=\u00bb20px\u00bb hover_enabled=\u00bb0&#8243; global_colors_info=\u00bb{}\u00bb sticky_enabled=\u00bb0&#8243;]<\/p>\n<p><span><strong>Barcelona, 11 de noviembre del 2021.<\/strong> M\u00e1s de 250 personas emprendedoras y empresarias han asistido este martes, mi\u00e9rcoles y jueves a las actividades que el Centro de <\/span><span class=\"hiddenSpellError\" onkeypress=\"MORFOLOGIK_RULE_CA_ES---#---0---#---Possible error ortogr\u00e0fic.---#---Reempla\u00e7a#Reapresa#Reempla\u00e7\u00e0#Reemprada#Reemprara#Reemprar\u00e0#Reemprassen#Reemprasses#Reemprava#Reempres#Reempressen#Reempresses#Reempr\u00e9s#Reempr\u00e9ssem#Reempr\u00e9sseu#Reexpressa#Reexpresse#Reexpress\u00e0#Reimpresa#Reempre sa#Reempres a---#---Reempresa---#---M\u00e9s de 250 persones emprenedores i empres\u00e0ries han assistit aquest dimarts, dimecres i dijous a les activitats que el Centre de Reempresa de Catalunya ha organitzat en el marc del BizBarcelona, el sal\u00f3 de refer\u00e8ncia del m\u00f3n de l'emprenedoria i l'empresa.---#---43\">Reempresa<\/span><span> Catalu\u00f1a ha organizado en el marco del <\/span><span class=\"hiddenSpellError\" onkeypress=\"MORFOLOGIK_RULE_CA_ES---#---0---#---Possible error ortogr\u00e0fic.---#---Barcelona#FC Barcelona---#---BizBarcelona---#---M\u00e9s de 250 persones emprenedores i empres\u00e0ries han assistit aquest dimarts, dimecres i dijous a les activitats que el Centre de Reempresa de Catalunya ha organitzat en el marc del BizBarcelona, el sal\u00f3 de refer\u00e8ncia del m\u00f3n de l'emprenedoria i l'empresa.---#---43\">BizBarcelona<\/span><span>, el sal\u00f3n de referencia del mundo del emprendimiento y la empresa.<\/span><\/p>\n<p><span>El Centro de <\/span><span class=\"hiddenSpellError\" onkeypress=\"MORFOLOGIK_RULE_CA_ES---#---0---#---Possible error ortogr\u00e0fic.---#---Reempla\u00e7a#Reapresa#Reempla\u00e7\u00e0#Reemprada#Reemprara#Reemprar\u00e0#Reemprassen#Reemprasses#Reemprava#Reempres#Reempressen#Reempresses#Reempr\u00e9s#Reempr\u00e9ssem#Reempr\u00e9sseu#Reexpressa#Reexpresse#Reexpress\u00e0#Reimpresa#Reempre sa#Reempres a---#---Reempresa---#---El Centre de Reempresa ha organitzat enguany un total de quatre confer\u00e8ncies per acostar la transmissi\u00f3 empresarial en el m\u00f3n emprenedor, un teambuilding i el ja tradicional \" espai=\"\" de=\"\" matchings=\"\" que=\"\" pret=\"\" n=\"\" posar=\"\" en=\"\" contacte=\"\" amb=\"\" reunions=\"\" 30=\"\" minuts=\"\" a=\"\" persones=\"\" volen=\"\" comprar=\"\" un=\"\" negoci=\"\" busquen=\"\" vendre-se=\"\" l=\"\" ---=\"\" ---43=\"\">Reempresa<\/span><span> ha organizado este a\u00f1o un total de cuatro conferencias para acercar la transmisi\u00f3n empresarial en el mundo emprendedor, un <\/span><span class=\"hiddenSpellError\" onkeypress=\"MORFOLOGIK_RULE_CA_ES---#---0---#---Possible error ortogr\u00e0fic.---#---team building---#---teambuilding---#---El Centre de Reempresa ha organitzat enguany un total de quatre confer\u00e8ncies per acostar la transmissi\u00f3 empresarial en el m\u00f3n emprenedor, un teambuilding i el ja tradicional \" espai=\"\" de=\"\" matchings=\"\" que=\"\" pret=\"\" n=\"\" posar=\"\" en=\"\" contacte=\"\" amb=\"\" reunions=\"\" 30=\"\" minuts=\"\" a=\"\" persones=\"\" volen=\"\" comprar=\"\" un=\"\" negoci=\"\" busquen=\"\" vendre-se=\"\" l=\"\" ---=\"\" ---43=\"\">teambuilding <\/span><span>y el ya tradicional \u00abespacio de <\/span><span class=\"hiddenSpellError\" onkeypress=\"MORFOLOGIK_RULE_CA_ES---#---0---#---Possible error ortogr\u00e0fic.---#---matxines---#---matchings---#---El Centre de Reempresa ha organitzat enguany un total de quatre confer\u00e8ncies per acostar la transmissi\u00f3 empresarial en el m\u00f3n emprenedor, un teambuilding i el ja tradicional \" espai=\"\" de=\"\" matchings=\"\" que=\"\" pret=\"\" n=\"\" posar=\"\" en=\"\" contacte=\"\" amb=\"\" reunions=\"\" 30=\"\" minuts=\"\" a=\"\" persones=\"\" volen=\"\" comprar=\"\" un=\"\" negoci=\"\" busquen=\"\" vendre-se=\"\" l=\"\" ---=\"\" ---43=\"\">matchings<\/span><span>\u00bb que pretende poner en contacto con reuniones de 30 minutos a personas que quieren comprar un negocio con personas que buscan vend\u00e9rselo.<\/span><\/p>\n<p><span class=\"hiddenSpellError\" onkeypress=\"MORFOLOGIK_RULE_CA_ES---#---0---#---Possible error ortogr\u00e0fic.---#---Reempla\u00e7a#Reapresa#Reempla\u00e7\u00e0#Reemprada#Reemprara#Reemprar\u00e0#Reemprassen#Reemprasses#Reemprava#Reempres#Reempressen#Reempresses#Reempr\u00e9s#Reempr\u00e9ssem#Reempr\u00e9sseu#Reexpressa#Reexpresse#Reexpress\u00e0#Reimpresa#Reempre sa#Reempres a---#---Reempresa---#---Reempresa ha organitzat una confer\u00e8ncia sobre mercats de compravenda de negocis, una sobre valoraci\u00f3 d'empreses amb l'objectiu de donar eines a les persones emprenedores perqu\u00e8 puguin aprendre a diferenciar entre el valor i el preu a l'hora d'adquirir una empresa, una confer\u00e8ncia sobre el programa de Recreixement que ha posat en marxa Reempresa i que t\u00e9 per objectiu ajudar a les empreses a fer un pas m\u00e9s a trav\u00e9s de la millora dels seus canals de venda, digitalitzaci\u00f3 o exportaci\u00f3 i una sobre finan\u00e7ament amb el t\u00edtol \" com=\"\" comprar=\"\" una=\"\" empresa=\"\" sense=\"\" tenir=\"\" diners=\"\" que=\"\" ha=\"\" comptat=\"\" amb=\"\" la=\"\" participaci=\"\" del=\"\" president=\"\" de=\"\" cecot=\"\" i=\"\" centre=\"\" reempresa=\"\" catalunya=\"\" antoni=\"\" abad=\"\" director=\"\" desenvolupament=\"\" negoci=\"\" banca=\"\" d=\"\" empreses=\"\" a=\"\" direcci=\"\" territorial=\"\" caixabank=\"\" barcelona=\"\" jos=\"\" manuel=\"\" garc=\"\" trany=\"\" han=\"\" explicat=\"\" les=\"\" diferents=\"\" opcions=\"\" finan=\"\" ament=\"\" ofereix=\"\" el=\"\" programa=\"\" trav=\"\" s=\"\" seu=\"\" partner=\"\" financer=\"\" ---=\"\" ---43=\"\">Reempresa<\/span><span> ha organizado una conferencia sobre mercados de compraventa de negocios, una sobre valoraci\u00f3n de empresas con el objetivo de dar herramientas a las personas emprendedoras para que puedan aprender a diferenciar entre el valor y el precio en la hora de adquirir una empresa, una conferencia sobre el programa de recrecimiento que ha puesto en marcha <\/span><span class=\"hiddenSpellError\" onkeypress=\"MORFOLOGIK_RULE_CA_ES---#---0---#---Possible error ortogr\u00e0fic.---#---Reempla\u00e7a#Reapresa#Reempla\u00e7\u00e0#Reemprada#Reemprara#Reemprar\u00e0#Reemprassen#Reemprasses#Reemprava#Reempres#Reempressen#Reempresses#Reempr\u00e9s#Reempr\u00e9ssem#Reempr\u00e9sseu#Reexpressa#Reexpresse#Reexpress\u00e0#Reimpresa#Reempre sa#Reempres a---#---Reempresa---#---Reempresa ha organitzat una confer\u00e8ncia sobre mercats de compravenda de negocis, una sobre valoraci\u00f3 d'empreses amb l'objectiu de donar eines a les persones emprenedores perqu\u00e8 puguin aprendre a diferenciar entre el valor i el preu a l'hora d'adquirir una empresa, una confer\u00e8ncia sobre el programa de Recreixement que ha posat en marxa Reempresa i que t\u00e9 per objectiu ajudar a les empreses a fer un pas m\u00e9s a trav\u00e9s de la millora dels seus canals de venda, digitalitzaci\u00f3 o exportaci\u00f3 i una sobre finan\u00e7ament amb el t\u00edtol \" com=\"\" comprar=\"\" una=\"\" empresa=\"\" sense=\"\" tenir=\"\" diners=\"\" que=\"\" ha=\"\" comptat=\"\" amb=\"\" la=\"\" participaci=\"\" del=\"\" president=\"\" de=\"\" cecot=\"\" i=\"\" centre=\"\" reempresa=\"\" catalunya=\"\" antoni=\"\" abad=\"\" director=\"\" desenvolupament=\"\" negoci=\"\" banca=\"\" d=\"\" empreses=\"\" a=\"\" direcci=\"\" territorial=\"\" caixabank=\"\" barcelona=\"\" jos=\"\" manuel=\"\" garc=\"\" trany=\"\" han=\"\" explicat=\"\" les=\"\" diferents=\"\" opcions=\"\" finan=\"\" ament=\"\" ofereix=\"\" el=\"\" programa=\"\" trav=\"\" s=\"\" seu=\"\" partner=\"\" financer=\"\" ---=\"\" ---43=\"\">Reempresa<\/span><span> y que tiene por objetivo ayudar las empresas a dar un paso m\u00e1s a trav\u00e9s de la mejora de sus canales de venta, digitalizaci\u00f3n o exportaci\u00f3n y una sobre financiaci\u00f3n con el t\u00edtulo \u00abComo comprar una empresa sin tener dinero\u00bb que ha contado con la participaci\u00f3n del presidente de la Cecot y del Centro de <\/span><span class=\"hiddenSpellError\" onkeypress=\"MORFOLOGIK_RULE_CA_ES---#---0---#---Possible error ortogr\u00e0fic.---#---Reempla\u00e7a#Reapresa#Reempla\u00e7\u00e0#Reemprada#Reemprara#Reemprar\u00e0#Reemprassen#Reemprasses#Reemprava#Reempres#Reempressen#Reempresses#Reempr\u00e9s#Reempr\u00e9ssem#Reempr\u00e9sseu#Reexpressa#Reexpresse#Reexpress\u00e0#Reimpresa#Reempre sa#Reempres a---#---Reempresa---#---Reempresa ha organitzat una confer\u00e8ncia sobre mercats de compravenda de negocis, una sobre valoraci\u00f3 d'empreses amb l'objectiu de donar eines a les persones emprenedores perqu\u00e8 puguin aprendre a diferenciar entre el valor i el preu a l'hora d'adquirir una empresa, una confer\u00e8ncia sobre el programa de Recreixement que ha posat en marxa Reempresa i que t\u00e9 per objectiu ajudar a les empreses a fer un pas m\u00e9s a trav\u00e9s de la millora dels seus canals de venda, digitalitzaci\u00f3 o exportaci\u00f3 i una sobre finan\u00e7ament amb el t\u00edtol \" com=\"\" comprar=\"\" una=\"\" empresa=\"\" sense=\"\" tenir=\"\" diners=\"\" que=\"\" ha=\"\" comptat=\"\" amb=\"\" la=\"\" participaci=\"\" del=\"\" president=\"\" de=\"\" cecot=\"\" i=\"\" centre=\"\" reempresa=\"\" catalunya=\"\" antoni=\"\" abad=\"\" director=\"\" desenvolupament=\"\" negoci=\"\" banca=\"\" d=\"\" empreses=\"\" a=\"\" direcci=\"\" territorial=\"\" caixabank=\"\" barcelona=\"\" jos=\"\" manuel=\"\" garc=\"\" trany=\"\" han=\"\" explicat=\"\" les=\"\" diferents=\"\" opcions=\"\" finan=\"\" ament=\"\" ofereix=\"\" el=\"\" programa=\"\" trav=\"\" s=\"\" seu=\"\" partner=\"\" financer=\"\" ---=\"\" ---43=\"\">Reempresa<\/span><span> de Catalu\u00f1a, Antoni <\/span><span class=\"hiddenSpellError\" onkeypress=\"MORFOLOGIK_RULE_CA_ES---#---0---#---Possible error ortogr\u00e0fic.---#---Abat#Abel#Aval#\u00c0vid#Avar#Avet#Aver#Bad#Aba#Abada#Arad#Ava#Abec#Avid#Ved#\u00c0bac#\u00c0var#A bad#ABAP---#---Abad---#---Reempresa ha organitzat una confer\u00e8ncia sobre mercats de compravenda de negocis, una sobre valoraci\u00f3 d'empreses amb l'objectiu de donar eines a les persones emprenedores perqu\u00e8 puguin aprendre a diferenciar entre el valor i el preu a l'hora d'adquirir una empresa, una confer\u00e8ncia sobre el programa de Recreixement que ha posat en marxa Reempresa i que t\u00e9 per objectiu ajudar a les empreses a fer un pas m\u00e9s a trav\u00e9s de la millora dels seus canals de venda, digitalitzaci\u00f3 o exportaci\u00f3 i una sobre finan\u00e7ament amb el t\u00edtol \" com=\"\" comprar=\"\" una=\"\" empresa=\"\" sense=\"\" tenir=\"\" diners=\"\" que=\"\" ha=\"\" comptat=\"\" amb=\"\" la=\"\" participaci=\"\" del=\"\" president=\"\" de=\"\" cecot=\"\" i=\"\" centre=\"\" reempresa=\"\" catalunya=\"\" antoni=\"\" abad=\"\" director=\"\" desenvolupament=\"\" negoci=\"\" banca=\"\" d=\"\" empreses=\"\" a=\"\" direcci=\"\" territorial=\"\" caixabank=\"\" barcelona=\"\" jos=\"\" manuel=\"\" garc=\"\" trany=\"\" han=\"\" explicat=\"\" les=\"\" diferents=\"\" opcions=\"\" finan=\"\" ament=\"\" ofereix=\"\" el=\"\" programa=\"\" trav=\"\" s=\"\" seu=\"\" partner=\"\" financer=\"\" ---=\"\" ---43=\"\">Abad<\/span><span>, y del director de desarrollo de negocio de Banca de empresas a la direcci\u00f3n territorial de CaixaBank en Barcelona, Jos\u00e9 Manuel Garc\u00eda <\/span><span class=\"hiddenSpellError\" onkeypress=\"MORFOLOGIK_RULE_CA_ES---#---0---#---Possible error ortogr\u00e0fic.---#---Tren#Trens#Trenc#Tirany#Trena#Tany#Areny#Treno#Greny#Reny#Trani#Trent#Breny#Preny#Tranc#Trans#Trene#Treni#Tren\u00e0#Tren\u00ed---#---Trany---#---Reempresa ha organitzat una confer\u00e8ncia sobre mercats de compravenda de negocis, una sobre valoraci\u00f3 d'empreses amb l'objectiu de donar eines a les persones emprenedores perqu\u00e8 puguin aprendre a diferenciar entre el valor i el preu a l'hora d'adquirir una empresa, una confer\u00e8ncia sobre el programa de Recreixement que ha posat en marxa Reempresa i que t\u00e9 per objectiu ajudar a les empreses a fer un pas m\u00e9s a trav\u00e9s de la millora dels seus canals de venda, digitalitzaci\u00f3 o exportaci\u00f3 i una sobre finan\u00e7ament amb el t\u00edtol \" com=\"\" comprar=\"\" una=\"\" empresa=\"\" sense=\"\" tenir=\"\" diners=\"\" que=\"\" ha=\"\" comptat=\"\" amb=\"\" la=\"\" participaci=\"\" del=\"\" president=\"\" de=\"\" cecot=\"\" i=\"\" centre=\"\" reempresa=\"\" catalunya=\"\" antoni=\"\" abad=\"\" director=\"\" desenvolupament=\"\" negoci=\"\" banca=\"\" d=\"\" empreses=\"\" a=\"\" direcci=\"\" territorial=\"\" caixabank=\"\" barcelona=\"\" jos=\"\" manuel=\"\" garc=\"\" trany=\"\" han=\"\" explicat=\"\" les=\"\" diferents=\"\" opcions=\"\" finan=\"\" ament=\"\" ofereix=\"\" el=\"\" programa=\"\" trav=\"\" s=\"\" seu=\"\" partner=\"\" financer=\"\" ---=\"\" ---43=\"\">Trany<\/span><span> que han explicado las diferentes opciones de financiaci\u00f3n que ofrece el programa a trav\u00e9s de CaixaBank, su <\/span><span>partner financer.<\/span><\/p>\n<p><span> Adem\u00e1s de las diferentes conferencias, unos veinte negocios han participado al<\/span><span> ya consolidado \u00ab<\/span><span class=\"hiddenSpellError\" onkeypress=\"MORFOLOGIK_RULE_CA_ES---#---0---#---Possible error ortogr\u00e0fic.---#---elevador#alabador#alabato#alabatut#elevatori#eleva tor#elevat or---#---elevator---#---A m\u00e9s de les diferents confer\u00e8ncies, una vintena de negocis han participat al ja consolidat \" elevator=\"\" pitch=\"\" d=\"\" empreses=\"\" a=\"\" la=\"\" venda=\"\" i=\"\" l=\"\" espai=\"\" de=\"\" matchings=\"\" una=\"\" activitat=\"\" on=\"\" les=\"\" persones=\"\" emprenedores=\"\" poden=\"\" entrevistar-se=\"\" amb=\"\" els=\"\" propietaris=\"\" negocis=\"\" diferents=\"\" activitats=\"\" sectors=\"\" que=\"\" per=\"\" motius=\"\" diversos=\"\" no=\"\" seguir=\"\" al=\"\" capdavant=\"\" empresa=\"\" necessiten=\"\" un=\"\" relleu=\"\" ---=\"\" ---43=\"\">elevator<\/span><span> <\/span><span class=\"hiddenSpellError\" onkeypress=\"MORFOLOGIK_RULE_CA_ES---#---0---#---Possible error ortogr\u00e0fic.---#---fitx#pinx#pitxi---#---pitch---#---A m\u00e9s de les diferents confer\u00e8ncies, una vintena de negocis han participat al ja consolidat \" elevator=\"\" pitch=\"\" d=\"\" empreses=\"\" a=\"\" la=\"\" venda=\"\" i=\"\" l=\"\" espai=\"\" de=\"\" matchings=\"\" una=\"\" activitat=\"\" on=\"\" les=\"\" persones=\"\" emprenedores=\"\" poden=\"\" entrevistar-se=\"\" amb=\"\" els=\"\" propietaris=\"\" negocis=\"\" diferents=\"\" activitats=\"\" sectors=\"\" que=\"\" per=\"\" motius=\"\" diversos=\"\" no=\"\" seguir=\"\" al=\"\" capdavant=\"\" empresa=\"\" necessiten=\"\" un=\"\" relleu=\"\" ---=\"\" ---43=\"\">pitch<\/span><span>\u00bb de empresas en venta y en el espacio de <\/span><span class=\"hiddenSpellError\" onkeypress=\"MORFOLOGIK_RULE_CA_ES---#---0---#---Possible error ortogr\u00e0fic.---#---matxines---#---matchings---#---A m\u00e9s de les diferents confer\u00e8ncies, una vintena de negocis han participat al ja consolidat \" elevator=\"\" pitch=\"\" d=\"\" empreses=\"\" a=\"\" la=\"\" venda=\"\" i=\"\" l=\"\" espai=\"\" de=\"\" matchings=\"\" una=\"\" activitat=\"\" on=\"\" les=\"\" persones=\"\" emprenedores=\"\" poden=\"\" entrevistar-se=\"\" amb=\"\" els=\"\" propietaris=\"\" negocis=\"\" diferents=\"\" activitats=\"\" sectors=\"\" que=\"\" per=\"\" motius=\"\" diversos=\"\" no=\"\" seguir=\"\" al=\"\" capdavant=\"\" empresa=\"\" necessiten=\"\" un=\"\" relleu=\"\" ---=\"\" ---43=\"\">matchings<\/span><span>\u00ab, una actividad donde las personas emprendedoras pueden entrevistarse con los propietarios de negocios de diferentes actividades y sectores que, por motivos diversos, no pueden seguir al frente de la empresa y necesitan un relevo. En total, unos treinta encuentros han tenido lugar durante las cuatro horas que ha durado la actividad que ha tenido lugar hoy en el espacio <\/span><span class=\"hiddenSpellError\" onkeypress=\"MORFOLOGIK_RULE_CA_ES---#---0---#---Possible error ortogr\u00e0fic.---#---Bis#Bit#BIC#Bi\u00e9#Bio---#---Biz---#---En total, una trentena de trobades han tingut lloc durant les quatre hores que ha durat l'activitat que ha tingut lloc avui a l'espai Biz Solutions.---#---43\">Biz<\/span><span> <\/span><span class=\"hiddenSpellError\" onkeypress=\"MORFOLOGIK_RULE_CA_ES---#---0---#---Possible error ortogr\u00e0fic.---#---Solucions#Solutius#Solut ions---#---Solutions---#---En total, una trentena de trobades han tingut lloc durant les quatre hores que ha durat l'activitat que ha tingut lloc avui a l'espai Biz Solutions.---#---43\">Solutions<\/span><span>.<\/span><\/p>\n<p><span>M\u00e1s de 3.300 empresas salvaguardadas desde el 2011<\/span><\/p>\n<p><span class=\"hiddenSpellError\" onkeypress=\"MORFOLOGIK_RULE_CA_ES---#---0---#---Possible error ortogr\u00e0fic.---#---Reempla\u00e7a#Reapresa#Reempla\u00e7\u00e0#Reemprada#Reemprara#Reemprar\u00e0#Reemprassen#Reemprasses#Reemprava#Reempres#Reempressen#Reempresses#Reempr\u00e9s#Reempr\u00e9ssem#Reempr\u00e9sseu#Reexpressa#Reexpresse#Reexpress\u00e0#Reimpresa#Reempre sa#Reempres a---#---Reempresa---#---Reempresa ha arribat al sal\u00f3 BizBarcelona havent evitat el tancament de m\u00e9s de 3.300 negocis catalans des del 2011.---#---43\">Reempresa<\/span><span> ha llegado al sal\u00f3n <\/span><span class=\"hiddenSpellError\" onkeypress=\"MORFOLOGIK_RULE_CA_ES---#---0---#---Possible error ortogr\u00e0fic.---#---Barcelona#FC Barcelona---#---BizBarcelona---#---Reempresa ha arribat al sal\u00f3 BizBarcelona havent evitat el tancament de m\u00e9s de 3.300 negocis catalans des del 2011.---#---43\">BizBarcelona<\/span><span> habiendo evitado el cierre de m\u00e1s de 3.300 negocios catalanes desde el 2011. Estos casos de \u00e9xito han generado una inversi\u00f3n inducida de m\u00e1s de 154M de euros y han permitido salvaguardar m\u00e1s de 9.350 puestos de trabajo en Catalu\u00f1a. <\/span><\/p>\n<p><span>Actualmente <\/span><span class=\"hiddenSpellError\" onkeypress=\"MORFOLOGIK_RULE_CA_ES---#---0---#---Possible error ortogr\u00e0fic.---#---Reempla\u00e7a#Reapresa#Reempla\u00e7\u00e0#Reemprada#Reemprara#Reemprar\u00e0#Reemprassen#Reemprasses#Reemprava#Reempres#Reempressen#Reempresses#Reempr\u00e9s#Reempr\u00e9ssem#Reempr\u00e9sseu#Reexpressa#Reexpresse#Reexpress\u00e0#Reimpresa#Reempre sa#Reempres a---#---Reempresa---#---Actualment Reempresa compta amb el suport del Departament d'Empresa i Treball de la Generalitat de Catalunya, de la Diputaci\u00f3 de Barcelona, Girona, Lleida i Tarragona, de Barcelona Activa i del Servei d'Ocupaci\u00f3 de la Generalitat de Catalunya, entre moltes altres entitats i institucions.---#---43\">Reempresa<\/span><span> cuenta con el apoyo del Departamento de Empresa y Trabajo de la Generalitat de Catalu\u00f1a, de la Diputaci\u00f3n de Barcelona, Girona, Lleida y Tarragona, de Barcelona Activa y del Servicio de Ocupaci\u00f3n de la Generalitat de Catalu\u00f1a, entre otras muchas entidades e instituciones.<\/span><\/p>\n<p>[\/et_pb_text][et_pb_button button_url=\u00bbhttps:\/\/www.flickr.com\/photos\/patronalcecot\/albums\/72177720303735898&#8243; url_new_window=\u00bbon\u00bb button_text=\u00bbGaleria BizBarcelona 2021&#8243; _builder_version=\u00bb4.27.0&#8243; _module_preset=\u00bbdefault\u00bb custom_button=\u00bbon\u00bb button_text_size=\u00bb20px\u00bb button_text_color=\u00bb#FFFFFF\u00bb button_bg_color=\u00bb#000000&#8243; button_border_width=\u00bb0px\u00bb button_border_radius=\u00bb5px\u00bb button_icon=\u00bb&#x24;||divi||400&#8243; global_colors_info=\u00bb{}\u00bb][\/et_pb_button][\/et_pb_column][\/et_pb_row][\/et_pb_section]<\/p>\n","protected":false},"excerpt":{"rendered":"<p>Barcelona, 11 de noviembre del 2021. M\u00e1s de 250 personas emprendedoras y empresarias han asistido este martes, mi\u00e9rcoles y jueves a las actividades que el Centro de Reempresa Catalu\u00f1a ha organizado en el marco del BizBarcelona, el sal\u00f3n de referencia del mundo del emprendimiento y la empresa. El Centro de Reempresa ha organizado este a\u00f1o [&hellip;]<\/p>\n","protected":false},"author":2,"featured_media":0,"parent":18110,"menu_order":0,"comment_status":"closed","ping_status":"closed","template":"","meta":{"_et_pb_use_builder":"on","_et_pb_old_content":"","_et_gb_content_width":"","footnotes":""},"categoria":[],"actualitat":[],"class_list":["post-18446","page","type-page","status-publish","hentry"],"_links":{"self":[{"href":"https:\/\/reempresa.org\/es\/wp-json\/wp\/v2\/pages\/18446","targetHints":{"allow":["GET"]}}],"collection":[{"href":"https:\/\/reempresa.org\/es\/wp-json\/wp\/v2\/pages"}],"about":[{"href":"https:\/\/reempresa.org\/es\/wp-json\/wp\/v2\/types\/page"}],"author":[{"embeddable":true,"href":"https:\/\/reempresa.org\/es\/wp-json\/wp\/v2\/users\/2"}],"replies":[{"embeddable":true,"href":"https:\/\/reempresa.org\/es\/wp-json\/wp\/v2\/comments?post=18446"}],"version-history":[{"count":4,"href":"https:\/\/reempresa.org\/es\/wp-json\/wp\/v2\/pages\/18446\/revisions"}],"predecessor-version":[{"id":19353,"href":"https:\/\/reempresa.org\/es\/wp-json\/wp\/v2\/pages\/18446\/revisions\/19353"}],"up":[{"embeddable":true,"href":"https:\/\/reempresa.org\/es\/wp-json\/wp\/v2\/pages\/18110"}],"wp:attachment":[{"href":"https:\/\/reempresa.org\/es\/wp-json\/wp\/v2\/media?parent=18446"}],"wp:term":[{"taxonomy":"categoria","embeddable":true,"href":"https:\/\/reempresa.org\/es\/wp-json\/wp\/v2\/categoria?post=18446"},{"taxonomy":"actualitat","embeddable":true,"href":"https:\/\/reempresa.org\/es\/wp-json\/wp\/v2\/actualitat?post=18446"}],"curies":[{"name":"wp","href":"https:\/\/api.w.org\/{rel}","templated":true}]}}