{"id":18307,"date":"2024-11-13T14:29:34","date_gmt":"2024-11-13T14:29:34","guid":{"rendered":"https:\/\/reempresa.org\/formacion\/formacion-vender-empresa\/la-matinal-de-la-reempresa\/"},"modified":"2025-05-27T10:46:23","modified_gmt":"2025-05-27T10:46:23","slug":"la-matinal-de-la-reempresa","status":"publish","type":"page","link":"https:\/\/reempresa.org\/es\/formacion\/formacion-vender-empresa\/la-matinal-de-la-reempresa\/","title":{"rendered":"La Matinal de la Reempresa"},"content":{"rendered":"<p>[et_pb_section fb_built=\u00bb1&#8243; use_custom_gutter=\u00bbon\u00bb specialty=\u00bbon\u00bb padding_top_1=\u00bb0px\u00bb padding_top_2=\u00bb0px\u00bb padding_top_bottom_link_1=\u00bbfalse\u00bb padding_top_bottom_link_2=\u00bbfalse\u00bb padding_left_right_link_1=\u00bbfalse\u00bb padding_left_right_link_2=\u00bbfalse\u00bb custom_css_main_2=\u00bb    \/*border-left: 2px solid #8F8F8F !important;*\/||\u00bb admin_label=\u00bbSection\u00bb _builder_version=\u00bb4.27.0&#8243; _module_preset=\u00bbdefault\u00bb custom_padding=\u00bb50px||0px||false|false\u00bb da_disable_devices=\u00bboff|off|off\u00bb collapsed=\u00bboff\u00bb global_colors_info=\u00bb{}\u00bb da_is_popup=\u00bboff\u00bb da_exit_intent=\u00bboff\u00bb da_has_close=\u00bbon\u00bb da_alt_close=\u00bboff\u00bb da_dark_close=\u00bboff\u00bb da_not_modal=\u00bbon\u00bb da_is_singular=\u00bboff\u00bb da_with_loader=\u00bboff\u00bb da_has_shadow=\u00bbon\u00bb][et_pb_column type=\u00bb2_3&#8243; specialty_columns=\u00bb2&#8243; _builder_version=\u00bb4.16&#8243; _module_preset=\u00bbdefault\u00bb custom_padding=\u00bb|||\u00bb global_colors_info=\u00bb{}\u00bb custom_padding__hover=\u00bb|||\u00bb][et_pb_row_inner _builder_version=\u00bb4.22.2&#8243; _module_preset=\u00bbdefault\u00bb custom_padding=\u00bb0px||0px||false|false\u00bb global_colors_info=\u00bb{}\u00bb][et_pb_column_inner saved_specialty_column_type=\u00bb2_3&#8243; _builder_version=\u00bb4.21.0&#8243; _module_preset=\u00bbdefault\u00bb global_colors_info=\u00bb{}\u00bb][et_pb_heading title=\u00bbLa Matinal de la Reempresa\u00bb _builder_version=\u00bb4.27.0&#8243; _module_preset=\u00bbdefault\u00bb global_colors_info=\u00bb{}\u00bb][\/et_pb_heading][\/et_pb_column_inner][\/et_pb_row_inner][et_pb_row_inner _builder_version=\u00bb4.22.2&#8243; _module_preset=\u00bbdefault\u00bb custom_padding=\u00bb0px||0px||false|false\u00bb global_colors_info=\u00bb{}\u00bb][et_pb_column_inner saved_specialty_column_type=\u00bb2_3&#8243; _builder_version=\u00bb4.21.0&#8243; _module_preset=\u00bbdefault\u00bb global_colors_info=\u00bb{}\u00bb][et_pb_text _builder_version=\u00bb4.27.0&#8243; _module_preset=\u00bbdefault\u00bb text_font=\u00bbAssistant||||||||\u00bb text_font_size=\u00bb20px\u00bb text_line_height=\u00bb1.6em\u00bb header_2_font_size=\u00bb32px\u00bb header_2_line_height=\u00bb1.5em\u00bb custom_margin=\u00bb||||false|false\u00bb custom_padding=\u00bb||||false|false\u00bb global_colors_info=\u00bb{}\u00bb]<\/p>\n<p align=\"justify\" style=\"text-align: left;\"><span data-contrast=\"auto\" xml:lang=\"CA-ES\" lang=\"CA-ES\" class=\"TextRun SCXW128634385 BCX8\"><span class=\"NormalTextRun SCXW128634385 BCX8\">En esta actividad de cuatro horas de duraci\u00f3n tendr\u00e1s la oportunidad de hacer <\/span><span class=\"NormalTextRun SpellingErrorV2Themed SCXW128634385 BCX8\">networking<\/span><span class=\"NormalTextRun SCXW128634385 BCX8\"> y conocer diversas <\/span><span class=\"NormalTextRun SCXW128634385 BCX8\">personas interesadas en comprar tu empresa<\/span><span class=\"NormalTextRun SCXW128634385 BCX8\">, mientras participas en conferencias orientadas a comprar o vender una empresa en funcionamiento. <\/span> <\/span><span class=\"EOP SCXW128634385 BCX8\" data-ccp-props=\"{}\"> <\/span><\/p>\n<p><strong><span data-contrast=\"auto\" xml:lang=\"CA-ES\" lang=\"CA-ES\" class=\"TextRun SCXW110838189 BCX8\"><span class=\"NormalTextRun SCXW110838189 BCX8\">En esta actividad podr\u00e1s:<\/span><\/span><\/strong><\/p>\n<p>[\/et_pb_text][\/et_pb_column_inner][\/et_pb_row_inner][et_pb_row_inner column_structure=\u00bb1_2,1_2&#8243; _builder_version=\u00bb4.27.0&#8243; _module_preset=\u00bbdefault\u00bb background_color=\u00bbgcid-d036505a-aba9-4d6b-bf63-64602c2b1939&#8243; custom_margin=\u00bb20px||20px||false|false\u00bb custom_padding=\u00bb20px|20px|0px|20px|false|true\u00bb locked=\u00bboff\u00bb global_colors_info=\u00bb{%22gcid-d036505a-aba9-4d6b-bf63-64602c2b1939%22:%91%22background_color%22%93}\u00bb][et_pb_column_inner type=\u00bb1_2&#8243; saved_specialty_column_type=\u00bb2_3&#8243; _builder_version=\u00bb4.24.0&#8243; _module_preset=\u00bbdefault\u00bb global_colors_info=\u00bb{}\u00bb][et_pb_text _builder_version=\u00bb4.27.0&#8243; _module_preset=\u00bbdefault\u00bb text_font_size=\u00bb20px\u00bb custom_margin=\u00bb||0px||false|false\u00bb custom_padding=\u00bb||0px|0px|false|false\u00bb custom_css_main_element=\u00bbdisplay:inline-flex;\u00bb global_colors_info=\u00bb{}\u00bb]<\/p>\n<ul>\n<li><span data-contrast=\"auto\" xml:lang=\"CA-ES\" lang=\"CA-ES\" class=\"TextRun SCXW13894666 BCX8\"><span class=\"NormalTextRun SCXW13894666 BCX8\">Asistir a una sesi\u00f3n de presentaci\u00f3n del servicio de Reempresa.<\/span><\/span><\/li>\n<li><span data-contrast=\"auto\" xml:lang=\"CA-ES\" lang=\"CA-ES\" class=\"TextRun SCXW210795828 BCX8\"><span class=\"NormalTextRun SCXW210795828 BCX8\">Venir a una conferencia dirigida a vendedores, donde se explicar\u00e1 c\u00f3mo presentar una empresa a potenciales compradores.<\/span><\/span><\/li>\n<li><span data-contrast=\"auto\" xml:lang=\"CA-ES\" lang=\"CA-ES\" class=\"TextRun SCXW170652755 BCX8\"><span class=\"NormalTextRun SCXW170652755 BCX8\">Asistir a una conferencia, dirigida a compradores, donde se explicar\u00e1 c\u00f3mo conocer lo esencial de una empresa en funcionamiento en tan solo 30 minutos.<\/span><\/span><\/li>\n<\/ul>\n<p>[\/et_pb_text][\/et_pb_column_inner][et_pb_column_inner type=\u00bb1_2&#8243; saved_specialty_column_type=\u00bb2_3&#8243; _builder_version=\u00bb4.27.0&#8243; _module_preset=\u00bbdefault\u00bb global_colors_info=\u00bb{}\u00bb][et_pb_text _builder_version=\u00bb4.27.0&#8243; _module_preset=\u00bbdefault\u00bb text_font_size=\u00bb20px\u00bb global_colors_info=\u00bb{}\u00bb]<\/p>\n<ul>\n<li><span data-contrast=\"auto\" xml:lang=\"CA-ES\" lang=\"CA-ES\" class=\"TextRun SCXW114281293 BCX8\"><span class=\"NormalTextRun SCXW114281293 BCX8\">Presentar tu empresa en formato breve a un auditorio de potenciales compradores, <\/span><span class=\"NormalTextRun SCXW114281293 BCX8\">en <\/span><span class=\"NormalTextRun SpellingErrorV2Themed SCXW114281293 BCX8\">el elevator<\/span><span class=\"NormalTextRun SCXW114281293 BCX8\"> pitch.<\/span><\/span><\/li>\n<li><span data-contrast=\"auto\" xml:lang=\"CA-ES\" lang=\"CA-ES\" class=\"TextRun SCXW138711899 BCX8\"><span class=\"NormalTextRun SCXW138711899 BCX8\">Disfrutar de reuniones r\u00e1pidas, de 30 minutos, con personas <\/span><span class=\"NormalTextRun SCXW138711899 BCX8\">que <\/span><span class=\"NormalTextRun SCXW138711899 BCX8\">quieren <\/span><span class=\"NormalTextRun SCXW138711899 BCX8\">comprar un<\/span><span class=\"NormalTextRun SCXW138711899 BCX8\"> negocio.<\/span><\/span><\/li>\n<li><span data-contrast=\"auto\" xml:lang=\"CA-ES\" lang=\"CA-ES\" class=\"TextRun SCXW109991375 BCX8\"><span class=\"NormalTextRun SCXW109991375 BCX8\">Mantener reuniones con gestores de negocio de <\/span><span class=\"NormalTextRun SpellingErrorV2Themed SCXW109991375 BCX8\">CaixaBank<\/span><span class=\"NormalTextRun SCXW109991375 BCX8\"> para explorar <\/span><span class=\"NormalTextRun SCXW109991375 BCX8\">soluciones de financiaci\u00f3n para tu empresa.<\/span><\/span><\/li>\n<\/ul>\n<p>[\/et_pb_text][\/et_pb_column_inner][\/et_pb_row_inner][et_pb_row_inner disabled_on=\u00bboff|off|off\u00bb _builder_version=\u00bb4.27.0&#8243; _module_preset=\u00bbdefault\u00bb width=\u00bb100%\u00bb custom_margin=\u00bb50px||||false|false\u00bb custom_padding=\u00bb0px|||||\u00bb global_colors_info=\u00bb{}\u00bb][et_pb_column_inner saved_specialty_column_type=\u00bb2_3&#8243; _builder_version=\u00bb4.27.0&#8243; _module_preset=\u00bbdefault\u00bb global_colors_info=\u00bb{}\u00bb][et_pb_cta title=\u00bbDescubre m\u00e1s sobre las formaciones de Reempresa\u00bb button_url=\u00bbhttps:\/\/inscripcions.reempresa.org\/\u00bb url_new_window=\u00bbon\u00bb button_text=\u00bbM\u00e1s informaci\u00f3n\u00bb _builder_version=\u00bb4.27.0&#8243; _module_preset=\u00bbdefault\u00bb header_text_color=\u00bb#000000&#8243; header_font_size=\u00bb30px\u00bb header_line_height=\u00bb1.1em\u00bb body_text_color=\u00bb#000000&#8243; body_font_size=\u00bb20px\u00bb background_color=\u00bb#FFFFFF\u00bb custom_button=\u00bbon\u00bb button_text_color=\u00bb#FFFFFF\u00bb button_bg_color=\u00bb#000000&#8243; button_border_width=\u00bb0px\u00bb button_border_radius=\u00bb5px\u00bb button_icon=\u00bb&#x24;||divi||400&#8243; border_radii=\u00bbon|10px|10px|10px|10px\u00bb box_shadow_style=\u00bbpreset2&#8243; box_shadow_horizontal=\u00bb10px\u00bb box_shadow_vertical=\u00bb2px\u00bb box_shadow_blur=\u00bb32px\u00bb box_shadow_color=\u00bbrgba(0,0,0,0.25)\u00bb global_colors_info=\u00bb{}\u00bb]<\/p>\n<p><span>Si quieres m\u00e1s informaci\u00f3n sobre <strong>La Matinal de la Reempresa<\/strong><\/span> <span>o inscribirte a la formaci\u00f3n, accede clicando al bot\u00f3n inferior.<\/span><\/p>\n<p>[\/et_pb_cta][\/et_pb_column_inner][\/et_pb_row_inner][\/et_pb_column][et_pb_column type=\u00bb1_3&#8243; _builder_version=\u00bb4.16&#8243; _module_preset=\u00bbdefault\u00bb custom_padding=\u00bb|||\u00bb global_colors_info=\u00bb{}\u00bb custom_padding__hover=\u00bb|||\u00bb][et_pb_text _builder_version=\u00bb4.27.0&#8243; _module_preset=\u00bbdefault\u00bb text_text_color=\u00bb#000000&#8243; text_font_size=\u00bb20px\u00bb text_line_height=\u00bb1.4em\u00bb custom_margin=\u00bb||15px||false|false\u00bb link_option_url_new_window=\u00bbon\u00bb locked=\u00bboff\u00bb global_colors_info=\u00bb{}\u00bb]<\/p>\n<p><span style=\"text-decoration: underline;\"><strong>Informaci\u00f3n de inter\u00e9s<\/strong><\/span><\/p>\n<p>[\/et_pb_text][et_pb_text _builder_version=\u00bb4.27.0&#8243; _module_preset=\u00bbdefault\u00bb text_text_color=\u00bb#000000&#8243; text_font_size=\u00bb18px\u00bb text_line_height=\u00bb1.3em\u00bb custom_margin=\u00bb||30px|||\u00bb link_option_url_new_window=\u00bbon\u00bb locked=\u00bboff\u00bb global_colors_info=\u00bb{}\u00bb]<\/p>\n<p><strong style=\"font-size: 19px;\">\u00bfA qui\u00e9n va dirigido?<\/strong><\/p>\n<p><span data-contrast=\"auto\" xml:lang=\"CA-ES\" lang=\"CA-ES\" class=\"TextRun SCXW154032277 BCX8\"><span class=\"NormalTextRun SCXW154032277 BCX8\">Personas que quieren vender una empresa en funcionamiento.<\/span><\/span><\/p>\n<p><strong>Duraci\u00f3n:<\/strong><\/p>\n<p><strong><\/strong><strong><\/strong>4 horas aproximadamente.<\/p>\n<p><strong>Modalidad:<\/strong><strong><\/strong><\/p>\n<p><strong><\/strong>Presencial.<\/p>\n<p><strong><\/strong><strong>Inscripci\u00f3n gratuita<\/strong><\/p>\n<p>[\/et_pb_text][et_pb_button button_url=\u00bbhttps:\/\/inscripcions.reempresa.org\/\u00bb url_new_window=\u00bbon\u00bb button_text=\u00bbM\u00e1s informaci\u00f3n\u00bb _builder_version=\u00bb4.27.0&#8243; _module_preset=\u00bbdefault\u00bb custom_button=\u00bbon\u00bb button_text_color=\u00bb#FFFFFF\u00bb button_bg_color=\u00bb#000000&#8243; button_border_width=\u00bb0px\u00bb button_border_radius=\u00bb5px\u00bb button_icon=\u00bb&#x24;||divi||400&#8243; global_colors_info=\u00bb{}\u00bb][\/et_pb_button][\/et_pb_column][\/et_pb_section][et_pb_section fb_built=\u00bb1&#8243; admin_label=\u00bbXarxes\u00bb module_id=\u00bbredes\u00bb module_class=\u00bbxarxes\u00bb _builder_version=\u00bb4.27.0&#8243; _module_preset=\u00bbdefault\u00bb custom_margin=\u00bb||||false|false\u00bb custom_padding=\u00bb0px||1px||false|false\u00bb da_disable_devices=\u00bboff|off|off\u00bb locked=\u00bboff\u00bb global_colors_info=\u00bb{}\u00bb da_is_popup=\u00bboff\u00bb da_exit_intent=\u00bboff\u00bb da_has_close=\u00bbon\u00bb da_alt_close=\u00bboff\u00bb da_dark_close=\u00bboff\u00bb da_not_modal=\u00bbon\u00bb da_is_singular=\u00bboff\u00bb da_with_loader=\u00bboff\u00bb da_has_shadow=\u00bbon\u00bb][et_pb_row _builder_version=\u00bb4.27.0&#8243; _module_preset=\u00bbdefault\u00bb custom_margin=\u00bb100px|auto|50px|auto|false|false\u00bb custom_padding=\u00bb0px||0px|||\u00bb locked=\u00bboff\u00bb global_colors_info=\u00bb{}\u00bb][et_pb_column type=\u00bb4_4&#8243; _builder_version=\u00bb4.23.1&#8243; _module_preset=\u00bbdefault\u00bb global_colors_info=\u00bb{}\u00bb][et_pb_heading title=\u00bbOtras formaciones que te pueden interesar\u00bb _builder_version=\u00bb4.27.0&#8243; _module_preset=\u00bbdefault\u00bb title_text_align=\u00bbcenter\u00bb global_colors_info=\u00bb{}\u00bb][\/et_pb_heading][\/et_pb_column][\/et_pb_row][et_pb_row column_structure=\u00bb1_4,1_4,1_4,1_4&#8243; use_custom_gutter=\u00bbon\u00bb disabled_on=\u00bboff|off|off\u00bb _builder_version=\u00bb4.27.0&#8243; _module_preset=\u00bbdefault\u00bb custom_padding=\u00bb0px|||||\u00bb global_colors_info=\u00bb{}\u00bb][et_pb_column type=\u00bb1_4&#8243; _builder_version=\u00bb4.27.0&#8243; _module_preset=\u00bbdefault\u00bb global_colors_info=\u00bb{}\u00bb][et_pb_image src=\u00bbhttps:\/\/provareempresa.org\/wp-content\/uploads\/2024\/11\/Reempresa-Connect.png\u00bb title_text=\u00bbReempresa Connect | Formaci\u00f3n para vender\u00bb url=\u00bb@ET-DC@eyJkeW5hbWljIjp0cnVlLCJjb250ZW50IjoicG9zdF9saW5rX3VybF9wYWdlIiwic2V0dGluZ3MiOnsicG9zdF9pZCI6IjQ1NjkifX0=@\u00bb module_class=\u00bbcard-reempresa\u00bb _builder_version=\u00bb4.27.0&#8243; _dynamic_attributes=\u00bburl\u00bb _module_preset=\u00bbdefault\u00bb global_colors_info=\u00bb{}\u00bb][\/et_pb_image][\/et_pb_column][et_pb_column type=\u00bb1_4&#8243; _builder_version=\u00bb4.27.0&#8243; _module_preset=\u00bbdefault\u00bb global_colors_info=\u00bb{}\u00bb][et_pb_image src=\u00bbhttps:\/\/provareempresa.org\/wp-content\/uploads\/2024\/11\/Sessions-informatives.png\u00bb title_text=\u00bbSesiones informativas | Formaci\u00f3n para vender\u00bb url=\u00bb@ET-DC@eyJkeW5hbWljIjp0cnVlLCJjb250ZW50IjoicG9zdF9saW5rX3VybF9wYWdlIiwic2V0dGluZ3MiOnsicG9zdF9pZCI6IjQ1NDkifX0=@\u00bb module_class=\u00bbcard-reempresa\u00bb _builder_version=\u00bb4.27.0&#8243; _dynamic_attributes=\u00bburl\u00bb _module_preset=\u00bbdefault\u00bb global_colors_info=\u00bb{}\u00bb][\/et_pb_image][\/et_pb_column][et_pb_column type=\u00bb1_4&#8243; _builder_version=\u00bb4.27.0&#8243; _module_preset=\u00bbdefault\u00bb global_colors_info=\u00bb{}\u00bb][et_pb_image src=\u00bbhttps:\/\/provareempresa.org\/wp-content\/uploads\/2024\/11\/La-llei-dautonoms.png\u00bb title_text=\u00bbLa ley de aut\u00f3nomos | Formaci\u00f3n para vender\u00bb url=\u00bb@ET-DC@eyJkeW5hbWljIjp0cnVlLCJjb250ZW50IjoicG9zdF9saW5rX3VybF9wYWdlIiwic2V0dGluZ3MiOnsicG9zdF9pZCI6IjQ1NTQifX0=@\u00bb module_class=\u00bbcard-reempresa\u00bb _builder_version=\u00bb4.27.0&#8243; _dynamic_attributes=\u00bburl\u00bb _module_preset=\u00bbdefault\u00bb global_colors_info=\u00bb{}\u00bb][\/et_pb_image][\/et_pb_column][et_pb_column type=\u00bb1_4&#8243; _builder_version=\u00bb4.27.0&#8243; _module_preset=\u00bbdefault\u00bb global_colors_info=\u00bb{}\u00bb][et_pb_image src=\u00bbhttps:\/\/provareempresa.org\/wp-content\/uploads\/2024\/11\/Valoracio-dempreses.png\u00bb title_text=\u00bbValoraci\u00f3n de empresas | Formaci\u00f3n para vender\u00bb url=\u00bb@ET-DC@eyJkeW5hbWljIjp0cnVlLCJjb250ZW50IjoicG9zdF9saW5rX3VybF9wYWdlIiwic2V0dGluZ3MiOnsicG9zdF9pZCI6IjQ1NTkifX0=@\u00bb module_class=\u00bbcard-reempresa\u00bb _builder_version=\u00bb4.27.0&#8243; _dynamic_attributes=\u00bburl\u00bb _module_preset=\u00bbdefault\u00bb global_colors_info=\u00bb{}\u00bb][\/et_pb_image][\/et_pb_column][\/et_pb_row][\/et_pb_section]<\/p>\n","protected":false},"excerpt":{"rendered":"<p>En esta actividad de cuatro horas de duraci\u00f3n tendr\u00e1s la oportunidad de hacer networking y conocer diversas personas interesadas en comprar tu empresa, mientras participas en conferencias orientadas a comprar o vender una empresa en funcionamiento. En esta actividad podr\u00e1s: Asistir a una sesi\u00f3n de presentaci\u00f3n del servicio de Reempresa. Venir a una conferencia dirigida [&hellip;]<\/p>\n","protected":false},"author":2,"featured_media":0,"parent":18294,"menu_order":0,"comment_status":"closed","ping_status":"closed","template":"","meta":{"_et_pb_use_builder":"on","_et_pb_old_content":"","_et_gb_content_width":"","footnotes":""},"categoria":[11,19],"actualitat":[],"class_list":["post-18307","page","type-page","status-publish","hentry","categoria-formacio","categoria-sub-page"],"_links":{"self":[{"href":"https:\/\/reempresa.org\/es\/wp-json\/wp\/v2\/pages\/18307","targetHints":{"allow":["GET"]}}],"collection":[{"href":"https:\/\/reempresa.org\/es\/wp-json\/wp\/v2\/pages"}],"about":[{"href":"https:\/\/reempresa.org\/es\/wp-json\/wp\/v2\/types\/page"}],"author":[{"embeddable":true,"href":"https:\/\/reempresa.org\/es\/wp-json\/wp\/v2\/users\/2"}],"replies":[{"embeddable":true,"href":"https:\/\/reempresa.org\/es\/wp-json\/wp\/v2\/comments?post=18307"}],"version-history":[{"count":5,"href":"https:\/\/reempresa.org\/es\/wp-json\/wp\/v2\/pages\/18307\/revisions"}],"predecessor-version":[{"id":19348,"href":"https:\/\/reempresa.org\/es\/wp-json\/wp\/v2\/pages\/18307\/revisions\/19348"}],"up":[{"embeddable":true,"href":"https:\/\/reempresa.org\/es\/wp-json\/wp\/v2\/pages\/18294"}],"wp:attachment":[{"href":"https:\/\/reempresa.org\/es\/wp-json\/wp\/v2\/media?parent=18307"}],"wp:term":[{"taxonomy":"categoria","embeddable":true,"href":"https:\/\/reempresa.org\/es\/wp-json\/wp\/v2\/categoria?post=18307"},{"taxonomy":"actualitat","embeddable":true,"href":"https:\/\/reempresa.org\/es\/wp-json\/wp\/v2\/actualitat?post=18307"}],"curies":[{"name":"wp","href":"https:\/\/api.w.org\/{rel}","templated":true}]}}