{"id":18215,"date":"2024-11-13T11:51:41","date_gmt":"2024-11-13T11:51:41","guid":{"rendered":"https:\/\/reempresa.org\/formacion\/formacion-comprar-empresa\/sesiones-informativas\/"},"modified":"2025-05-27T10:25:23","modified_gmt":"2025-05-27T10:25:23","slug":"sesiones-informativas","status":"publish","type":"page","link":"https:\/\/reempresa.org\/es\/formacion\/formacion-comprar-empresa\/sesiones-informativas\/","title":{"rendered":"Sesiones informativas"},"content":{"rendered":"<p>[et_pb_section fb_built=\u00bb1&#8243; use_custom_gutter=\u00bbon\u00bb specialty=\u00bbon\u00bb padding_top_1=\u00bb0px\u00bb padding_top_2=\u00bb0px\u00bb padding_top_bottom_link_1=\u00bbfalse\u00bb padding_top_bottom_link_2=\u00bbfalse\u00bb padding_left_right_link_1=\u00bbfalse\u00bb padding_left_right_link_2=\u00bbfalse\u00bb custom_css_main_2=\u00bb    \/*border-left: 2px solid #8F8F8F !important;*\/||\u00bb admin_label=\u00bbSection\u00bb _builder_version=\u00bb4.27.0&#8243; _module_preset=\u00bbdefault\u00bb custom_padding=\u00bb50px||||false|false\u00bb da_disable_devices=\u00bboff|off|off\u00bb collapsed=\u00bboff\u00bb global_colors_info=\u00bb{}\u00bb da_is_popup=\u00bboff\u00bb da_exit_intent=\u00bboff\u00bb da_has_close=\u00bbon\u00bb da_alt_close=\u00bboff\u00bb da_dark_close=\u00bboff\u00bb da_not_modal=\u00bbon\u00bb da_is_singular=\u00bboff\u00bb da_with_loader=\u00bboff\u00bb da_has_shadow=\u00bbon\u00bb][et_pb_column type=\u00bb2_3&#8243; specialty_columns=\u00bb2&#8243; _builder_version=\u00bb4.16&#8243; _module_preset=\u00bbdefault\u00bb custom_padding=\u00bb|||\u00bb global_colors_info=\u00bb{}\u00bb custom_padding__hover=\u00bb|||\u00bb][et_pb_row_inner _builder_version=\u00bb4.22.2&#8243; _module_preset=\u00bbdefault\u00bb custom_padding=\u00bb0px||0px||false|false\u00bb global_colors_info=\u00bb{}\u00bb][et_pb_column_inner saved_specialty_column_type=\u00bb2_3&#8243; _builder_version=\u00bb4.21.0&#8243; _module_preset=\u00bbdefault\u00bb global_colors_info=\u00bb{}\u00bb][et_pb_heading title=\u00bbSesiones informativas\u00bb _builder_version=\u00bb4.27.0&#8243; _module_preset=\u00bbdefault\u00bb global_colors_info=\u00bb{}\u00bb][\/et_pb_heading][\/et_pb_column_inner][\/et_pb_row_inner][et_pb_row_inner _builder_version=\u00bb4.22.2&#8243; _module_preset=\u00bbdefault\u00bb custom_padding=\u00bb0px||0px||false|false\u00bb global_colors_info=\u00bb{}\u00bb][et_pb_column_inner saved_specialty_column_type=\u00bb2_3&#8243; _builder_version=\u00bb4.21.0&#8243; _module_preset=\u00bbdefault\u00bb global_colors_info=\u00bb{}\u00bb][et_pb_text _builder_version=\u00bb4.27.0&#8243; _module_preset=\u00bbdefault\u00bb text_font=\u00bbAssistant||||||||\u00bb text_font_size=\u00bb20px\u00bb text_line_height=\u00bb1.6em\u00bb header_2_font_size=\u00bb32px\u00bb header_2_line_height=\u00bb1.5em\u00bb custom_margin=\u00bb||||false|false\u00bb custom_padding=\u00bb||||false|false\u00bb global_colors_info=\u00bb{}\u00bb]<\/p>\n<p align=\"justify\" style=\"text-align: left;\"><span data-contrast=\"auto\" xml:lang=\"CA-ES\" lang=\"CA-ES\" class=\"TextRun SCXW76098516 BCX8\"><span class=\"NormalTextRun SCXW76098516 BCX8\">Conoce el abanico de servicios y el acompa\u00f1amiento que ofrecemos desde Reempresa en sesiones informativas, presenciales y en l\u00ednea, <\/span><span class=\"NormalTextRun SCXW76098516 BCX8\">donde te explicaremos qu\u00e9 podemos hacer para ti y c\u00f3mo te acompa\u00f1amos en todo el proceso de compra. Ven sin compromiso y si est\u00e1s interesado o interesada a participar del servicio, despu\u00e9s podr\u00e1s darte de alta de la mano de uno\/a consultor\/a. <\/span><\/span><span class=\"EOP SCXW76098516 BCX8\" data-ccp-props=\"{}\"> <\/span><\/p>\n<p><strong><span data-contrast=\"auto\" xml:lang=\"CA-ES\" lang=\"CA-ES\" class=\"TextRun SCXW66296736 BCX8\"><span class=\"NormalTextRun SCXW66296736 BCX8\">Si participas en una sesi\u00f3n informativa:<\/span><\/span><\/strong><\/p>\n<p>[\/et_pb_text][\/et_pb_column_inner][\/et_pb_row_inner][et_pb_row_inner column_structure=\u00bb1_2,1_2&#8243; _builder_version=\u00bb4.27.0&#8243; _module_preset=\u00bbdefault\u00bb background_color=\u00bbgcid-d036505a-aba9-4d6b-bf63-64602c2b1939&#8243; custom_margin=\u00bb20px||20px||false|false\u00bb custom_padding=\u00bb20px|20px|0px|20px|false|true\u00bb locked=\u00bboff\u00bb global_colors_info=\u00bb{%22gcid-d036505a-aba9-4d6b-bf63-64602c2b1939%22:%91%22background_color%22%93}\u00bb][et_pb_column_inner type=\u00bb1_2&#8243; saved_specialty_column_type=\u00bb2_3&#8243; _builder_version=\u00bb4.24.0&#8243; _module_preset=\u00bbdefault\u00bb global_colors_info=\u00bb{}\u00bb][et_pb_text _builder_version=\u00bb4.27.0&#8243; _module_preset=\u00bbdefault\u00bb text_font_size=\u00bb20px\u00bb custom_margin=\u00bb||0px||false|false\u00bb custom_padding=\u00bb||0px|0px|false|false\u00bb custom_css_main_element=\u00bbdisplay:inline-flex;\u00bb global_colors_info=\u00bb{}\u00bb]<\/p>\n<ul>\n<li><span class=\"NormalTextRun SCXW85700035 BCX8\">Conocer\u00e1s paso a paso el proceso de <\/span><span class=\"NormalTextRun SCXW85700035 BCX8\">compra de una empresa en funcionamento.<\/span><\/li>\n<li><span data-contrast=\"auto\" xml:lang=\"CA-ES\" lang=\"CA-ES\" class=\"TextRun SCXW189535138 BCX8\"><span class=\"NormalTextRun SCXW189535138 BCX8\">Podr\u00e1s conocer todos los servicios que Reempresa te ofrece.<\/span><\/span><\/li>\n<li><span data-contrast=\"auto\" xml:lang=\"CA-ES\" lang=\"CA-ES\" class=\"TextRun SCXW130672626 BCX8\"><span class=\"NormalTextRun SCXW130672626 BCX8\">Conocer\u00e1s <\/span><span class=\"NormalTextRun SCXW130672626 BCX8\">los pasos <\/span><span class=\"NormalTextRun SCXW130672626 BCX8\">a seguir <\/span><span class=\"NormalTextRun SCXW130672626 BCX8\">para darse de alta.<\/span><\/span><\/li>\n<\/ul>\n<p>[\/et_pb_text][\/et_pb_column_inner][et_pb_column_inner type=\u00bb1_2&#8243; saved_specialty_column_type=\u00bb2_3&#8243; _builder_version=\u00bb4.27.0&#8243; _module_preset=\u00bbdefault\u00bb global_colors_info=\u00bb{}\u00bb][et_pb_text _builder_version=\u00bb4.27.0&#8243; _module_preset=\u00bbdefault\u00bb text_font_size=\u00bb20px\u00bb global_colors_info=\u00bb{}\u00bb]<\/p>\n<ul>\n<li><span data-contrast=\"auto\" xml:lang=\"CA-ES\" lang=\"CA-ES\" class=\"TextRun SCXW239374738 BCX8\"><span class=\"NormalTextRun SCXW239374738 BCX8\">Sabr\u00e1s qu\u00e9<\/span><span class=\"NormalTextRun SCXW239374738 BCX8\"> tienes que hacer para mantener contacto con alguna empresa anunciada en el Marketplace. <\/span> <\/span><span class=\"EOP SCXW239374738 BCX8\" data-ccp-props=\"{}\"> <\/span><\/li>\n<li><span data-contrast=\"auto\" xml:lang=\"CA-ES\" lang=\"CA-ES\" class=\"TextRun SCXW138271755 BCX8\"><span class=\"NormalTextRun SCXW138271755 BCX8\">Tendr\u00e1s contacto con consultores<\/span><span class=\"NormalTextRun SCXW138271755 BCX8\">\/as<\/span><span class=\"NormalTextRun SCXW138271755 BCX8\"> del servicio que te resolver\u00e1n todas tus dudas. <\/span> <\/span><span class=\"EOP SCXW138271755 BCX8\" data-ccp-props=\"{}\"> <\/span><\/li>\n<\/ul>\n<p>[\/et_pb_text][\/et_pb_column_inner][\/et_pb_row_inner][et_pb_row_inner disabled_on=\u00bboff|off|off\u00bb _builder_version=\u00bb4.27.0&#8243; _module_preset=\u00bbdefault\u00bb width=\u00bb100%\u00bb custom_margin=\u00bb50px||||false|false\u00bb custom_padding=\u00bb0px|||||\u00bb global_colors_info=\u00bb{}\u00bb][et_pb_column_inner saved_specialty_column_type=\u00bb2_3&#8243; _builder_version=\u00bb4.27.0&#8243; _module_preset=\u00bbdefault\u00bb global_colors_info=\u00bb{}\u00bb][et_pb_cta title=\u00bbDescubre m\u00e1s sobre las formaciones de Reempresa\u00bb button_url=\u00bbhttps:\/\/inscripcions.reempresa.org\/\u00bb url_new_window=\u00bbon\u00bb button_text=\u00bbM\u00e1s informaci\u00f3n\u00bb _builder_version=\u00bb4.27.0&#8243; _module_preset=\u00bbdefault\u00bb header_text_color=\u00bb#000000&#8243; header_font_size=\u00bb30px\u00bb header_line_height=\u00bb1.1em\u00bb body_text_color=\u00bb#000000&#8243; body_font_size=\u00bb20px\u00bb background_color=\u00bb#FFFFFF\u00bb custom_button=\u00bbon\u00bb button_text_color=\u00bb#FFFFFF\u00bb button_bg_color=\u00bb#000000&#8243; button_border_width=\u00bb0px\u00bb button_border_radius=\u00bb5px\u00bb button_icon=\u00bb&#x24;||divi||400&#8243; border_radii=\u00bbon|10px|10px|10px|10px\u00bb box_shadow_style=\u00bbpreset2&#8243; box_shadow_horizontal=\u00bb10px\u00bb box_shadow_vertical=\u00bb2px\u00bb box_shadow_blur=\u00bb32px\u00bb box_shadow_color=\u00bbrgba(0,0,0,0.25)\u00bb global_colors_info=\u00bb{}\u00bb]<\/p>\n<p><span>Si quieres m\u00e1s informaci\u00f3n sobre las <strong>Sesiones informativas<\/strong><\/span><span> o inscribirte a la formaci\u00f3n, accede clicando al bot\u00f3n inferior.<\/span><\/p>\n<p>[\/et_pb_cta][\/et_pb_column_inner][\/et_pb_row_inner][\/et_pb_column][et_pb_column type=\u00bb1_3&#8243; _builder_version=\u00bb4.16&#8243; _module_preset=\u00bbdefault\u00bb custom_padding=\u00bb|||\u00bb global_colors_info=\u00bb{}\u00bb custom_padding__hover=\u00bb|||\u00bb][et_pb_text _builder_version=\u00bb4.27.0&#8243; _module_preset=\u00bbdefault\u00bb text_text_color=\u00bb#000000&#8243; text_font_size=\u00bb20px\u00bb text_line_height=\u00bb1.4em\u00bb custom_margin=\u00bb||15px||false|false\u00bb link_option_url_new_window=\u00bbon\u00bb locked=\u00bboff\u00bb global_colors_info=\u00bb{}\u00bb]<\/p>\n<p><span style=\"text-decoration: underline;\"><strong>Informaci\u00f3n de inter\u00e9s<\/strong><\/span><\/p>\n<p>[\/et_pb_text][et_pb_text _builder_version=\u00bb4.27.0&#8243; _module_preset=\u00bbdefault\u00bb text_text_color=\u00bb#000000&#8243; text_font_size=\u00bb18px\u00bb text_line_height=\u00bb1.3em\u00bb custom_margin=\u00bb||30px|||\u00bb link_option_url_new_window=\u00bbon\u00bb locked=\u00bboff\u00bb global_colors_info=\u00bb{}\u00bb]<\/p>\n<p><strong style=\"font-size: 19px;\">\u00bfA qui\u00e9n va dirigido?<\/strong><\/p>\n<p><span data-contrast=\"auto\" xml:lang=\"CA-ES\" lang=\"CA-ES\" class=\"TextRun SCXW101757958 BCX8\"><span class=\"NormalTextRun SCXW101757958 BCX8\">Personas y empresas que quieran comprar una empresa o negocio en funcionamiento. <\/span><\/span><span class=\"EOP SCXW101757958 BCX8\" data-ccp-props=\"{}\"> <\/span><\/p>\n<p><strong>Duraci\u00f3n:<\/strong><\/p>\n<p><strong><\/strong><strong><\/strong>1 hora aproximadamente.<\/p>\n<p><strong>Modalidad:<\/strong><strong><\/strong><\/p>\n<p><strong><\/strong>Virtual o presencial.<\/p>\n<p><strong><\/strong><strong>Inscripci\u00f3n gratuita<\/strong><\/p>\n<p>[\/et_pb_text][et_pb_button button_url=\u00bbhttps:\/\/inscripcions.reempresa.org\/\u00bb url_new_window=\u00bbon\u00bb button_text=\u00bbM\u00e1s informaci\u00f3n\u00bb _builder_version=\u00bb4.27.0&#8243; _module_preset=\u00bbdefault\u00bb custom_button=\u00bbon\u00bb button_text_color=\u00bb#FFFFFF\u00bb button_bg_color=\u00bb#000000&#8243; button_border_width=\u00bb0px\u00bb button_border_radius=\u00bb5px\u00bb button_icon=\u00bb&#x24;||divi||400&#8243; global_colors_info=\u00bb{}\u00bb][\/et_pb_button][\/et_pb_column][\/et_pb_section][et_pb_section fb_built=\u00bb1&#8243; admin_label=\u00bbXarxes\u00bb module_id=\u00bbredes\u00bb module_class=\u00bbxarxes\u00bb _builder_version=\u00bb4.27.0&#8243; _module_preset=\u00bbdefault\u00bb custom_margin=\u00bb||||false|false\u00bb custom_padding=\u00bb0px||1px||false|false\u00bb da_disable_devices=\u00bboff|off|off\u00bb locked=\u00bboff\u00bb global_colors_info=\u00bb{}\u00bb da_is_popup=\u00bboff\u00bb da_exit_intent=\u00bboff\u00bb da_has_close=\u00bbon\u00bb da_alt_close=\u00bboff\u00bb da_dark_close=\u00bboff\u00bb da_not_modal=\u00bbon\u00bb da_is_singular=\u00bboff\u00bb da_with_loader=\u00bboff\u00bb da_has_shadow=\u00bbon\u00bb][et_pb_row _builder_version=\u00bb4.27.0&#8243; _module_preset=\u00bbdefault\u00bb custom_margin=\u00bb100px|auto|50px|auto|false|false\u00bb custom_padding=\u00bb0px||0px|||\u00bb locked=\u00bboff\u00bb global_colors_info=\u00bb{}\u00bb][et_pb_column type=\u00bb4_4&#8243; _builder_version=\u00bb4.23.1&#8243; _module_preset=\u00bbdefault\u00bb global_colors_info=\u00bb{}\u00bb][et_pb_heading title=\u00bbOtras formaciones que te pueden interesar\u00bb _builder_version=\u00bb4.27.0&#8243; _module_preset=\u00bbdefault\u00bb title_text_align=\u00bbcenter\u00bb global_colors_info=\u00bb{}\u00bb][\/et_pb_heading][\/et_pb_column][\/et_pb_row][et_pb_row column_structure=\u00bb1_4,1_4,1_4,1_4&#8243; use_custom_gutter=\u00bbon\u00bb disabled_on=\u00bboff|off|off\u00bb _builder_version=\u00bb4.27.0&#8243; _module_preset=\u00bbdefault\u00bb custom_padding=\u00bb0px|||||\u00bb global_colors_info=\u00bb{}\u00bb][et_pb_column type=\u00bb1_4&#8243; _builder_version=\u00bb4.27.0&#8243; _module_preset=\u00bbdefault\u00bb global_colors_info=\u00bb{}\u00bb][et_pb_image src=\u00bbhttps:\/\/provareempresa.org\/wp-content\/uploads\/2024\/10\/Tallers-per-a-Reemprenedors-1.png\u00bb title_text=\u00bbIniciaci\u00f3n al proceso de compra de una empresa | Formaci\u00f3n para comprar\u00bb url=\u00bb@ET-DC@eyJkeW5hbWljIjp0cnVlLCJjb250ZW50IjoicG9zdF9saW5rX3VybF9wYWdlIiwic2V0dGluZ3MiOnsicG9zdF9pZCI6IjQ1MTMifX0=@\u00bb module_class=\u00bbcard-reempresa\u00bb _builder_version=\u00bb4.27.0&#8243; _dynamic_attributes=\u00bburl\u00bb _module_preset=\u00bbdefault\u00bb global_colors_info=\u00bb{}\u00bb][\/et_pb_image][\/et_pb_column][et_pb_column type=\u00bb1_4&#8243; _builder_version=\u00bb4.27.0&#8243; _module_preset=\u00bbdefault\u00bb global_colors_info=\u00bb{}\u00bb][et_pb_image src=\u00bbhttps:\/\/provareempresa.org\/wp-content\/uploads\/2024\/11\/Documentacio-a-revisar-abans-de-comprar.png\u00bb title_text=\u00bbDocumentaci\u00f3n a revisar antes de comprar | Formaci\u00f3n para comprar\u00bb url=\u00bb@ET-DC@eyJkeW5hbWljIjp0cnVlLCJjb250ZW50IjoicG9zdF9saW5rX3VybF9wYWdlIiwic2V0dGluZ3MiOnsicG9zdF9pZCI6IjQ1MTgifX0=@\u00bb module_class=\u00bbcard-reempresa\u00bb _builder_version=\u00bb4.27.0&#8243; _dynamic_attributes=\u00bburl\u00bb _module_preset=\u00bbdefault\u00bb global_colors_info=\u00bb{}\u00bb][\/et_pb_image][\/et_pb_column][et_pb_column type=\u00bb1_4&#8243; _builder_version=\u00bb4.27.0&#8243; _module_preset=\u00bbdefault\u00bb global_colors_info=\u00bb{}\u00bb][et_pb_image src=\u00bbhttps:\/\/provareempresa.org\/wp-content\/uploads\/2024\/11\/Valoracio-dempreses.png\u00bb title_text=\u00bbValoraci\u00f3n de empresas | Formaci\u00f3n para comprar\u00bb url=\u00bb@ET-DC@eyJkeW5hbWljIjp0cnVlLCJjb250ZW50IjoicG9zdF9saW5rX3VybF9wYWdlIiwic2V0dGluZ3MiOnsicG9zdF9pZCI6IjQ1MjQifX0=@\u00bb module_class=\u00bbcard-reempresa\u00bb _builder_version=\u00bb4.27.0&#8243; _dynamic_attributes=\u00bburl\u00bb _module_preset=\u00bbdefault\u00bb global_colors_info=\u00bb{}\u00bb][\/et_pb_image][\/et_pb_column][et_pb_column type=\u00bb1_4&#8243; _builder_version=\u00bb4.27.0&#8243; _module_preset=\u00bbdefault\u00bb global_colors_info=\u00bb{}\u00bb][et_pb_image src=\u00bbhttps:\/\/provareempresa.org\/wp-content\/uploads\/2024\/11\/Tipus-doperacions-i-fiscalitat-en-la-compra.png\u00bb title_text=\u00bbTipos de operaciones y fiscalidad en la compra | Formaci\u00f3n para comprar\u00bb url=\u00bb@ET-DC@eyJkeW5hbWljIjp0cnVlLCJjb250ZW50IjoicG9zdF9saW5rX3VybF9wYWdlIiwic2V0dGluZ3MiOnsicG9zdF9pZCI6IjQ1MjkifX0=@\u00bb module_class=\u00bbcard-reempresa\u00bb _builder_version=\u00bb4.27.0&#8243; _dynamic_attributes=\u00bburl\u00bb _module_preset=\u00bbdefault\u00bb global_colors_info=\u00bb{}\u00bb][\/et_pb_image][\/et_pb_column][\/et_pb_row][\/et_pb_section]<\/p>\n","protected":false},"excerpt":{"rendered":"<p>Conoce el abanico de servicios y el acompa\u00f1amiento que ofrecemos desde Reempresa en sesiones informativas, presenciales y en l\u00ednea, donde te explicaremos qu\u00e9 podemos hacer para ti y c\u00f3mo te acompa\u00f1amos en todo el proceso de compra. Ven sin compromiso y si est\u00e1s interesado o interesada a participar del servicio, despu\u00e9s podr\u00e1s darte de alta [&hellip;]<\/p>\n","protected":false},"author":2,"featured_media":0,"parent":18212,"menu_order":0,"comment_status":"closed","ping_status":"closed","template":"","meta":{"_et_pb_use_builder":"on","_et_pb_old_content":"","_et_gb_content_width":"","footnotes":""},"categoria":[11,19],"actualitat":[],"class_list":["post-18215","page","type-page","status-publish","hentry","categoria-formacio","categoria-sub-page"],"_links":{"self":[{"href":"https:\/\/reempresa.org\/es\/wp-json\/wp\/v2\/pages\/18215","targetHints":{"allow":["GET"]}}],"collection":[{"href":"https:\/\/reempresa.org\/es\/wp-json\/wp\/v2\/pages"}],"about":[{"href":"https:\/\/reempresa.org\/es\/wp-json\/wp\/v2\/types\/page"}],"author":[{"embeddable":true,"href":"https:\/\/reempresa.org\/es\/wp-json\/wp\/v2\/users\/2"}],"replies":[{"embeddable":true,"href":"https:\/\/reempresa.org\/es\/wp-json\/wp\/v2\/comments?post=18215"}],"version-history":[{"count":6,"href":"https:\/\/reempresa.org\/es\/wp-json\/wp\/v2\/pages\/18215\/revisions"}],"predecessor-version":[{"id":19338,"href":"https:\/\/reempresa.org\/es\/wp-json\/wp\/v2\/pages\/18215\/revisions\/19338"}],"up":[{"embeddable":true,"href":"https:\/\/reempresa.org\/es\/wp-json\/wp\/v2\/pages\/18212"}],"wp:attachment":[{"href":"https:\/\/reempresa.org\/es\/wp-json\/wp\/v2\/media?parent=18215"}],"wp:term":[{"taxonomy":"categoria","embeddable":true,"href":"https:\/\/reempresa.org\/es\/wp-json\/wp\/v2\/categoria?post=18215"},{"taxonomy":"actualitat","embeddable":true,"href":"https:\/\/reempresa.org\/es\/wp-json\/wp\/v2\/actualitat?post=18215"}],"curies":[{"name":"wp","href":"https:\/\/api.w.org\/{rel}","templated":true}]}}