{"id":18195,"date":"2025-03-05T07:26:02","date_gmt":"2025-03-05T07:26:02","guid":{"rendered":"https:\/\/reempresa.org\/politica-de-privacidad\/"},"modified":"2025-09-25T07:48:39","modified_gmt":"2025-09-25T07:48:39","slug":"politica-privacidad","status":"publish","type":"page","link":"https:\/\/reempresa.org\/es\/politica-privacidad\/","title":{"rendered":"Pol\u00edtica de Privacidad"},"content":{"rendered":"<p>[et_pb_section fb_built=\u00bb1&#8243; _builder_version=\u00bb4.16&#8243; da_disable_devices=\u00bboff|off|off\u00bb global_colors_info=\u00bb{}\u00bb theme_builder_area=\u00bbpost_content\u00bb da_is_popup=\u00bboff\u00bb da_exit_intent=\u00bboff\u00bb da_has_close=\u00bbon\u00bb da_alt_close=\u00bboff\u00bb da_dark_close=\u00bboff\u00bb da_not_modal=\u00bbon\u00bb da_is_singular=\u00bboff\u00bb da_with_loader=\u00bboff\u00bb da_has_shadow=\u00bbon\u00bb][et_pb_row _builder_version=\u00bb4.27.0&#8243; _module_preset=\u00bbdefault\u00bb custom_padding=\u00bb0px||0px|||\u00bb global_colors_info=\u00bb{}\u00bb theme_builder_area=\u00bbpost_content\u00bb][et_pb_column type=\u00bb4_4&#8243; _builder_version=\u00bb4.27.0&#8243; _module_preset=\u00bbdefault\u00bb global_colors_info=\u00bb{}\u00bb theme_builder_area=\u00bbpost_content\u00bb][et_pb_heading title=\u00bbPol\u00edtica de Privacidad\u00bb _builder_version=\u00bb4.27.0&#8243; _module_preset=\u00bbdefault\u00bb global_colors_info=\u00bb{}\u00bb theme_builder_area=\u00bbpost_content\u00bb][\/et_pb_heading][\/et_pb_column][\/et_pb_row][et_pb_row _builder_version=\u00bb4.16&#8243; background_size=\u00bbinitial\u00bb background_position=\u00bbtop_left\u00bb background_repeat=\u00bbrepeat\u00bb global_colors_info=\u00bb{}\u00bb theme_builder_area=\u00bbpost_content\u00bb][et_pb_column type=\u00bb4_4&#8243; _builder_version=\u00bb4.16&#8243; custom_padding=\u00bb|||\u00bb global_colors_info=\u00bb{}\u00bb custom_padding__hover=\u00bb|||\u00bb theme_builder_area=\u00bbpost_content\u00bb][et_pb_text _builder_version=\u00bb4.27.0&#8243; text_font_size=\u00bb18px\u00bb text_line_height=\u00bb1.5em\u00bb background_size=\u00bbinitial\u00bb background_position=\u00bbtop_left\u00bb background_repeat=\u00bbrepeat\u00bb global_colors_info=\u00bb{}\u00bb theme_builder_area=\u00bbpost_content\u00bb]<\/p>\n<p><custom name=\"underline\"><strong>Titularidad<\/strong><\/custom><\/p>\n<p>En cumplimiento del que establece el Reglamento (UE) 2016\/679 del Parlamento Europeo y del Consejo, de 27 de abril de 2016 (en lo sucesivo RGPD) lo informamos que los datos personales comunicados ser\u00e1n incorporadas a una base de datos titularidad de FUNDACI\u00d3 CECOT INNOVACI\u00d3 (FCI), con NIF: G-61.097.994. Direcci\u00f3n postal: C \/ Sant Pau, 6, 08221 de Terrassa. Tel\u00e9fono: 93.266.74.38 y correo electr\u00f3nico: <a href=\"mailto:info@reempresa.org\">info@reempresa.org<\/a>.  <\/p>\n<p>As\u00ed mismo, os informamos que, para determinados supuestos, las fundaciones, gremios y asociaciones del Grupo Cecot, identificadas a <a href=\"https:\/\/cecot.org\/politica-de-privadesa\/\">cecot.org\/politica-de-privadesa\/<\/a> tratar\u00e1n los datos de forma conjunta en calidad de Corresponsables del Tratamiento. Se explicar\u00e1 esta corresponsabilidad de forma detallada al apartado CORRESPONSABILIDAD de la presente Pol\u00edtica de Privacidad. <\/p>\n<p><strong><\/strong><\/p>\n<p><strong><custom name=\"underline\">Contacto<\/custom><\/strong><\/p>\n<p>Para cualquier asunto relacionado con el tratamiento de datos de personas f\u00edsicas por parte de FCI se puede dirigir a nuestro Delegado de Protecci\u00f3n de Datos a trav\u00e9s de la siguiente direcci\u00f3n de correo electr\u00f3nico <a href=\"mailto:info@reempresa.org\">info@reempresa.org<\/a>.<\/p>\n<p><strong> <\/strong><br \/><strong><custom name=\"underline\" inline=\"false\">Datos personales<\/custom><\/strong><\/p>\n<p>FCI pedir\u00e1 los siguientes datos:<\/p>\n<p><strong> <\/strong><\/p>\n<ul>\n<li><strong>Contacto comercial<\/strong>: Atenci\u00f3n de consultas y solicitudes de contacto recibidas por cualquier medio, de los servicios de FCI, as\u00ed como el mantenimiento de relaciones comerciales:<\/li>\n<\/ul>\n<p><strong>Datos recogidos<\/strong>: Nombre, tel\u00e9fono, email y consulta.<\/p>\n<p><strong>Finalidad<\/strong>: Contestar las solicitudes de informaci\u00f3n que el interesado haya realizado por cualquier medio sobre los productos y servicios de FCI, y establecer y mantener relaciones comerciales.<\/p>\n<p><strong>Legitimaci\u00f3n<\/strong>: En base a la prestaci\u00f3n del consentimiento FCI est\u00e1 legitimado para tratar los datos del interesado facilitadas a trav\u00e9s de la solicitud de contacto, y de acuerdo con el inter\u00e9s leg\u00edtimo para el desarrollo y mantenimiento de relaciones comerciales.<\/p>\n<p><strong> Plazos de conservaci\u00f3n<\/strong>: Los datos se conservar\u00e1n hasta el momento en que el interesado solicite la baja o supresi\u00f3n de sus datos y un golpe supresos se mantendr\u00e1n a disposici\u00f3n de la administraci\u00f3n p\u00fablica, jueces y tribunales, por los plazos legales establecidos para la atenci\u00f3n y defensa de las posibles responsabilidades nacidas del tratamiento.<\/p>\n<p>&nbsp;<\/p>\n<ul>\n<li><strong>Promocional o Newsletter<\/strong>: La remisi\u00f3n de informaci\u00f3n, novedades, avisos, recordatorios y promociones que puedan ser de su inter\u00e9s, relacionadas con las actividades de FCI.<\/li>\n<\/ul>\n<p><strong>Daros recogidos<\/strong>: Direcci\u00f3n de correo electr\u00f3nico, nombre y apellidos.<\/p>\n<p><strong>Finalidad<\/strong>: El registro de los interesados para la remisi\u00f3n de informaci\u00f3n, novedades y promociones, y establecer y mantener relaciones comerciales.<\/p>\n<p><strong>Legitimaci\u00f3n<\/strong>: Prestaci\u00f3n del consentimiento del interesado a FCI para el alta en servicios promocionales, y el inter\u00e9s leg\u00edtimo para el desarrollo de relaciones comerciales.<\/p>\n<p><strong> Plazos de conservaci\u00f3n<\/strong>: Los datos se conservar\u00e1n hasta el momento en que el interesado solicite la baja o supresi\u00f3n de sus datos y un golpe supresos se mantendr\u00e1n a disposici\u00f3n de la administraci\u00f3n p\u00fablica, jueces y tribunales, por los plazos legales establecidos para la atenci\u00f3n y defensa de las posibles responsabilidades nacidas del tratamiento.<\/p>\n<p>&nbsp;<\/p>\n<ul>\n<li><strong>Participa<\/strong>: Datos necesarios para participar en el programa reemprendida consistente al reemprender o ceder una empresa.<\/li>\n<\/ul>\n<p><strong>Dades recogidas<\/strong>: Nombre, apellidos, DNI, direcci\u00f3n de contacto, domicilio, correo electr\u00f3nico, tel\u00e9fono de contacto y otros datos necesarios para el servicio solicitado, y que ser\u00e1 exclusivamente necesarios para el registro del programa Reempresa.<\/p>\n<p><strong>Finalidad<\/strong>: La finalidad del tratamiento de los datos es la gesti\u00f3n, promoci\u00f3n, participaci\u00f3n y justificaci\u00f3n de las actividades desarrolladas por el Centro de reempresa de Catalu\u00f1a, en colaboraci\u00f3n con la Fundaci\u00f3n Privada para la Promoci\u00f3n del Autoocupaci\u00f3 de Catalu\u00f1a (Autoocupaci\u00f3) y otras instituciones y entidades colaboradoras, para que pueda trabajar a su favor con el objetivo de prestarle los servicios del Centro de reempresa de Catalu\u00f1a, de ponerlo en contacto con otros usuarios que puedan estar interesados, y de ayudar en su proceso de transmisi\u00f3n o adquisici\u00f3n de una empresa.<\/p>\n<p><strong>Legitimaci\u00f3n<\/strong>: la relaci\u00f3n jur\u00eddica o contractual existente necesaria para la prestaci\u00f3n del servicio y el inter\u00e9s leg\u00edtimo para el desarrollo de relaciones comerciales.<\/p>\n<p><strong>Plazos de conservaci\u00f3n<\/strong>: los datos se conservar\u00e1n durante el tiempo necesario para la finalidad del tratamiento, y una vez finalizada la misma se mantendr\u00e1n a disposici\u00f3n de la administraci\u00f3n p\u00fablica, jueces y tribunales, por los plazos legales establecidos para la atenci\u00f3n y defensa de las posibles responsabilidades nacidas del tratamiento.<\/p>\n<p><strong>Destinatarios<\/strong>: FCI comunicar\u00e1 los datos personales facilitados por los cedentes y reemprendedores que hayan mostrado un inter\u00e9s real en la compra de la empresa, y al rev\u00e9s, siempre que la cesi\u00f3n<\/p>\n<p>tenga por finalidad que los usuarios se conozcan e inicien las negociaciones oportunas en vistas a la compraventa, u otras actividades pr\u00f3ximas en el Centro de Reempresa de Catalu\u00f1a.<\/p>\n<p>&nbsp;<\/p>\n<ul>\n<li><strong> Alta y seguimiento cuentas Corporativas de Redes Sociales web:<\/strong> los datos personales que facilita o habilita las redes sociales al acontecer seguidor de las mismas. Las cuentas corporativas de las redes sociales de reempresa son las siguientes: <\/li>\n<\/ul>\n<p>&#8211; Facebook:<span> <\/span><a href=\"https:\/\/www.facebook.com\/reempresa\/\">https:\/\/www.facebook.com\/reempresa\/<\/a><\/p>\n<p>&#8211; LinkedIn:<span> <\/span><a href=\"https:\/\/es.linkedin.com\/company\/reempresa\">https:\/\/es.linkedin.com\/company\/reempresa<\/a><\/p>\n<p>&#8211; X:<span> <\/span><a href=\"https:\/\/x.com\/reempresa\">https:\/\/x.com\/reempresa<\/a><\/p>\n<p>&#8211; YouTube:<span> <\/span><a href=\"https:\/\/www.youtube.com\/user\/reempresa\">https:\/\/www.youtube.com\/user\/reempresa<\/a><\/p>\n<p><strong>Datos recogidos<\/strong>: Nombre, apellidos, NIF, direcci\u00f3n de contacto, domicilio, correo electr\u00f3nico, tel\u00e9fono de contacto, otros datos facilitados por la correspondiente red social.<\/p>\n<p><strong>Finalidad<\/strong>: seguimiento red social y establecer y mantener relaciones comerciales<\/p>\n<p><strong>Legitimaci\u00f3n<\/strong>: prestaci\u00f3n del consentimiento del interesado y el inter\u00e9s leg\u00edtimo para el desarrollo de relaciones comerciales.<\/p>\n<p><strong>Plazos de conservaci\u00f3n<\/strong>: los datos se conservar\u00e1n durante el tiempo necesario para la finalidad del tratamiento, y una vez finalizada la misma se mantendr\u00e1n a disposici\u00f3n de la administraci\u00f3n p\u00fablica, jueces y tribunales, por los plazos legales establecidos para la atenci\u00f3n y defensa de las posibles responsabilidades nacidas del tratamiento.<\/p>\n<ul>\n<li><strong>Clientes \/ Proveedores<\/strong>: Datos personales profesionales facilitadas por Clientes \/ Proveedores para la prestaci\u00f3n de servicios y gesti\u00f3n de la relaci\u00f3n jur\u00eddica o contractual.<\/li>\n<\/ul>\n<p><strong>Datos recogidos<\/strong>: Nombre y apellidos, DNI, direcci\u00f3n profesional de contacto, correo electr\u00f3nico, tel\u00e9fono de contacto.<\/p>\n<p><strong>Finalidad<\/strong>: la gesti\u00f3n de la relaci\u00f3n contractual del servicio.<\/p>\n<p><strong>Legitimaci\u00f3n<\/strong>: la relaci\u00f3n jur\u00eddica o contractual existente necesaria para la prestaci\u00f3n del servicio.<\/p>\n<p><strong>Plazos de conservaci\u00f3n<\/strong>: los datos se conservar\u00e1n durante el tiempo necesario para la finalidad del tratamiento o supresi\u00f3n de los mismos, y una vez finalizada o supresa se podr\u00e1n conservar por un periodo de seis a\u00f1os a disposici\u00f3n de la administraci\u00f3n p\u00fablica, jueces y tribunales, por la atenci\u00f3n y defensa de las posibles responsabilidades nacidas del tratamiento.<\/p>\n<p>comunicaciones de datos a terceros para las prestaciones de servicios de terceros como encargados de tratamiento con los cuales FCI ha firmado los correspondientes contratos de Encargado de Tratamiento y verificado que los mismos re\u00fanen las garant\u00edas suficientes para aplicar medidas t\u00e9cnicas y organizativas apropiadas, de tal manera que el tratamiento se realiza de acuerdo con los requisitos del RGPD garantizando la protecci\u00f3n de los derechos del interesado.<\/p>\n<p>&nbsp;<\/p>\n<p><strong>Corresponsabilidad<\/strong><\/p>\n<p>Os informamos que las fundaciones, gremios y asociaciones del Grupo Cecot identificadas a <a href=\"https:\/\/cecot.org\/politica-de-privadesa\/\">cecot.org\/politica-de-privadesa\/<\/a>, tratar\u00e1n conjuntamente vuestros datos en corresponsabilidad en funci\u00f3n del tratamiento que realizar\u00e1n.<\/p>\n<p>De acuerdo con el que disponen el RGPD y la LOPDGDD, os informamos que los corresponsables del tratamiento de vuestros datos han subscrito un contrato de corresponsabilidad para determinados tratamientos, los elementos esenciales de los cuales son los siguientes:<\/p>\n<p>\u2022 Las fundaciones, gremios y asociaciones corresponsables establecen que actuar\u00e1n de forma coordinada o conjunta para los tratamientos identificados en esta <a href=\"https:\/\/reempresa.org\/politica-privacidad\/\">Pol\u00edtica de Privacidad<\/a>.<\/p>\n<p>\u2022 Todas las fundaciones, gremios y asociaciones han adoptado las medidas necesarias para garantizar la seguridad de los datos objeto de corresponsabilidad.<\/p>\n<p>\u2022 El Grup Cecot dispone de la direcci\u00f3n electr\u00f3nica <a href=\"mailto:rgpd@cecot.org\">rgpd@cecot.org<\/a> para el ejercicio de derechos de los interesados.<\/p>\n<p>\u2022 Las fundaciones, asociaciones y gremios del Grupo Cecot que se configuran como corresponsables cumplen el deber de confidencialidad y secreto de los datos personales objeto de esta corresponsabilidad.<\/p>\n<p>En concreto, os informamos que los tratamientos sobre los cuales hay una corresponsabilidad son los siguientes:<\/p>\n<p>\u2022 Tratamientos basados en el inter\u00e9s leg\u00edtimo:<\/p>\n<p>o Tratamientos con fines comerciales:<\/p>\n<ul>\n<li>Contacto comercial.<\/li>\n<li>Promocional o Newsletters.<\/li>\n<li>Servicios.<\/li>\n<li>Alta y seguimiento de cuentas corporativas de redes sociales web.<\/li>\n<li>Clientes\/proveedores.<\/li>\n<\/ul>\n<p>o En los tratamientos basados en este inter\u00e9s leg\u00edtimo habr\u00e1 corresponsabilidad entre todas las fundaciones, gremios y asociaciones del Grupo Cecot.<\/p>\n<p><strong> <\/strong><\/p>\n<p><strong>Tratamiento basado al inter\u00e9s leg\u00edtimo<\/strong><\/p>\n<p>Os informamos que hay tratamientos de datos que tienen como base jur\u00eddica la satisfacci\u00f3n de intereses leg\u00edtimos perseguidos por FCI. Estos tratamientos se realizan despu\u00e9s de la realizaci\u00f3n de una ponderaci\u00f3n entre sus derechos y nuestro inter\u00e9s leg\u00edtimo, en la cual hemos concluido que este prevalece, seg\u00fan establece el arte. 6.1.f) del RGPD.  <\/p>\n<p>Pod\u00e9is consultar en cualquier momento el an\u00e1lisis de ponderaci\u00f3n del inter\u00e9s leg\u00edtimo de un tratamiento enviando vuestra solicitud a la direcci\u00f3n de correo electr\u00f3nico <a href=\"mailto:dpd@cecot.org\">dpd@cecot.org<\/a>.<\/p>\n<p>As\u00ed mismo, os recordamos que ten\u00e9is derecho a oponeros a los tratamientos basados en el inter\u00e9s leg\u00edtimo. Pod\u00e9is hacerlo a trav\u00e9s de la direcci\u00f3n de correo electr\u00f3nico <a href=\"mailto:rgpd@cecot.org\">rgpd@cecot.org<\/a>. <\/p>\n<p>En concreto, con base al inter\u00e9s leg\u00edtimo de FCI los datos personales del interesado podr\u00e1n ser utilizadas para el establecimiento o el mantenimiento de relaciones comerciales por cualquier v\u00eda incluida la v\u00eda electr\u00f3nica sobre informaci\u00f3n de inter\u00e9s sobre productos y servicios de FCI, as\u00ed como de las empresas del Grupo Cecot.<\/p>\n<p>&nbsp;<\/p>\n<p><strong>Ejercicio de derechos<\/strong><\/p>\n<p>El Interesado tiene reconocidos sus derechos de acceso, rectificaci\u00f3n, supresi\u00f3n, limitaci\u00f3n, oposici\u00f3n y portabilidad de sus datos. Del mismo modo, est\u00e1 amparado por el derecho a retirar su consentimiento para el tratamiento por FCI. As\u00ed mismo, tiene derecho a reclamar ante la autoridad de control.  <\/p>\n<p>En cualquier momento el Interesado podr\u00e1 ejercitar sus derechos mediante la remisi\u00f3n de una comunicaci\u00f3n, adjuntando un documento que acredite su identidad e indicando expresamente el derecho que desea ejercitar, a FCI en el domicilio m\u00e1s arriba indicado o enviando un correo electr\u00f3nico a la direcci\u00f3n<span> <\/span><a href=\"https:\/\/web.archive.org\/web\/20241009165747\/mailto:info@reempresa.org\" target=\"_self\">info@reempresa.org<\/a>.<\/p>\n<p><strong><br \/>Medidas de seguridad t\u00e9cnicas y organizativas<\/strong><\/p>\n<p>FCI ha adoptado las medidas t\u00e9cnicas y organizativas necesarias para garantizar la seguridad e integridad de los datos, as\u00ed como para evitar su alteraci\u00f3n, p\u00e9rdida, tratamiento o acceso no autorizado. <\/p>\n<p><strong>Datos facilitados<\/strong><\/p>\n<p>Los datos recogidos por las diferentes v\u00edas habilitadas son las estrictamente necesarias para atender su solicitud, los cuales el Interesado comunica voluntariamente. La negativa a proporcionar los datos cualificados como obligatorios supondr\u00e1 la no prestaci\u00f3n o la imposibilidad de acceder al servicio para los que eran solicitados. As\u00ed mismo, podr\u00e1n facilitar datos de manera voluntaria con el objetivo que puedan prestarse de manera \u00f3ptima los servicios. Igualmente, en aquellos supuestos en que se facilite datos de terceros, el Interesado se compromete a informarlos del contenido de la presente pol\u00edtica de privacidad.   <\/p>\n<p>El Interesado se compromete a comunicar lo antes posible a FCI cualquier modificaci\u00f3n y rectificaci\u00f3n de sus datos de car\u00e1cter personal a los efectos que la informaci\u00f3n contenida en los registros de Actividad de FCI est\u00e9 en todo momento actualizada.<\/p>\n<p>Para cualquier asunto relacionado con el tratamiento de datos de personas f\u00edsicas por parte de la FUNDACI\u00d3N CECOT INNOVACI\u00d3N podr\u00e1 dirigir a nuestro Delegado de Protecci\u00f3n de Datos a trav\u00e9s de la siguiente direcci\u00f3n de correo electr\u00f3nico <a href=\"mailto:dpd@cecot.org\">dpd@cecot.org<\/a>.<\/p>\n<p>&nbsp;<\/p>\n<p><!-- \/divi:paragraph -->[\/et_pb_text][\/et_pb_column][\/et_pb_row][\/et_pb_section]<\/p>\n","protected":false},"excerpt":{"rendered":"<p>Titularidad En cumplimiento del que establece el Reglamento (UE) 2016\/679 del Parlamento Europeo y del Consejo, de 27 de abril de 2016 (en lo sucesivo RGPD) lo informamos que los datos personales comunicados ser\u00e1n incorporadas a una base de datos titularidad de FUNDACI\u00d3 CECOT INNOVACI\u00d3 (FCI), con NIF: G-61.097.994. Direcci\u00f3n postal: C \/ Sant Pau, [&hellip;]<\/p>\n","protected":false},"author":2,"featured_media":0,"parent":0,"menu_order":0,"comment_status":"closed","ping_status":"closed","template":"","meta":{"_et_pb_use_builder":"on","_et_pb_old_content":"","_et_gb_content_width":"","footnotes":""},"categoria":[104,19],"actualitat":[],"class_list":["post-18195","page","type-page","status-publish","hentry","categoria-footer","categoria-sub-page"],"_links":{"self":[{"href":"https:\/\/reempresa.org\/es\/wp-json\/wp\/v2\/pages\/18195","targetHints":{"allow":["GET"]}}],"collection":[{"href":"https:\/\/reempresa.org\/es\/wp-json\/wp\/v2\/pages"}],"about":[{"href":"https:\/\/reempresa.org\/es\/wp-json\/wp\/v2\/types\/page"}],"author":[{"embeddable":true,"href":"https:\/\/reempresa.org\/es\/wp-json\/wp\/v2\/users\/2"}],"replies":[{"embeddable":true,"href":"https:\/\/reempresa.org\/es\/wp-json\/wp\/v2\/comments?post=18195"}],"version-history":[{"count":8,"href":"https:\/\/reempresa.org\/es\/wp-json\/wp\/v2\/pages\/18195\/revisions"}],"predecessor-version":[{"id":20024,"href":"https:\/\/reempresa.org\/es\/wp-json\/wp\/v2\/pages\/18195\/revisions\/20024"}],"wp:attachment":[{"href":"https:\/\/reempresa.org\/es\/wp-json\/wp\/v2\/media?parent=18195"}],"wp:term":[{"taxonomy":"categoria","embeddable":true,"href":"https:\/\/reempresa.org\/es\/wp-json\/wp\/v2\/categoria?post=18195"},{"taxonomy":"actualitat","embeddable":true,"href":"https:\/\/reempresa.org\/es\/wp-json\/wp\/v2\/actualitat?post=18195"}],"curies":[{"name":"wp","href":"https:\/\/api.w.org\/{rel}","templated":true}]}}