{"id":18187,"date":"2025-03-05T07:26:02","date_gmt":"2025-03-05T07:26:02","guid":{"rendered":"https:\/\/reempresa.org\/politica-de-cookies\/"},"modified":"2025-03-28T08:17:55","modified_gmt":"2025-03-28T08:17:55","slug":"politica-cookies","status":"publish","type":"page","link":"https:\/\/reempresa.org\/es\/politica-cookies\/","title":{"rendered":"Pol\u00edtica de Cookies"},"content":{"rendered":"<p>[et_pb_section fb_built=\u00bb1&#8243; _builder_version=\u00bb4.16&#8243; da_disable_devices=\u00bboff|off|off\u00bb global_colors_info=\u00bb{}\u00bb theme_builder_area=\u00bbpost_content\u00bb da_is_popup=\u00bboff\u00bb da_exit_intent=\u00bboff\u00bb da_has_close=\u00bbon\u00bb da_alt_close=\u00bboff\u00bb da_dark_close=\u00bboff\u00bb da_not_modal=\u00bbon\u00bb da_is_singular=\u00bboff\u00bb da_with_loader=\u00bboff\u00bb da_has_shadow=\u00bbon\u00bb][et_pb_row _builder_version=\u00bb4.27.0&#8243; _module_preset=\u00bbdefault\u00bb custom_padding=\u00bb0px||0px|||\u00bb global_colors_info=\u00bb{}\u00bb theme_builder_area=\u00bbpost_content\u00bb][et_pb_column type=\u00bb4_4&#8243; _builder_version=\u00bb4.27.0&#8243; _module_preset=\u00bbdefault\u00bb global_colors_info=\u00bb{}\u00bb theme_builder_area=\u00bbpost_content\u00bb][et_pb_heading title=\u00bbPol\u00edtica de Cookies\u00bb _builder_version=\u00bb4.27.0&#8243; _module_preset=\u00bbdefault\u00bb global_colors_info=\u00bb{}\u00bb theme_builder_area=\u00bbpost_content\u00bb][\/et_pb_heading][\/et_pb_column][\/et_pb_row][et_pb_row _builder_version=\u00bb4.16&#8243; background_size=\u00bbinitial\u00bb background_position=\u00bbtop_left\u00bb background_repeat=\u00bbrepeat\u00bb global_colors_info=\u00bb{}\u00bb theme_builder_area=\u00bbpost_content\u00bb][et_pb_column type=\u00bb4_4&#8243; _builder_version=\u00bb4.16&#8243; custom_padding=\u00bb|||\u00bb global_colors_info=\u00bb{}\u00bb custom_padding__hover=\u00bb|||\u00bb theme_builder_area=\u00bbpost_content\u00bb][et_pb_text _builder_version=\u00bb4.27.0&#8243; text_font_size=\u00bb18px\u00bb text_line_height=\u00bb1.5em\u00bb background_size=\u00bbinitial\u00bb background_position=\u00bbtop_left\u00bb background_repeat=\u00bbrepeat\u00bb hover_enabled=\u00bb0&#8243; global_colors_info=\u00bb{}\u00bb theme_builder_area=\u00bbpost_content\u00bb sticky_enabled=\u00bb0&#8243;]<\/p>\n<p>Antes de que empieces a navegar por la Web nos gustar\u00eda informarte que utilizamos cookies con diferentes finalidades en la <a href=\"https:\/\/www.reempresa.org\/\">www.reempresa.org<\/a>, de tal forma que puedas decidir si quieres que estas se instalen en tu equipo o no.<\/p>\n<p>Haciendo clic al bot\u00f3n \u00abDe acuerdo\u00bb otorga a<span> <\/span><strong>FCI<\/strong><span> <\/span>su consentimiento porque llevamos a cabo todo el procesamiento descrito en la presente pol\u00edtica. De forma alternativa, puede rechazar todas las galletas haciendo clic al bot\u00f3n \u00abRechazar\u00bb o definir las galletas que se utilizar\u00e1n durante su navegaci\u00f3n en el bot\u00f3n \u00abConfiguraci\u00f3n\u00bb. <\/p>\n<p><strong>\u00bfQu\u00e9 son la cookies?<\/strong><\/p>\n<p>Las cookies son peque\u00f1os archivos de informaci\u00f3n que se env\u00edan y almacenan en el equipo desde el cual se accede en la Web <a href=\"https:\/\/www.emprenedoria.org\/\">www.reempresa.org<\/a> (PC u ordenador personal, tel\u00e9fono m\u00f3vil, tableta o televisi\u00f3n conectada) facilitando el uso de esta, para ofrecer un mejor servicio.<\/p>\n<p>La Web <a href=\"https:\/\/www.emprenedoria.org\/\">www.reempresa.org<\/a> utiliza tanto cookies propias como de terceros que nos ayudan a mejorar la calidad permiti\u00e9ndonos comparar, recordar, controlar y entender como navegan nuestros usuarios a trav\u00e9s del Web, identificando que es aquello que encuentran \u00fatil y el que no y as\u00ed poder mejorar el proceso de navegaci\u00f3n.<\/p>\n<p>Las cookies que utiliza la Web no causan da\u00f1o en tu equipo. \u00danicamente, sirven para mejorar los servicios ofrecidos. Algunas son estrictamente necesarias para que la p\u00e1gina funcione correctamente (t\u00e9cnicas y de personalizaci\u00f3n) y otras sirven para mejorar el rendimiento y experiencia como usuario (an\u00e1lisis, publicitarias y de publicidad comportamental).  <\/p>\n<p>La Web utiliza tanto cookies de sesi\u00f3n, temporales, como cookies permanentes. Las cookies de sesi\u00f3n almacenan datos mientras el usuario accede en el Web, caducan al cerrar el navegador; mientras que las cookies permanentes almacenan los datos en el terminal porque sean accedidas y utilizadas en m\u00e1s de una sesi\u00f3n, suelen caducar cuando transcurre un periodo de tiempo que puede oscilar entre los dos meses y los dos a\u00f1os. <\/p>\n<p><strong><\/strong><\/p>\n<p><strong>Desactivaci\u00f3n de cookies <\/strong><\/p>\n<p>Tienes la opci\u00f3n de permitir, bloquear o eliminar las cookies instaladas en tu equipo mediante la configuraci\u00f3n de las opciones del navegador instalado en su equipo. Al desactivar cookies, algunos de los servicios disponibles podr\u00edan dejar de estar operativos. La forma de deshabilitar las cookies es diferente para cada navegador, pero normalmente puede hacerse desde el men\u00fa Herramientas u opciones. Tambi\u00e9n puede consultarse el men\u00fa de Ayuda del navegador donde puedes encontrar instrucciones. El usuario podr\u00e1 -en cualquier momento- elegir qu\u00e9 cookies quiere que funcionen en este sitio web mediante la configuraci\u00f3n del navegador; por ejemplo:    <\/p>\n<p>\u2013 <a href=\"https:\/\/support.mozilla.org\/es\/kb\/impedir-que-los-sitios-web-guarden-sus-preferencia\" target=\"_blank\" rel=\"noopener\">Mozilla Firefox<\/a><\/p>\n<p>\u2013 <a href=\"https:\/\/support.google.com\/accounts\/answer\/61416?hl=es\" title=\"Google Chrome\">Google Chrome<\/a><\/p>\n<p>\u2013 <a href=\"https:\/\/support.apple.com\/es-es\/guide\/safari\/sfri11471\/mac\" target=\"_blank\" rel=\"noopener\">Safari<\/a><\/p>\n<p>\u2013 <a href=\"https:\/\/blogs.opera.com\/news\/2015\/08\/how-to-manage-cookies-in-opera\/\" target=\"_blank\" rel=\"noopener\">Opera<\/a><\/p>\n<p><strong><\/strong><\/p>\n<p><strong>Tipos de cookies<\/strong><\/p>\n<p>Seg\u00fan la finalidad por la cual se traten los datos obtenidos a trav\u00e9s de las cookies, la Web puede utilizar:<\/p>\n<ul>\n<li><strong>Cookies t\u00e9cnicas<\/strong>: son aquellas que permiten al usuario la navegaci\u00f3n a trav\u00e9s de una p\u00e1gina web, plataforma o aplicaci\u00f3n y la utilizaci\u00f3n de las diferentes opciones o servicios que en ella existan c\u00f3mo, por ejemplo, controlar el tr\u00e1fico y la comunicaci\u00f3n de datos, identificar la sesi\u00f3n, acceder a partes de acceso restringido.<\/li>\n<li><strong>Cookies de personalizaci\u00f3n<\/strong>: son aquellas que permiten al usuario acceder al servicio con algunas caracter\u00edsticas de car\u00e1cter general predefinidas en funci\u00f3n de una serie de criterios en el terminal del usuario como por ejemplo ser\u00edan el idioma, el tipo de navegador.<\/li>\n<li><strong>Cookies de an\u00e1lisis<\/strong>: son aquellas que permiten el seguimiento y an\u00e1lisis del comportamiento de los usuarios de los sitios web a los cuales est\u00e1n vinculadas. La informaci\u00f3n recogida mediante este tipo de cookies se utiliza en la medici\u00f3n de la actividad de los sitios web, aplicaci\u00f3n o plataforma y para la elaboraci\u00f3n de perfiles de navegaci\u00f3n de los usuarios. <\/li>\n<li><strong>Cookies publicitarias<\/strong>: son aquellas que permiten la gesti\u00f3n, de la forma m\u00e1s eficaz posible, de los espacios publicitarios.<\/li>\n<li><strong>Cookies de publicidad comportamental<\/strong>: estas cookies almacenan informaci\u00f3n del comportamiento de los usuarios obtenida a trav\u00e9s de la observaci\u00f3n continuada de sus h\u00e1bitos de navegaci\u00f3n, lo cual permite desarrollar un perfil espec\u00edfico para mostrar publicidad en funci\u00f3n del mismo. El usuario puede darse de baja en la utilizaci\u00f3n de sus datos para publicidad visitando <a href=\"https:\/\/www.youronlinechoices.com\/es\" target=\"_blank\" rel=\"noopener\">IAB Spain<\/a>. Seguir\u00e1 recibiendo otra publicidad, pero esta no estar\u00e1 basada en sus intereses espec\u00edficos.  <\/li>\n<li><strong>Cookies de redes sociales externas<\/strong>: que se utilizan para que los visitantes puedan interactuar con el contenido de diferentes plataformas sociales (facebook, youtube, twitter, linkedIn, etc..) y que se generen \u00fanicamente para los usuarios de estas redes sociales. Las condiciones de utilizaci\u00f3n de estas cookies y la informaci\u00f3n recopilada se regulan por la pol\u00edtica de privacidad de la plataforma social correspondiente. <\/li>\n<\/ul>\n<p>Actualmente en la WEB se utilizan los siguientes tipos de cookies:<\/p>\n<table border=\"1\" cellpadding=\"2\" cellspacing=\"0\" width=\"730\" summary=\"\" height=\"411\" style=\"width: 1020px;\">\n<tbody>\n<tr>\n<td valign=\"top\" colspan=\"3\" style=\"width: 1012px;\">\n<p align=\"center\"><strong>COOKIES PROPIAS<\/strong><\/p>\n<\/td>\n<\/tr>\n<tr>\n<td valign=\"top\" style=\"width: 333.891px;\">\n<p align=\"center\"><strong>Cookies<\/strong><\/p>\n<\/td>\n<td valign=\"top\" style=\"width: 512.469px;\">\n<p align=\"center\"><strong> <\/strong><\/p>\n<p align=\"center\"><strong>Finalidad<\/strong><\/p>\n<p align=\"center\"><strong> <\/strong><\/p>\n<\/td>\n<td valign=\"top\" style=\"width: 153.641px;\">\n<p align=\"center\"><strong>Opt-out<\/strong><\/p>\n<\/td>\n<\/tr>\n<tr>\n<td valign=\"top\" style=\"width: 333.891px;\">\n<p align=\"center\">Cookies T\u00e9cnicas<\/p>\n<\/td>\n<td valign=\"top\" style=\"width: 512.469px;\">Gestionan la correcta navegaci\u00f3n a trav\u00e9s de la web y sus contenidos, permitiendo identificar las sesiones de usuario y proteger su uso.<\/td>\n<td valign=\"top\" style=\"width: 153.641px;\">\n<p align=\"center\">N\/A<\/p>\n<\/td>\n<\/tr>\n<tr>\n<td valign=\"top\" style=\"width: 333.891px;\">\n<p align=\"center\">Cookies de Personalizaci\u00f3n<\/p>\n<\/td>\n<td valign=\"top\" style=\"width: 512.469px;\">Permiten mejorar la experiencia del usuario almacenando variables personalizadas como el idioma o las preferencias en la navegaci\u00f3n.<\/td>\n<td valign=\"top\" style=\"width: 153.641px;\">\n<p align=\"center\">N\/A<\/p>\n<\/td>\n<\/tr>\n<\/tbody>\n<\/table>\n<p><a name=\"eztoc_1_1_1\" id=\"eztoc_1_1_1\"><\/a><\/p>\n<h3><\/h3>\n<table border=\"1\" cellpadding=\"2\" cellspacing=\"0\" width=\"576px\" summary=\"\" style=\"width: 1020px;\" height=\"4224\">\n<tbody>\n<tr>\n<td valign=\"top\" colspan=\"4\" style=\"width: 1012px;\">\n<p align=\"center\"><strong>COOKIES DE TERCEROS<\/strong><\/p>\n<p align=\"center\"><strong>(La informaci\u00f3n recogida a continuaci\u00f3n ha sido facilitada por estos terceros)<\/strong><\/p>\n<\/td>\n<\/tr>\n<tr>\n<td valign=\"top\" colspan=\"2\" style=\"width: 256.266px;\">\n<p align=\"center\"><strong>Cookies<\/strong><\/p>\n<\/td>\n<td valign=\"top\" style=\"width: 166.438px;\">\n<p align=\"center\"><strong> <\/strong><\/p>\n<p align=\"center\"><strong>Finalidad<\/strong><\/p>\n<p align=\"center\"><strong> <\/strong><\/p>\n<\/td>\n<td valign=\"top\" style=\"width: 577.297px;\">\n<p align=\"center\"><strong>Opt-out<\/strong><\/p>\n<\/td>\n<\/tr>\n<tr>\n<td valign=\"top\" style=\"width: 139.188px;\">\n<p align=\"center\"><strong>Cookies de An\u00e1lisis<\/strong><\/p>\n<\/td>\n<td valign=\"top\" style=\"width: 111.078px;\">\n<p align=\"center\">Google Analytics<\/p>\n<p>_ga<\/p>\n<p>_gid<\/p>\n<p>_gat<\/p>\n<\/td>\n<td valign=\"top\" style=\"width: 166.438px;\">La web utiliza Google Analytics, un servicio anal\u00edtico de web prestado por Google, Inc., una compa\u00f1\u00eda de Delaware la oficina principal a 1600 Amphitheatre Parkway, Mountain View (California), CA 94043, Estados Unidos (\u00abGoogle\u00bb). La informaci\u00f3n que genera la cookie sobre su uso del web (incluyendo su direcci\u00f3n IP) ser\u00e1 directamente transmitida y archivada por Google en los servidores de Estados Unidos. Google utilizar\u00e1 esta informaci\u00f3n por cuenta de reempresa con el prop\u00f3sito de seguir la pista de su uso del web, recopilando informes de actividad y prestando otros servicios relacionados con la actividad y el uso de Internet. Google no asociar\u00e1 su direcci\u00f3n IP con jefe otro dato de que disponga Google.   <\/td>\n<td valign=\"top\" style=\"width: 577.297px;\">\n<p align=\"center\"><a href=\"https:\/\/tools.google.com\/dlpage\/gaoptout\" target=\"_blank\" rel=\"noopener\">https:\/\/tools.google.com\/dlpage\/gaoptout<\/a><\/p>\n<\/td>\n<\/tr>\n<tr>\n<td valign=\"top\" rowspan=\"2\" style=\"width: 139.188px;\">\n<p align=\"center\"><strong>Cookies Publicitarias<\/strong><\/p>\n<\/td>\n<td valign=\"top\" style=\"width: 111.078px;\">\n<p align=\"center\">Google AdWords \/ Doubleclick<\/p>\n<\/td>\n<td valign=\"top\" style=\"width: 166.438px;\">Tambi\u00e9n un servicio de Google. En este caso nos permite entender mejor el rendimiento de las acciones publicitarias de <strong>Reempresa<\/strong> a trav\u00e9s de esta plataforma analizando el comportamiento de los usuarios que acceden en el web a trav\u00e9s de estas campa\u00f1as. <\/td>\n<td valign=\"top\" style=\"width: 577.297px;\">\n<p align=\"center\"><a href=\"http:\/\/www.google.com\/settings\/ads\" target=\"_blank\" rel=\"noopener\">http:\/\/www.google.com\/settings\/ads<\/a><\/p>\n<\/td>\n<\/tr>\n<tr>\n<td valign=\"top\" style=\"width: 111.078px;\">\n<p align=\"center\">AddThis<\/p>\n<\/td>\n<td valign=\"top\" style=\"width: 166.438px;\">La empresa Oracle ofrece un complemento para permitir a los visitantes de este compartir sus contenidos en redes sociales. Tanto AddThis, como las redes sociales en las que permite publicar, como empresas asociadas al servicio AddThis, pueden crear galletas t\u00e9cnicas para permitir esta publicaci\u00f3n. Estas galletas pueden permanecer en su equipo varios meses.  <\/td>\n<td valign=\"top\" style=\"width: 577.297px;\">\n<p align=\"center\"><a href=\"https:\/\/www.addthis.com\/es\/\" target=\"_blank\" rel=\"noopener\">https:\/\/www.addthis.com\/es\/<\/a><\/p>\n<\/td>\n<\/tr>\n<tr>\n<td valign=\"top\" rowspan=\"4\" style=\"width: 139.188px;\">\n<p align=\"center\"><strong>Cookies de Redes Sociales externas<\/strong><\/p>\n<\/td>\n<td valign=\"top\" style=\"width: 111.078px;\">\n<p align=\"center\">YouTube<\/p>\n<\/td>\n<td valign=\"top\" style=\"width: 166.438px;\">YouTube proporciona botones y otras funcionalidades para que puedas compartir enlaces en nuestra web. La informaci\u00f3n enviada fuera de la UE en YouTube, son utilizadas por YouTube de acuerdo sus pol\u00edticas de privacidad. <\/td>\n<td valign=\"top\" style=\"width: 577.297px;\"><a href=\"https:\/\/www.google.com\/intl\/es\/policies\/technologies\/types\/\" target=\"_blank\" rel=\"noopener\">https:\/\/www.google.com\/intl\/es\/policies\/technologies\/types\/<\/a><\/td>\n<\/tr>\n<tr>\n<td valign=\"top\" style=\"width: 111.078px;\">\n<p align=\"center\">Facebook<\/p>\n<\/td>\n<td valign=\"top\" style=\"width: 166.438px;\">Facebook proporciona botones y otras funcionalidades para que puedas compartir enlaces en nuestra web a tu perfil. La informaci\u00f3n enviada fuera de la UE en Facebook, relativa en las p\u00e1ginas que has visitado o sobre las cosas que te interesan, son utilizadas por Facebook acuerdo sus pol\u00edticas de privacidad. <\/td>\n<td valign=\"top\" style=\"width: 577.297px;\">\n<p align=\"center\"><a href=\"https:\/\/www.facebook.com\/policies\/cookies\/\" target=\"_blank\" rel=\"noopener\">https:\/\/www.facebook.com\/policies\/cookies\/<\/a><\/p>\n<\/td>\n<\/tr>\n<tr>\n<td valign=\"top\" style=\"width: 111.078px;\">\n<p align=\"center\">X<\/p>\n<\/td>\n<td valign=\"top\" style=\"width: 166.438px;\">X proporciona botones y otras funcionalidades para que puedas compartir enlaces en nuestra web. La informaci\u00f3n enviada fuera de la UE en Twitter, son utilizadas por Twitter acuerdo sus pol\u00edticas de privacidad. <\/td>\n<td valign=\"top\" style=\"width: 577.297px;\">\n<p align=\"center\"><a href=\"https:\/\/x.com\/privacy?lang=es\" target=\"_blank\" rel=\"noopener\">https:\/\/x.com\/privacy?lang=es<\/a><\/p>\n<\/td>\n<\/tr>\n<tr>\n<td valign=\"top\" style=\"width: 111.078px;\">\n<p>&nbsp;<\/p>\n<p>&nbsp;<\/p>\n<p align=\"center\">LinkedIn<\/p>\n<\/td>\n<td valign=\"top\" style=\"width: 166.438px;\">Linkedin proporciona botones y otras funcionalidades para que puedas compartir enlaces en nuestra web a tu perfil. La informaci\u00f3n enviada fuera de la UE en Linkedin, relativa en las p\u00e1ginas que has visitado o sobre las cosas que te interesan, son utilizadas por Linkedin acuerdo sus pol\u00edticas de privacidad. <\/td>\n<td valign=\"top\" style=\"width: 577.297px;\">\n<p align=\"center\"><a href=\"https:\/\/www.linkedin.com\/legal\/cookie-policy?trk=hb_ft_cookie\" target=\"_blank\" rel=\"noopener\">https:\/\/www.linkedin.com\/legal\/cookie-policy?trk=hb_ft_cookie<\/a><\/p>\n<\/td>\n<\/tr>\n<\/tbody>\n<\/table>\n<p>&nbsp;<\/p>\n<p>Los sistemas de opt-out espec\u00edficos indicados a la tabla anterior respecto de las cookies que se trate (estos sistemas pueden comportar que se instale en su equipo una cookie \u00abde rechazo\u00bb para que funcione su elecci\u00f3n de desactivaci\u00f3n); u otras herramientas de terceros, disponibles en l\u00ednea, que permiten a los usuarios detectar las cookies en cada sitio web que visita y gestionar su desactivaci\u00f3n.<\/p>\n<p>FCI no se hace responsable del contenido y veracidad de las pol\u00edticas de privacidad de los terceros incluidas en esta pol\u00edtica de cookies.<\/p>\n<p>Cualquier duda o cuesti\u00f3n que tenga sobre esta pol\u00edtica de cookies, puede contactar con FCI mediante la direcci\u00f3n electr\u00f3nica <a href=\"https:\/\/web.archive.org\/web\/20241106015342\/mailto:rgpd@cecot.org\" target=\"_blank\" rel=\"noopener\">rgpd@cecot.org<\/a>.<\/p>\n<p>&nbsp;<\/p>\n<p>&nbsp;<\/p>\n<p>&nbsp;<\/p>\n<p>&nbsp;<\/p>\n<p><!-- \/divi:paragraph --><\/p>\n<p>[\/et_pb_text][\/et_pb_column][\/et_pb_row][\/et_pb_section]<\/p>\n","protected":false},"excerpt":{"rendered":"<p>Antes de que empieces a navegar por la Web nos gustar\u00eda informarte que utilizamos cookies con diferentes finalidades en la www.reempresa.org, de tal forma que puedas decidir si quieres que estas se instalen en tu equipo o no. Haciendo clic al bot\u00f3n \u00abDe acuerdo\u00bb otorga a FCI su consentimiento porque llevamos a cabo todo el [&hellip;]<\/p>\n","protected":false},"author":2,"featured_media":0,"parent":0,"menu_order":0,"comment_status":"closed","ping_status":"closed","template":"","meta":{"_et_pb_use_builder":"on","_et_pb_old_content":"","_et_gb_content_width":"","footnotes":""},"categoria":[104,19],"actualitat":[],"class_list":["post-18187","page","type-page","status-publish","hentry","categoria-footer","categoria-sub-page"],"_links":{"self":[{"href":"https:\/\/reempresa.org\/es\/wp-json\/wp\/v2\/pages\/18187","targetHints":{"allow":["GET"]}}],"collection":[{"href":"https:\/\/reempresa.org\/es\/wp-json\/wp\/v2\/pages"}],"about":[{"href":"https:\/\/reempresa.org\/es\/wp-json\/wp\/v2\/types\/page"}],"author":[{"embeddable":true,"href":"https:\/\/reempresa.org\/es\/wp-json\/wp\/v2\/users\/2"}],"replies":[{"embeddable":true,"href":"https:\/\/reempresa.org\/es\/wp-json\/wp\/v2\/comments?post=18187"}],"version-history":[{"count":2,"href":"https:\/\/reempresa.org\/es\/wp-json\/wp\/v2\/pages\/18187\/revisions"}],"predecessor-version":[{"id":18189,"href":"https:\/\/reempresa.org\/es\/wp-json\/wp\/v2\/pages\/18187\/revisions\/18189"}],"wp:attachment":[{"href":"https:\/\/reempresa.org\/es\/wp-json\/wp\/v2\/media?parent=18187"}],"wp:term":[{"taxonomy":"categoria","embeddable":true,"href":"https:\/\/reempresa.org\/es\/wp-json\/wp\/v2\/categoria?post=18187"},{"taxonomy":"actualitat","embeddable":true,"href":"https:\/\/reempresa.org\/es\/wp-json\/wp\/v2\/actualitat?post=18187"}],"curies":[{"name":"wp","href":"https:\/\/api.w.org\/{rel}","templated":true}]}}