{"id":18170,"date":"2025-03-05T07:26:02","date_gmt":"2025-03-05T07:26:02","guid":{"rendered":"https:\/\/reempresa.org\/aviso-legal\/"},"modified":"2025-03-28T08:47:06","modified_gmt":"2025-03-28T08:47:06","slug":"aviso-legal","status":"publish","type":"page","link":"https:\/\/reempresa.org\/es\/aviso-legal\/","title":{"rendered":"Aviso legal"},"content":{"rendered":"<p>[et_pb_section fb_built=\u00bb1&#8243; _builder_version=\u00bb4.16&#8243; da_disable_devices=\u00bboff|off|off\u00bb global_colors_info=\u00bb{}\u00bb theme_builder_area=\u00bbpost_content\u00bb da_is_popup=\u00bboff\u00bb da_exit_intent=\u00bboff\u00bb da_has_close=\u00bbon\u00bb da_alt_close=\u00bboff\u00bb da_dark_close=\u00bboff\u00bb da_not_modal=\u00bbon\u00bb da_is_singular=\u00bboff\u00bb da_with_loader=\u00bboff\u00bb da_has_shadow=\u00bbon\u00bb][et_pb_row _builder_version=\u00bb4.27.0&#8243; _module_preset=\u00bbdefault\u00bb custom_padding=\u00bb0px||0px|||\u00bb global_colors_info=\u00bb{}\u00bb theme_builder_area=\u00bbpost_content\u00bb][et_pb_column type=\u00bb4_4&#8243; _builder_version=\u00bb4.27.0&#8243; _module_preset=\u00bbdefault\u00bb global_colors_info=\u00bb{}\u00bb theme_builder_area=\u00bbpost_content\u00bb][et_pb_heading title=\u00bbAviso legal\u00bb _builder_version=\u00bb4.27.0&#8243; _module_preset=\u00bbdefault\u00bb global_colors_info=\u00bb{}\u00bb theme_builder_area=\u00bbpost_content\u00bb][\/et_pb_heading][\/et_pb_column][\/et_pb_row][et_pb_row _builder_version=\u00bb4.16&#8243; background_size=\u00bbinitial\u00bb background_position=\u00bbtop_left\u00bb background_repeat=\u00bbrepeat\u00bb global_colors_info=\u00bb{}\u00bb theme_builder_area=\u00bbpost_content\u00bb][et_pb_column type=\u00bb4_4&#8243; _builder_version=\u00bb4.16&#8243; custom_padding=\u00bb|||\u00bb global_colors_info=\u00bb{}\u00bb custom_padding__hover=\u00bb|||\u00bb theme_builder_area=\u00bbpost_content\u00bb][et_pb_text _builder_version=\u00bb4.27.0&#8243; text_font_size=\u00bb18px\u00bb text_line_height=\u00bb1.5em\u00bb background_size=\u00bbinitial\u00bb background_position=\u00bbtop_left\u00bb background_repeat=\u00bbrepeat\u00bb hover_enabled=\u00bb0&#8243; global_colors_info=\u00bb{}\u00bb theme_builder_area=\u00bbpost_content\u00bb sticky_enabled=\u00bb0&#8243;]<\/p>\n<p>El presente Aviso Legal establece las condiciones de uso de la P\u00e1gina Web <a href=\"https:\/\/www.reempresa.org\">www.reempresa.org<\/a> (de ahora en adelante la P\u00e1gina Web). La utilizaci\u00f3n de la misma atribuye al navegando la condici\u00f3n de Usuario, lo cual implica la adhesi\u00f3n y compromiso de cumplimiento de todas y cada una de las condiciones contenidas en este Aviso Legal, en la versi\u00f3n publicada al momento en que se acceda al mismo, por lo cual se recomienda al Usuario leer este Aviso Legal atentamente cada vez que acceda en la P\u00e1gina Web. Estas Condiciones ser\u00e1n aplicables con independencia de la existencia otras condiciones espec\u00edficas aplicables a determinados servicios que se presten en la P\u00e1gina Web.<\/p>\n<p><b><\/b><\/p>\n<p><b>Datos identificativos del prestamista de servicios<\/b><\/p>\n<p>Denominaci\u00f3n: Fundaci\u00f3 Cecot Innovaci\u00f3, (de ahora en adelante FCI)<\/p>\n<p>Domicilio: Carrer de Sant Pau, 6, 08221, Terrassa, Barcelona<\/p>\n<p>CIF: G-61097994<\/p>\n<p>Asociaci\u00f3n constituida en fecha 09\/04\/1996 seg\u00fan estatutos registrados con el n\u00famero 1061 al Registro de Fundaciones Privadas de la Generalitat de Catalu\u00f1a en el Departamento de Justicia \u2013 Direcci\u00f3n General de Derecho y de Entidades Jur\u00eddicas.<\/p>\n<p>Contacto: FCI agradece anticipadamente toda clase de sugerencias, rectificaciones o comentarios que contribuyan a evitar o enmendar cualquier tipo de incidencia o irregularidad en la P\u00e1gina Web de la manera m\u00e1s r\u00e1pida y eficiente posible. Tales comunicaciones se pueden enviar por e-mail <a href=\"mailto:info@fci.org\">info@fci.org<\/a>.<\/p>\n<p><b><\/b><\/p>\n<p><b>T\u00e9rminos y condiciones de uso<\/b><\/p>\n<p>Los t\u00e9rminos y condiciones recogidos en el presente Aviso Legal ser\u00e1n aplicable en todas aquellas p\u00e1ginas que figuran dentro del Mapa del Lugar, que son las \u00fanicas compresas en esta P\u00e1gina Web.<\/p>\n<p>El acceso en esta P\u00e1gina Web es responsabilidad exclusiva de los Usuarios y supone aceptar los presentes termas y condiciones de uso. La utilizaci\u00f3n de determinados servicios implicar\u00e1 as\u00ed mismo la aceptaci\u00f3n, sin reserva alguna, de las normas particulares o instrucciones que FCI pudiera establecer en cualquier momento con car\u00e1cter espec\u00edfico, sustitutivo o complementario al de las presentes condiciones generales.<\/p>\n<p>El Usuario tiene que realizar un uso l\u00edcito de la presente P\u00e1gina Web y sus servicios seg\u00fan los presentes t\u00e9rminos y condiciones de uso y a la legalidad vigente.<\/p>\n<p>FCI podr\u00e1 modificar unilateralmente los t\u00e9rminos y condiciones de uso de esta P\u00e1gina Web mediante su publicaci\u00f3n en este aviso legal, y producir\u00e1n efectos desde el mismo momento de su publicaci\u00f3n.<\/p>\n<p><b><\/b><\/p>\n<p><b>Navegaci\u00f3n<\/b><\/p>\n<p>Todo y habiendo adoptado las medidas t\u00e9cnicas a su alcance, FCI no se responsabiliza ni garantiza que el acceso en la P\u00e1gina Web sea ininterrumpido o que est\u00e9 libre de error. Tampoco se responsabiliza o garantiza que el contenido o software al que pueda accederse a trav\u00e9s de la P\u00e1gina Web, est\u00e9 libre de error o cause un da\u00f1o. En ning\u00fan caso, FCI ser\u00e1 responsable por las p\u00e9rdidas, da\u00f1os o perjuicios de cualquier tipo que surjan por el acceso y navegaci\u00f3n por la P\u00e1gina Web, incluy\u00e9ndose, pero no limit\u00e1ndose, en los ocasionados a los sistemas inform\u00e1ticos o los provocados por la introducci\u00f3n de virus.<\/p>\n<p>FCI no se hace responsable de los da\u00f1os que pudieran ocasionarse a los Usuarios por un uso inadecuado de la P\u00e1gina Web. En particular, no se hace responsable de ninguna forma de las ca\u00eddas, interrupciones, falta o defecto de las telecomunicaciones que pudieran ocurrir mientras el Usuario navega por ella.<\/p>\n<p><b><\/b><\/p>\n<p><b>Acceso y seguridad<\/b><\/p>\n<p>El acceso a los servicios transaccionales y aquellos que incluyen la captura de datos personales se realiza en un entorno seguro utilizando protocolo SSL (Secure Socker Layer) de 128 bits. El servidor seguro establece una conexi\u00f3n de forma que la informaci\u00f3n se transmite cifrada. Esto asegura que el contenido transmitido es solo inteligible para el ordenador cliente y el servidor de FCI. El Usuario puede comprobar que se encuentra dentro de un entorno seguro si en la barra de estado de su navegador aparece un candado cerrado. La garant\u00eda de seguridad de nuestros servidores viene apoyada por un certificado expedido nuestro proveedor de servicios Web. Este certificado garantiza que el cliente est\u00e1 comunicando sus datos a un servidor de FCI y no a un tercero que intentara hacerse pasar por esta.<\/p>\n<p><b><\/b><\/p>\n<p><b>Contenidos<\/b><\/p>\n<p>FCI realiza los m\u00e1ximos esfuerzos para evitar cualquier error en los contenidos que pudieran aparecer en la P\u00e1gina Web.<\/p>\n<p>FCI no garantiza, ni se responsabiliza de las consecuencias que pudieran derivarse de los errores en los contenidos que pudieran aparecer en la P\u00e1gina Web.<\/p>\n<p><b><\/b><\/p>\n<p><b>Actualidad y Modificaciones en la P\u00e1gina Web<\/b><\/p>\n<p>La informaci\u00f3n que aparece en la P\u00e1gina Web es la vigente en la fecha de su \u00faltima actualizaci\u00f3n. FCI no se hace responsable de la actualidad e idoneidad de las informaciones contenidas en la misma.<\/p>\n<p>No se podr\u00e1 alterar, cambiar, modificar, o adaptar la P\u00e1gina Web por parte del Usuario. FCI se reserva la facultad de efectuar cu\u00e1ntas actualizaciones, cambios y modificaciones estime convenientes, pudiendo hacer uso de tal facultad a cualquier momento y sin previo aviso.<\/p>\n<p><b><\/b><\/p>\n<p><b>Blog y Foros de Opini\u00f3n<\/b><\/p>\n<p>Los mensajes, comentarios, datos u opiniones abocadas en el Blog o foros de opini\u00f3n que puedan habilitarse en la P\u00e1gina Web son almacenados tal cual, para el \u00fanico servicio al que est\u00e1n destinados, que es el de informar, opinar y servir de contacto entre Usuarios. FCI no se hace responsable ni se identifica con los comentarios u opiniones abocadas en los foros por parte de ning\u00fan Usuario.<\/p>\n<p>No se admitir\u00e1n intervenciones en el Blog o en los foros con referencias a temas racistas o sexistas, ni se admitir\u00e1 ninguna intervenci\u00f3n que derive en aspectos personales, ya sea mediante insultos, comentarios, cr\u00edticas no constructivas o meras alusiones que puedan atentar contra el derecho a la privacidad de los Usuarios de esta web o de personas o entidades ajenas a ella. Cualquier Usuario podr\u00e1 informar de la existencia de este tipo de intervenciones informando en <a href=\"mailto:info@fci.org\">info@fci.org<\/a>.<\/p>\n<p>No est\u00e1 permitido hacer uso del Blog o foro para realizar spam, publicidad <i>off-topic,<\/i> captar direcciones de e-mail o cualquier tipo de acci\u00f3n ilegal.<\/p>\n<p>La responsabilidad sobre la informaci\u00f3n y sobre las actividades llevadas a cabo en el foro son exclusivamente del Usuario, eximiendo a FCI de cualquier responsabilidad que tengan origen en las mismas si estas son il\u00edcitas o lesionan bienes o derechos de un tercero. FCI se reserva el derecho de anular, cancelar, borrar cualquier comentario o denegar el acceso a cualquier Usuario que incumpla esta normativa o sea ilegal. Sin embargo, de conformidad con el art\u00edculo 16 de la Ley 34\/2002, de 11 de julio, de Servicios de la Sociedad de la Informaci\u00f3n y de E-commerce, FCI no es responsable por la informaci\u00f3n o comentarios incluidos por los Usuarios.<\/p>\n<p>Cuando FCI tenga conocimiento efectivo que la actividad o la informaci\u00f3n almacenada es il\u00edcita o que lesiona bienes o derechos de un tercero los retirar\u00e1 de manera inmediata.<\/p>\n<p>Est\u00e1 prohibida la reproducci\u00f3n de los contenidos del Blog o foro de opini\u00f3n sin previa autorizaci\u00f3n.<\/p>\n<p><b><\/b><\/p>\n<p><b>Propiedad Intelectual e industrial<\/b><\/p>\n<p>Esta P\u00e1gina Web, su c\u00f3digo fuente y los contenidos que se encuentran protegidos por la Ley de Propiedad Intelectual. No podr\u00e1n ser objeto de explotaci\u00f3n, reproducci\u00f3n, distribuci\u00f3n, modificaci\u00f3n, comunicaci\u00f3n p\u00fablica, cesi\u00f3n o transformaci\u00f3n, salvo que intervenga autorizaci\u00f3n expr\u00e9s de los titulares de los derechos.<\/p>\n<p>El dise\u00f1o, im\u00e1genes, letreros, signos distintivos, nombre comercial, las marcas, logos, productos y servicios que contiene esta P\u00e1gina Web se encuentran protegidos por ley de Propiedad Industrial.<\/p>\n<p>Cecot es titular o licenciatario de todos los derechos sobre el contenido de esta P\u00e1gina Web y posee leg\u00edtimamente en exclusiva los derechos de explotaci\u00f3n sobre los mismos, excepto aquellos derechos de determinados proveedores con las cuales se haya firmado el correspondiente contrato para la provisi\u00f3n de contenidos y est\u00e1n protegidos por las normas nacionales e internacionales de propiedad intelectual e industrial y los ser\u00e1n aplicable, igualmente, las presentes condiciones.<\/p>\n<p>El acceso en esta P\u00e1gina Web no otorga a los Usuarios derecho, ni titularidad alguna sobre los derechos de propiedad intelectual o industrial ni de los contenidos que alberga. Los Usuarios que accedan en esta P\u00e1gina Web no podr\u00e1n copiar, modificar, distribuir, transmitir, reproducir, publicar, ceder ni vender los elementos anteriormente mencionados o crear nuevos productos o servicios derivados de la informaci\u00f3n obtenida sin que intervenga autorizaci\u00f3n expr\u00e9s y por escrito de los titulares de los derechos.<\/p>\n<p>Queda terminantemente prohibida la alteraci\u00f3n del contenido o estructura de esta P\u00e1gina Web por parte del Usuario.<\/p>\n<p>En el supuesto de que usted env\u00ede informaci\u00f3n de cualquier tipo a Cecot, declara, garantiza y acepta que tiene derecho a hacerlo libremente, que esta informaci\u00f3n no infringe ning\u00fan derecho de propiedad intelectual, de marca, de patente, secreto comercial, o cualquier otro derecho de tercero, que esta informaci\u00f3n no tiene car\u00e1cter confidencial y que esta informaci\u00f3n no es perjudicial para terceros.<\/p>\n<p>Cecot se reserva la posibilidad de ejercer las acciones judiciales que correspondan contra los Usuarios que violen o infrinjan los derechos de propiedad intelectual e industrial.<\/p>\n<p><b style=\"font-size: 18px;\"><\/b><\/p>\n<p><b style=\"font-size: 18px;\">Hiperv\u00ednculos<\/b><\/p>\n<p>La P\u00e1gina Web podr\u00e1 incorporar enlaces de acceso (hiperv\u00ednculos o links) en otras p\u00e1ginas web de las cuales FCI no es titular. En ning\u00fan caso, esta posibilidad implicar\u00e1 la existencia de relaci\u00f3n entre FCI y el titular de la Web a la cual este hiperv\u00ednculo redirige, ni siquiera su aprobaci\u00f3n o aceptaci\u00f3n. FCI tampoco ser\u00e1 responsable de la licitud de los contenidos abocados en la misma.<\/p>\n<p>Cualquier otra Web tendr\u00e1 prohibida la incorporaci\u00f3n de un hiperv\u00ednculo en la P\u00e1gina Web de FCI, sin su expr\u00e9s autorizaci\u00f3n. En cualquier caso, esta autorizaci\u00f3n implicar\u00e1 que lo hiperv\u00ednculo no se haga de forma que perjudique la imagen p\u00fablica y de marca de FCI o de la propia P\u00e1gina Web, as\u00ed como de los terceros que aparezcan referenciados en esta.<\/p>\n<p>FCI retirar\u00e1 cualquier enlace cuando tenga conocimiento por cualquier medio de la ilicitud de su contenido o que desde los mismos se lesionan bienes o derechos de un tercero.<\/p>\n<p><b><\/b><\/p>\n<p><b>Pol\u00edtica de privacidad de la p\u00e1gina web<\/b><\/p>\n<p>Para mayor informaci\u00f3n sobre nuestra pol\u00edtica de protecci\u00f3n de datos y privacidad consulte la nuestra <a href=\"http:\/\/www.reempresa.org\/es\/politica-privacidad\/\">Pol\u00edtica de Privacidad<\/a>.<\/p>\n<p><b><\/b><\/p>\n<p><b>Uso de cookies<\/b><\/p>\n<p>Para la utilizaci\u00f3n de nuestra P\u00e1gina Web es necesaria la utilizaci\u00f3n de cookies. Las cookies se utilizan con el fin de facilitar la navegaci\u00f3n y ofrecer un servicio personalizado y m\u00e1s \u00e1gil, as\u00ed como una herramienta estad\u00edstica para obtener datos estad\u00edsticos del uso de la web. En ning\u00fan caso se utilizan para almacenar informaci\u00f3n que pueda identificar al Usuario. Para mayor informaci\u00f3n, consulte la nuestra <a href=\"http:\/\/www.reempresa.org\/es\/politica-cookies\/\">Pol\u00edtica de Cookies.<\/a><\/p>\n<p><b><\/b><\/p>\n<p><b>Legislaci\u00f3n aplicable y jurisdicci\u00f3n competente<\/b><\/p>\n<p>Los t\u00e9rminos y condiciones que rigen la P\u00e1gina Web y todas las relaciones que pudieran derivarse se encuentran salvaguardadas por la legislaci\u00f3n espa\u00f1ola.<\/p>\n<p>Cualquier controversia que pudiera derivarse del acceso o la utilizaci\u00f3n de la P\u00e1gina Web se somete a la exclusiva jurisdicci\u00f3n de los Juzgados y Tribunales de TERRASSA (BARCELONA).<\/p>\n<p>&nbsp;<\/p>\n<p>&nbsp;<\/p>\n<p>&nbsp;<\/p>\n<p><!-- \/divi:paragraph -->[\/et_pb_text][\/et_pb_column][\/et_pb_row][\/et_pb_section]<\/p>\n","protected":false},"excerpt":{"rendered":"<p>El presente Aviso Legal establece las condiciones de uso de la P\u00e1gina Web www.reempresa.org (de ahora en adelante la P\u00e1gina Web). La utilizaci\u00f3n de la misma atribuye al navegando la condici\u00f3n de Usuario, lo cual implica la adhesi\u00f3n y compromiso de cumplimiento de todas y cada una de las condiciones contenidas en este Aviso Legal, [&hellip;]<\/p>\n","protected":false},"author":2,"featured_media":0,"parent":0,"menu_order":0,"comment_status":"closed","ping_status":"closed","template":"","meta":{"_et_pb_use_builder":"on","_et_pb_old_content":"","_et_gb_content_width":"","footnotes":""},"categoria":[104,19],"actualitat":[],"class_list":["post-18170","page","type-page","status-publish","hentry","categoria-footer","categoria-sub-page"],"_links":{"self":[{"href":"https:\/\/reempresa.org\/es\/wp-json\/wp\/v2\/pages\/18170","targetHints":{"allow":["GET"]}}],"collection":[{"href":"https:\/\/reempresa.org\/es\/wp-json\/wp\/v2\/pages"}],"about":[{"href":"https:\/\/reempresa.org\/es\/wp-json\/wp\/v2\/types\/page"}],"author":[{"embeddable":true,"href":"https:\/\/reempresa.org\/es\/wp-json\/wp\/v2\/users\/2"}],"replies":[{"embeddable":true,"href":"https:\/\/reempresa.org\/es\/wp-json\/wp\/v2\/comments?post=18170"}],"version-history":[{"count":7,"href":"https:\/\/reempresa.org\/es\/wp-json\/wp\/v2\/pages\/18170\/revisions"}],"predecessor-version":[{"id":18199,"href":"https:\/\/reempresa.org\/es\/wp-json\/wp\/v2\/pages\/18170\/revisions\/18199"}],"wp:attachment":[{"href":"https:\/\/reempresa.org\/es\/wp-json\/wp\/v2\/media?parent=18170"}],"wp:term":[{"taxonomy":"categoria","embeddable":true,"href":"https:\/\/reempresa.org\/es\/wp-json\/wp\/v2\/categoria?post=18170"},{"taxonomy":"actualitat","embeddable":true,"href":"https:\/\/reempresa.org\/es\/wp-json\/wp\/v2\/actualitat?post=18170"}],"curies":[{"name":"wp","href":"https:\/\/api.w.org\/{rel}","templated":true}]}}