{"id":18086,"date":"2024-10-08T11:17:03","date_gmt":"2024-10-08T11:17:03","guid":{"rendered":"https:\/\/reempresa.org\/formacion\/"},"modified":"2025-04-15T06:17:04","modified_gmt":"2025-04-15T06:17:04","slug":"formacion","status":"publish","type":"page","link":"https:\/\/reempresa.org\/es\/formacion\/","title":{"rendered":"Formaci\u00f3n"},"content":{"rendered":"<p>[et_pb_section fb_built=\u00bb1&#8243; custom_padding_last_edited=\u00bbon|tablet\u00bb admin_label=\u00bbSection\u00bb _builder_version=\u00bb4.27.0&#8243; _module_preset=\u00bbdefault\u00bb background_enable_color=\u00bboff\u00bb use_background_color_gradient=\u00bbon\u00bb background_color_gradient_direction=\u00bb90deg\u00bb background_color_gradient_stops=\u00bbrgba(0,0,0,0.3) 0%|rgba(0,0,0,0.3) 100%\u00bb background_color_gradient_overlays_image=\u00bbon\u00bb background_image=\u00bbhttps:\/\/provareempresa.org\/wp-content\/uploads\/2024\/11\/Formacio-1.png\u00bb custom_margin=\u00bb||||false|false\u00bb custom_margin_tablet=\u00bb||||false|false\u00bb custom_margin_phone=\u00bb||||false|false\u00bb custom_margin_last_edited=\u00bbon|tablet\u00bb custom_padding=\u00bb80px||80px||true|false\u00bb custom_padding_tablet=\u00bb||||false|false\u00bb custom_padding_phone=\u00bb||||false|false\u00bb da_disable_devices=\u00bboff|off|off\u00bb global_colors_info=\u00bb{}\u00bb da_is_popup=\u00bboff\u00bb da_exit_intent=\u00bboff\u00bb da_has_close=\u00bbon\u00bb da_alt_close=\u00bboff\u00bb da_dark_close=\u00bboff\u00bb da_not_modal=\u00bbon\u00bb da_is_singular=\u00bboff\u00bb da_with_loader=\u00bboff\u00bb da_has_shadow=\u00bbon\u00bb][et_pb_row _builder_version=\u00bb4.22.1&#8243; _module_preset=\u00bbdefault\u00bb custom_margin=\u00bb||||true|false\u00bb custom_margin_tablet=\u00bb0px||0px||false|false\u00bb custom_margin_phone=\u00bb||||false|false\u00bb custom_margin_last_edited=\u00bbon|tablet\u00bb custom_padding=\u00bb30px||30px||true|false\u00bb global_colors_info=\u00bb{}\u00bb][et_pb_column type=\u00bb4_4&#8243; _builder_version=\u00bb4.22.1&#8243; _module_preset=\u00bbdefault\u00bb global_colors_info=\u00bb{}\u00bb][et_pb_text content_tablet=\u00bb<\/p>\n<h1>\u00bfTienes esp\u00edritu emprendedor y quieres tener<br \/> <span id=%22titular-compliance%22>tu propia empresa?<\/span> Est\u00e1s en el sitio indicado<\/h1>\n<p>\u00bb content_phone=\u00bb<\/p>\n<h1>\u00bfTienes esp\u00edritu emprendedor y quieres tener<\/h1>\n<h1><span id=%22titular-compliance%22>tu propia <\/span><\/h1>\n<h1><span id=%22titular-compliance%22>empresa?<\/span><\/h1>\n<h1>Est\u00e1s en el sitio indicado<\/h1>\n<p>\u00bb content_last_edited=\u00bboff|desktop\u00bb _builder_version=\u00bb4.27.0&#8243; _module_preset=\u00bbdefault\u00bb text_text_color=\u00bb#FFFFFF\u00bb header_text_color=\u00bb#FFFFFF\u00bb header_font_size=\u00bb48px\u00bb header_line_height=\u00bb1.4em\u00bb header_2_font=\u00bbAssistant|500|||||||\u00bb header_2_text_color=\u00bb#ffffff\u00bb header_2_font_size=\u00bb25px\u00bb header_2_line_height=\u00bb1.4em\u00bb header_3_text_color=\u00bb#FFFFFF\u00bb header_3_font_size=\u00bb25px\u00bb custom_margin=\u00bb5px||0px||false|false\u00bb header_font_size_tablet=\u00bb40px\u00bb header_font_size_phone=\u00bb33px\u00bb header_font_size_last_edited=\u00bbon|tablet\u00bb global_colors_info=\u00bb{}\u00bb]<\/p>\n<h1>Formaci\u00f3n<\/h1>\n<p>[\/et_pb_text][et_pb_text _builder_version=\u00bb4.27.0&#8243; _module_preset=\u00bbdefault\u00bb text_text_color=\u00bb#FFFFFF\u00bb text_font_size=\u00bb25px\u00bb text_line_height=\u00bb1.4em\u00bb header_text_color=\u00bb#FFFFFF\u00bb header_2_font=\u00bbAssistant|500|||||||\u00bb header_2_text_color=\u00bb#ffffff\u00bb header_2_font_size=\u00bb22px\u00bb header_2_line_height=\u00bb1.4em\u00bb header_3_text_color=\u00bb#FFFFFF\u00bb header_3_font_size=\u00bb25px\u00bb text_font_size_tablet=\u00bb25px\u00bb text_font_size_phone=\u00bb21px\u00bb text_font_size_last_edited=\u00bbon|phone\u00bb global_colors_info=\u00bb{}\u00bb]<\/p>\n<p data-pm-slice=\"1 1 []\">Expande tus conocimientos con nuestra trayectoria formando a usuarios.<\/p>\n<p>[\/et_pb_text][\/et_pb_column][\/et_pb_row][\/et_pb_section][et_pb_section fb_built=\u00bb1&#8243; disabled_on=\u00bbon|on|on\u00bb admin_label=\u00bbSection\u00bb module_class=\u00bbmenu-distribuidora\u00bb _builder_version=\u00bb4.27.0&#8243; _module_preset=\u00bbdefault\u00bb background_color=\u00bbgcid-primary-color\u00bb custom_margin=\u00bb0px||0px||true|false\u00bb custom_padding=\u00bb0px||0px||true|false\u00bb da_disable_devices=\u00bboff|off|off\u00bb disabled=\u00bbon\u00bb global_colors_info=\u00bb{%22gcid-primary-color%22:%91%22background_color%22%93}\u00bb da_is_popup=\u00bboff\u00bb da_exit_intent=\u00bboff\u00bb da_has_close=\u00bbon\u00bb da_alt_close=\u00bboff\u00bb da_dark_close=\u00bboff\u00bb da_not_modal=\u00bbon\u00bb da_is_singular=\u00bboff\u00bb da_with_loader=\u00bboff\u00bb da_has_shadow=\u00bbon\u00bb][et_pb_row _builder_version=\u00bb4.21.0&#8243; _module_preset=\u00bbdefault\u00bb custom_margin=\u00bb||||false|false\u00bb custom_padding=\u00bb7px||7px|0px|true|false\u00bb global_colors_info=\u00bb{}\u00bb][et_pb_column type=\u00bb4_4&#8243; _builder_version=\u00bb4.21.0&#8243; _module_preset=\u00bbdefault\u00bb global_colors_info=\u00bb{}\u00bb][et_pb_menu menu_id=\u00bb35&#8243; dropdown_menu_bg_color=\u00bb#00b9e9&#8243; dropdown_menu_line_color=\u00bbRGBA(255,255,255,0)\u00bb dropdown_menu_text_color=\u00bb#FFFFFF\u00bb dropdown_menu_active_link_color=\u00bb#FFFFFF\u00bb mobile_menu_bg_color=\u00bb#b90467&#8243; cart_icon_color=\u00bb#FFFFFF\u00bb menu_icon_color=\u00bb#FFFFFF\u00bb _builder_version=\u00bb4.27.0&#8243; _module_preset=\u00bbdefault\u00bb menu_text_color=\u00bb#FFFFFF\u00bb menu_font_size=\u00bb16px\u00bb background_enable_color=\u00bboff\u00bb background_layout=\u00bbdark\u00bb global_colors_info=\u00bb{}\u00bb menu_text_color__hover_enabled=\u00bbon|hover\u00bb menu_text_color__hover=\u00bb#FFFFFF\u00bb active_link_color__hover_enabled=\u00bbon|hover\u00bb active_link_color__hover=\u00bb#FFFFFF\u00bb][\/et_pb_menu][\/et_pb_column][\/et_pb_row][\/et_pb_section][et_pb_section fb_built=\u00bb1&#8243; _builder_version=\u00bb4.27.0&#8243; _module_preset=\u00bbdefault\u00bb custom_padding=\u00bb0px||0px|||\u00bb da_disable_devices=\u00bboff|off|off\u00bb collapsed=\u00bbon\u00bb global_colors_info=\u00bb{}\u00bb da_is_popup=\u00bboff\u00bb da_exit_intent=\u00bboff\u00bb da_has_close=\u00bbon\u00bb da_alt_close=\u00bboff\u00bb da_dark_close=\u00bboff\u00bb da_not_modal=\u00bbon\u00bb da_is_singular=\u00bboff\u00bb da_with_loader=\u00bboff\u00bb da_has_shadow=\u00bbon\u00bb][et_pb_row _builder_version=\u00bb4.27.0&#8243; _module_preset=\u00bbdefault\u00bb custom_margin=\u00bb100px|auto|100px|auto|false|false\u00bb custom_padding=\u00bb0px||0px|||\u00bb locked=\u00bboff\u00bb global_colors_info=\u00bb{}\u00bb][et_pb_column type=\u00bb4_4&#8243; _builder_version=\u00bb4.23.1&#8243; _module_preset=\u00bbdefault\u00bb global_colors_info=\u00bb{}\u00bb][et_pb_text _builder_version=\u00bb4.27.0&#8243; _module_preset=\u00bbdefault\u00bb text_text_color=\u00bb#000000&#8243; text_font_size=\u00bb32px\u00bb text_line_height=\u00bb1.4em\u00bb header_font_size=\u00bb34px\u00bb header_2_font_size=\u00bb30px\u00bb header_4_font=\u00bb|&#8211;et_global_body_font_weight|||||||\u00bb header_4_font_size=\u00bb32px\u00bb text_orientation=\u00bbcenter\u00bb module_alignment=\u00bbcenter\u00bb custom_margin=\u00bb||0px||false|false\u00bb custom_padding=\u00bb|25px|0px|25px|false|true\u00bb custom_css_main_element=\u00bbmargin-bottom:0px !important;||padding-bottom:0px !important;\u00bb global_colors_info=\u00bb{}\u00bb]<\/p>\n<h2 style=\"text-align: center;\">\u00bfTe gustar\u00eda saber m\u00e1s a la hora de compra o vender?<\/h2>\n<p>[\/et_pb_text][et_pb_text _builder_version=\u00bb4.27.0&#8243; _module_preset=\u00bbdefault\u00bb text_font_size=\u00bb24px\u00bb text_orientation=\u00bbcenter\u00bb custom_margin=\u00bb10px||||false|false\u00bb global_colors_info=\u00bb{}\u00bb]<\/p>\n<p>En Reempresa te ofrecemos todo tipo de formaci\u00f3n para expandir tus conocimientos<\/p>\n<p>[\/et_pb_text][\/et_pb_column][\/et_pb_row][\/et_pb_section][et_pb_section fb_built=\u00bb1&#8243; _builder_version=\u00bb4.27.0&#8243; _module_preset=\u00bbdefault\u00bb custom_padding=\u00bb0px|||||\u00bb da_disable_devices=\u00bboff|off|off\u00bb global_colors_info=\u00bb{}\u00bb da_is_popup=\u00bboff\u00bb da_exit_intent=\u00bboff\u00bb da_has_close=\u00bbon\u00bb da_alt_close=\u00bboff\u00bb da_dark_close=\u00bboff\u00bb da_not_modal=\u00bbon\u00bb da_is_singular=\u00bboff\u00bb da_with_loader=\u00bboff\u00bb da_has_shadow=\u00bbon\u00bb][et_pb_row column_structure=\u00bb1_3,1_3,1_3&#8243; _builder_version=\u00bb4.27.0&#8243; _module_preset=\u00bbdefault\u00bb global_colors_info=\u00bb{}\u00bb][et_pb_column type=\u00bb1_3&#8243; _builder_version=\u00bb4.27.0&#8243; _module_preset=\u00bbdefault\u00bb border_radii=\u00bbon|10px|10px|10px|10px\u00bb box_shadow_style=\u00bbpreset2&#8243; box_shadow_horizontal=\u00bb10px\u00bb box_shadow_vertical=\u00bb2px\u00bb box_shadow_blur=\u00bb32px\u00bb global_colors_info=\u00bb{}\u00bb][et_pb_image src=\u00bbhttps:\/\/provareempresa.org\/wp-content\/uploads\/2025\/02\/Formacio-per-comprar-una-empresa.png\u00bb title_text=\u00bbFormaci\u00f3n para comprar una empresa\u00bb _builder_version=\u00bb4.27.0&#8243; _module_preset=\u00bbdefault\u00bb global_colors_info=\u00bb{}\u00bb][\/et_pb_image][et_pb_heading title=\u00bbFormaci\u00f3n para comprar una empresa\u00bb _builder_version=\u00bb4.27.0&#8243; _module_preset=\u00bbdefault\u00bb title_level=\u00bbh3&#8243; title_font_size=\u00bb24px\u00bb custom_margin=\u00bb|20px||20px|false|true\u00bb global_colors_info=\u00bb{}\u00bb][\/et_pb_heading][et_pb_text _builder_version=\u00bb4.27.0&#8243; _module_preset=\u00bbdefault\u00bb text_font_size=\u00bb20px\u00bb text_line_height=\u00bb1.4em\u00bb custom_margin=\u00bb|20px|30px|20px|false|true\u00bb global_colors_info=\u00bb{}\u00bb]<\/p>\n<p><span>Si est\u00e1s pensando <\/span><span>en c<\/span><span>oger el testigo de una empresa que ya est\u00e1 en funcionamiento, inscr\u00edbete a alguno de los talleres y actividades que organizamos y convi\u00e9rtete en un experto del mundo <\/span><span class=\"hiddenGrammarError\" onkeypress=\"REEMPRENDRE---#---3---#---Cal usar el v. \u2018reprendre\u2019.---#---reprenedor---#---reemprenedor---#---Si est\u00e0s pensant en agafar el testimoni d'una empresa que ja est\u00e0 en funcionament, inscriu-te a algun dels tallers i activitats que organitzem i converteix-te en un expert del m\u00f3n reemprenedor.---#---43\">reemprendedor<\/span><span>.<\/span><\/p>\n<p>[\/et_pb_text][et_pb_button button_url=\u00bb@ET-DC@eyJkeW5hbWljIjp0cnVlLCJjb250ZW50IjoicG9zdF9saW5rX3VybF9wYWdlIiwic2V0dGluZ3MiOnsicG9zdF9pZCI6IjE0NDYiLCJlbmFibGVfaHRtbCI6Im9mZiJ9fQ==@\u00bb button_text=\u00bbAcceder\u00bb _builder_version=\u00bb4.27.0&#8243; _dynamic_attributes=\u00bbbutton_url\u00bb _module_preset=\u00bbdefault\u00bb custom_margin=\u00bb||20px|20px|false|false\u00bb global_colors_info=\u00bb{}\u00bb][\/et_pb_button][\/et_pb_column][et_pb_column type=\u00bb1_3&#8243; _builder_version=\u00bb4.27.0&#8243; _module_preset=\u00bbdefault\u00bb border_radii=\u00bbon|10px|10px|10px|10px\u00bb box_shadow_style=\u00bbpreset2&#8243; box_shadow_horizontal=\u00bb10px\u00bb box_shadow_vertical=\u00bb2px\u00bb box_shadow_blur=\u00bb32px\u00bb global_colors_info=\u00bb{}\u00bb][et_pb_image src=\u00bbhttps:\/\/provareempresa.org\/wp-content\/uploads\/2025\/02\/Formacio-per-vendre-una-empresa.png\u00bb title_text=\u00bbFormaci\u00f3n para vender una empresa\u00bb _builder_version=\u00bb4.27.0&#8243; _module_preset=\u00bbdefault\u00bb global_colors_info=\u00bb{}\u00bb][\/et_pb_image][et_pb_heading title=\u00bbFormaci\u00f3n para vender una empresa\u00bb _builder_version=\u00bb4.27.0&#8243; _module_preset=\u00bbdefault\u00bb title_level=\u00bbh3&#8243; title_font_size=\u00bb24px\u00bb custom_margin=\u00bb|20px||20px|false|true\u00bb global_colors_info=\u00bb{}\u00bb][\/et_pb_heading][et_pb_text _builder_version=\u00bb4.27.0&#8243; _module_preset=\u00bbdefault\u00bb text_font_size=\u00bb20px\u00bb text_line_height=\u00bb1.4em\u00bb custom_margin=\u00bb|20px|30px|20px|false|true\u00bb hover_enabled=\u00bb0&#8243; global_colors_info=\u00bb{}\u00bb sticky_enabled=\u00bb0&#8243;]<\/p>\n<p><span>\u00bfEst\u00e1s pensando <\/span><span>en c<\/span><span>eder tu negocio a un nuevo <\/span><span class=\"hiddenGrammarError\" onkeypress=\"REEMPRENDRE---#---3---#---Cal usar el v. \u2018reprendre\u2019.---#---reprenedor---#---reemprenedor---#---Est\u00e0s pensant en cedir el teu negoci a un nou reemprenedor?---#---43\">reemprendedor<\/span><span>? Inscr\u00edbete a nuestras actividades y te explicaremos todo lo que necesitas saber para pasar el testigo de tu empresa con todas las garant\u00edas y seguridad. <\/span><\/p>\n<p>[\/et_pb_text][et_pb_button button_url=\u00bb@ET-DC@eyJkeW5hbWljIjp0cnVlLCJjb250ZW50IjoicG9zdF9saW5rX3VybF9wYWdlIiwic2V0dGluZ3MiOnsicG9zdF9pZCI6IjE0NDgiLCJlbmFibGVfaHRtbCI6Im9mZiJ9fQ==@\u00bb button_text=\u00bbAcceder\u00bb _builder_version=\u00bb4.27.0&#8243; _dynamic_attributes=\u00bbbutton_url\u00bb _module_preset=\u00bbdefault\u00bb custom_margin=\u00bb||20px|20px|false|false\u00bb global_colors_info=\u00bb{}\u00bb][\/et_pb_button][\/et_pb_column][et_pb_column type=\u00bb1_3&#8243; _builder_version=\u00bb4.27.0&#8243; _module_preset=\u00bbdefault\u00bb border_radii=\u00bbon|10px|10px|10px|10px\u00bb box_shadow_style=\u00bbpreset2&#8243; box_shadow_horizontal=\u00bb10px\u00bb box_shadow_vertical=\u00bb2px\u00bb box_shadow_blur=\u00bb32px\u00bb global_colors_info=\u00bb{}\u00bb][et_pb_image src=\u00bbhttps:\/\/provareempresa.org\/wp-content\/uploads\/2025\/02\/Academia-Online.png\u00bb title_text=\u00bbAcademia Online\u00bb _builder_version=\u00bb4.27.0&#8243; _module_preset=\u00bbdefault\u00bb global_colors_info=\u00bb{}\u00bb][\/et_pb_image][et_pb_heading title=\u00bbAcademia Online\u00bb _builder_version=\u00bb4.27.0&#8243; _module_preset=\u00bbdefault\u00bb title_level=\u00bbh3&#8243; title_font_size=\u00bb24px\u00bb custom_margin=\u00bb|20px||20px|false|true\u00bb global_colors_info=\u00bb{}\u00bb][\/et_pb_heading][et_pb_text _builder_version=\u00bb4.27.0&#8243; _module_preset=\u00bbdefault\u00bb text_font_size=\u00bb20px\u00bb text_line_height=\u00bb1.4em\u00bb custom_margin=\u00bb|20px|30px|20px|false|true\u00bb global_colors_info=\u00bb{}\u00bb]<\/p>\n<p><span>El objetivo de nuestra Academia es darte m\u00e1s herramientas para encarar tu proceso de adquisici\u00f3n o venta de la empresa y que puedas conocer casos y soluciones reales a trav\u00e9s de los testimoniales del servicio.<\/span><\/p>\n<p>[\/et_pb_text][et_pb_button button_url=\u00bb@ET-DC@eyJkeW5hbWljIjp0cnVlLCJjb250ZW50IjoicG9zdF9saW5rX3VybF9wYWdlIiwic2V0dGluZ3MiOnsicG9zdF9pZCI6IjYyOTAiLCJlbmFibGVfaHRtbCI6Im9mZiJ9fQ==@\u00bb button_text=\u00bbAcceder\u00bb _builder_version=\u00bb4.27.0&#8243; _dynamic_attributes=\u00bbbutton_url\u00bb _module_preset=\u00bbdefault\u00bb custom_margin=\u00bb||20px|20px|false|false\u00bb global_colors_info=\u00bb{}\u00bb][\/et_pb_button][\/et_pb_column][\/et_pb_row][\/et_pb_section]<\/p>\n","protected":false},"excerpt":{"rendered":"<p>Formaci\u00f3n para Comprar y Vender Empresas: Desarrolla tus habilidades con nuestra formaci\u00f3n especializada. Cursos en l\u00ednea y recursos para el \u00e9xito empresarial. \u00a1Aprende ahora!  <\/p>\n","protected":false},"author":2,"featured_media":17876,"parent":0,"menu_order":0,"comment_status":"closed","ping_status":"closed","template":"","meta":{"_et_pb_use_builder":"on","_et_pb_old_content":"","_et_gb_content_width":"","footnotes":""},"categoria":[11],"actualitat":[],"class_list":["post-18086","page","type-page","status-publish","has-post-thumbnail","hentry","categoria-formacio"],"_links":{"self":[{"href":"https:\/\/reempresa.org\/es\/wp-json\/wp\/v2\/pages\/18086","targetHints":{"allow":["GET"]}}],"collection":[{"href":"https:\/\/reempresa.org\/es\/wp-json\/wp\/v2\/pages"}],"about":[{"href":"https:\/\/reempresa.org\/es\/wp-json\/wp\/v2\/types\/page"}],"author":[{"embeddable":true,"href":"https:\/\/reempresa.org\/es\/wp-json\/wp\/v2\/users\/2"}],"replies":[{"embeddable":true,"href":"https:\/\/reempresa.org\/es\/wp-json\/wp\/v2\/comments?post=18086"}],"version-history":[{"count":4,"href":"https:\/\/reempresa.org\/es\/wp-json\/wp\/v2\/pages\/18086\/revisions"}],"predecessor-version":[{"id":18851,"href":"https:\/\/reempresa.org\/es\/wp-json\/wp\/v2\/pages\/18086\/revisions\/18851"}],"wp:featuredmedia":[{"embeddable":true,"href":"https:\/\/reempresa.org\/es\/wp-json\/wp\/v2\/media\/17876"}],"wp:attachment":[{"href":"https:\/\/reempresa.org\/es\/wp-json\/wp\/v2\/media?parent=18086"}],"wp:term":[{"taxonomy":"categoria","embeddable":true,"href":"https:\/\/reempresa.org\/es\/wp-json\/wp\/v2\/categoria?post=18086"},{"taxonomy":"actualitat","embeddable":true,"href":"https:\/\/reempresa.org\/es\/wp-json\/wp\/v2\/actualitat?post=18086"}],"curies":[{"name":"wp","href":"https:\/\/api.w.org\/{rel}","templated":true}]}}