{"id":18074,"date":"2024-10-01T13:53:00","date_gmt":"2024-10-01T13:53:00","guid":{"rendered":"https:\/\/reempresa.org\/quiero-vender\/preguntas-frecuentes\/"},"modified":"2025-05-23T10:26:22","modified_gmt":"2025-05-23T10:26:22","slug":"preguntas-frecuentes","status":"publish","type":"page","link":"https:\/\/reempresa.org\/es\/vender-empresa\/preguntas-frecuentes\/","title":{"rendered":"Preguntas frecuentes"},"content":{"rendered":"<p>[et_pb_section fb_built=\u00bb1&#8243; admin_label=\u00bbPreguntes Freq\u00fcents\u00bb module_id=\u00bbfaqs\u00bb _builder_version=\u00bb4.27.0&#8243; _module_preset=\u00bbdefault\u00bb custom_margin=\u00bb||||false|false\u00bb custom_padding=\u00bb0px||||false|false\u00bb da_disable_devices=\u00bboff|off|off\u00bb collapsed=\u00bbon\u00bb global_colors_info=\u00bb{}\u00bb da_is_popup=\u00bboff\u00bb da_exit_intent=\u00bboff\u00bb da_has_close=\u00bbon\u00bb da_alt_close=\u00bboff\u00bb da_dark_close=\u00bboff\u00bb da_not_modal=\u00bbon\u00bb da_is_singular=\u00bboff\u00bb da_with_loader=\u00bboff\u00bb da_has_shadow=\u00bbon\u00bb][et_pb_row column_structure=\u00bb1_3,2_3&#8243; _builder_version=\u00bb4.22.1&#8243; _module_preset=\u00bbdefault\u00bb custom_padding=\u00bb100px||0px|||\u00bb global_colors_info=\u00bb{}\u00bb][et_pb_column type=\u00bb1_3&#8243; _builder_version=\u00bb4.22.1&#8243; _module_preset=\u00bbdefault\u00bb global_colors_info=\u00bb{}\u00bb][et_pb_text _builder_version=\u00bb4.27.0&#8243; _module_preset=\u00bbdefault\u00bb text_text_color=\u00bb#000000&#8243; header_text_color=\u00bb#FFFFFF\u00bb header_2_text_color=\u00bb#000000&#8243; header_2_font_size=\u00bb25px\u00bb header_2_line_height=\u00bb1.2em\u00bb header_3_text_color=\u00bb#FFFFFF\u00bb header_3_font_size=\u00bb25px\u00bb custom_margin=\u00bb||0px||false|false\u00bb custom_padding=\u00bb0px||||false|false\u00bb text_orientation_tablet=\u00bbcenter\u00bb text_orientation_phone=\u00bbcenter\u00bb text_orientation_last_edited=\u00bbon|tablet\u00bb global_colors_info=\u00bb{}\u00bb]<\/p>\n<h2>Preguntas frecuentes<\/h2>\n<p>[\/et_pb_text][et_pb_text _builder_version=\u00bb4.27.0&#8243; _module_preset=\u00bbdefault\u00bb text_font_size=\u00bb20px\u00bb text_line_height=\u00bb1.6em\u00bb text_orientation_tablet=\u00bbcenter\u00bb text_orientation_phone=\u00bbcenter\u00bb text_orientation_last_edited=\u00bbon|tablet\u00bb global_colors_info=\u00bb{}\u00bb]<\/p>\n<p><span>Si tienes otras dudas, ponte en contacto con nuestro equipo.<\/span><\/p>\n<p>[\/et_pb_text][\/et_pb_column][et_pb_column type=\u00bb2_3&#8243; _builder_version=\u00bb4.22.1&#8243; _module_preset=\u00bbdefault\u00bb global_colors_info=\u00bb{}\u00bb][et_pb_toggle title=\u00bb\u00bfPor qu\u00e9 es necesaria tanta documentaci\u00f3n para dar de alta a mi empresa?\u00bb open_toggle_text_color=\u00bb#000000&#8243; open_toggle_background_color=\u00bbRGBA(255,255,255,0)\u00bb closed_toggle_background_color=\u00bbRGBA(255,255,255,0)\u00bb icon_color=\u00bb#c4c4c4&#8243; use_icon_font_size=\u00bbon\u00bb icon_font_size=\u00bb21px\u00bb open_use_icon_font_size=\u00bbon\u00bb open_icon_font_size=\u00bb21px\u00bb _builder_version=\u00bb4.27.0&#8243; _module_preset=\u00bbdefault\u00bb title_text_color=\u00bb#000000&#8243; title_font=\u00bbAssistant|600|||||||\u00bb title_font_size=\u00bb20px\u00bb title_line_height=\u00bb1.3em\u00bb body_font_size=\u00bb18px\u00bb hover_enabled=\u00bb0&#8243; border_width_top=\u00bb0px\u00bb border_width_right=\u00bb0px\u00bb border_width_bottom=\u00bb2px\u00bb border_width_left=\u00bb0px\u00bb global_colors_info=\u00bb{}\u00bb sticky_enabled=\u00bb0&#8243;]<\/p>\n<div class=\"et_pb_toggle_content clearfix\">\n<p><span>Reempresa verifica la informaci\u00f3n publicada en nuestro web. Por esta raz\u00f3n, necesitamos validar diferentes aspectos de la empresa como la existencia de la misma, sus cuentas anuales, la propiedad, las licencias necesarias para su funcionamiento, los poderes para transmitirla, etc. Aun as\u00ed, toda la documentaci\u00f3n solicitada es tratada con la m\u00e1xima confidencialidad y no se enviar\u00e1 a ning\u00fan reemprendedor\/a sin su autorizaci\u00f3n. <\/span><\/p>\n<\/div>\n<p>[\/et_pb_toggle][et_pb_toggle title=\u00bb\u00bfEl servicio de Reempresa mantiene la confidencialidad?\u00bb open_toggle_text_color=\u00bb#000000&#8243; open_toggle_background_color=\u00bbRGBA(255,255,255,0)\u00bb closed_toggle_background_color=\u00bbRGBA(255,255,255,0)\u00bb icon_color=\u00bb#c4c4c4&#8243; use_icon_font_size=\u00bbon\u00bb icon_font_size=\u00bb21px\u00bb open_use_icon_font_size=\u00bbon\u00bb open_icon_font_size=\u00bb21px\u00bb _builder_version=\u00bb4.27.0&#8243; _module_preset=\u00bbdefault\u00bb title_text_color=\u00bb#000000&#8243; title_font=\u00bbAssistant|600|||||||\u00bb title_font_size=\u00bb20px\u00bb title_line_height=\u00bb1.3em\u00bb body_font_size=\u00bb18px\u00bb border_width_top=\u00bb0px\u00bb border_width_right=\u00bb0px\u00bb border_width_bottom=\u00bb2px\u00bb border_width_left=\u00bb0px\u00bb global_colors_info=\u00bb{%22gcid-3066beb6-fed7-4bbf-8db2-446dce6a0767%22:%91%22icon_color%22%93}\u00bb]<\/p>\n<div class=\"et_pb_toggle_content clearfix\"><span>Reempresa mantiene la confidencialidad de las dos partes en todo el proceso de transmisi\u00f3n. Para garantizar el buen servicio en las consultas realizadas, toda la informaci\u00f3n es tratada con confidencialidad y profesionalidad por el equipo de consultores\/as de Reempresa. De este modo, los <\/span><a href=\"http:\/\/www.reempresa.org\/es\/marketplace\">anuncios<\/a><span> que se publican mantienen el perfil ciego, evitando la identificaci\u00f3n del\/la propietario\/a de la empresa.<\/span><\/div>\n<p>[\/et_pb_toggle][et_pb_toggle title=\u00bb\u00bfUna vez dado\/da de alta, qu\u00e9 tengo que hacer si me interesa un anuncio del web?\u00bb open_toggle_text_color=\u00bb#000000&#8243; open_toggle_background_color=\u00bbRGBA(255,255,255,0)\u00bb closed_toggle_background_color=\u00bbRGBA(255,255,255,0)\u00bb icon_color=\u00bb#c4c4c4&#8243; use_icon_font_size=\u00bbon\u00bb icon_font_size=\u00bb21px\u00bb open_use_icon_font_size=\u00bbon\u00bb open_icon_font_size=\u00bb21px\u00bb _builder_version=\u00bb4.27.0&#8243; _module_preset=\u00bbdefault\u00bb title_text_color=\u00bb#000000&#8243; title_font=\u00bbAssistant|600|||||||\u00bb title_font_size=\u00bb20px\u00bb title_line_height=\u00bb1.3em\u00bb body_font_size=\u00bb18px\u00bb hover_enabled=\u00bb0&#8243; border_width_top=\u00bb0px\u00bb border_width_right=\u00bb0px\u00bb border_width_bottom=\u00bb2px\u00bb border_width_left=\u00bb0px\u00bb global_colors_info=\u00bb{%22gcid-3066beb6-fed7-4bbf-8db2-446dce6a0767%22:%91%22icon_color%22%93}\u00bb sticky_enabled=\u00bb0&#8243;]<\/p>\n<div class=\"et_pb_toggle_content clearfix\">\n<p><span>Si ya est\u00e1s dado\/da de alta y te interesas por un<\/span> <a href=\"http:\/\/www.reempresa.org\/es\/marketplace\">anuncio<\/a><span>, puedes introducir tu DNI en la solicitud de contacto con el anunciante que ves debajo la oferta de cesi\u00f3n o contactar con tu consultor\/a de referencia del servicio, notific\u00e1ndole el c\u00f3digo del anuncio (p. ej. \u201cPC00000\u201d o \u201cPR00000\u201d). <\/span><\/p>\n<\/div>\n<p>[\/et_pb_toggle][et_pb_toggle title=\u00bb\u00bfCu\u00e1nto tardar\u00e9 en vender mi empresa?\u00bb open_toggle_text_color=\u00bb#000000&#8243; open_toggle_background_color=\u00bbRGBA(255,255,255,0)\u00bb closed_toggle_background_color=\u00bbRGBA(255,255,255,0)\u00bb icon_color=\u00bb#c4c4c4&#8243; use_icon_font_size=\u00bbon\u00bb icon_font_size=\u00bb21px\u00bb open_use_icon_font_size=\u00bbon\u00bb open_icon_font_size=\u00bb21px\u00bb _builder_version=\u00bb4.27.0&#8243; _module_preset=\u00bbdefault\u00bb title_text_color=\u00bb#000000&#8243; title_font=\u00bbAssistant|600|||||||\u00bb title_font_size=\u00bb20px\u00bb title_line_height=\u00bb1.3em\u00bb body_font_size=\u00bb18px\u00bb hover_enabled=\u00bb0&#8243; border_width_top=\u00bb0px\u00bb border_width_right=\u00bb0px\u00bb border_width_bottom=\u00bb2px\u00bb border_width_left=\u00bb0px\u00bb global_colors_info=\u00bb{%22gcid-3066beb6-fed7-4bbf-8db2-446dce6a0767%22:%91%22icon_color%22%93}\u00bb sticky_enabled=\u00bb0&#8243;]<\/p>\n<div class=\"et_pb_toggle_content clearfix\">\n<p><span>El proceso de transmisi\u00f3n de la empresa se tiene que preparar con la antelaci\u00f3n suficiente para hacerlo de manera ordenada y correcta. Se aconseja preparar la transmisi\u00f3n de la empresa con un m\u00ednimo de un a\u00f1o de antelaci\u00f3n. La venta de la empresa depende de m\u00faltiples factores, entre los cuales destacamos: motivos relativos a oferta y demanda, complejidad de la operaci\u00f3n, motivaciones de las partes, financiaci\u00f3n, etc. <\/span><strong> <\/strong><\/p>\n<\/div>\n<p>[\/et_pb_toggle][et_pb_toggle title=\u00bb\u00bfC\u00f3mo y quien calcula los precios de cesi\u00f3n deseados de los anuncios?\u00bb open_toggle_text_color=\u00bb#000000&#8243; open_toggle_background_color=\u00bbRGBA(255,255,255,0)\u00bb closed_toggle_background_color=\u00bbRGBA(255,255,255,0)\u00bb icon_color=\u00bb#c4c4c4&#8243; use_icon_font_size=\u00bbon\u00bb icon_font_size=\u00bb21px\u00bb open_use_icon_font_size=\u00bbon\u00bb open_icon_font_size=\u00bb21px\u00bb _builder_version=\u00bb4.27.0&#8243; _module_preset=\u00bbdefault\u00bb title_text_color=\u00bb#000000&#8243; title_font=\u00bbAssistant|600|||||||\u00bb title_font_size=\u00bb20px\u00bb title_line_height=\u00bb1.3em\u00bb body_font_size=\u00bb18px\u00bb hover_enabled=\u00bb0&#8243; border_width_top=\u00bb0px\u00bb border_width_right=\u00bb0px\u00bb border_width_bottom=\u00bb2px\u00bb border_width_left=\u00bb0px\u00bb global_colors_info=\u00bb{%22gcid-3066beb6-fed7-4bbf-8db2-446dce6a0767%22:%91%22icon_color%22%93}\u00bb sticky_enabled=\u00bb0&#8243;]<\/p>\n<div class=\"et_pb_toggle_content clearfix\">\n<div class=\"et_pb_toggle_content clearfix\">\n<p><span>Uno de los <\/span>servicios<span> que ofrece Reempresa, a los usuarios que lo soliciten, es el de valoraci\u00f3n de la empresa, siempre desde un punto de vista econ\u00f3mico-financiero. Aun as\u00ed, es el\/la propio\/a usuario\/a quien fija el precio inicial y el intervalo en el cual se siente c\u00f3modo para empezar a negociar la venta de su empresa. <\/span><\/p>\n<\/div>\n<\/div>\n<p>[\/et_pb_toggle][et_pb_toggle title=\u00bb\u00bfEs aconsejable venir acompa\u00f1ado\/da de mi asesor\/a en un proceso de compraventa?\u00bb open_toggle_text_color=\u00bb#000000&#8243; open_toggle_background_color=\u00bbRGBA(255,255,255,0)\u00bb closed_toggle_background_color=\u00bbRGBA(255,255,255,0)\u00bb icon_color=\u00bb#c4c4c4&#8243; use_icon_font_size=\u00bbon\u00bb icon_font_size=\u00bb21px\u00bb open_use_icon_font_size=\u00bbon\u00bb open_icon_font_size=\u00bb21px\u00bb _builder_version=\u00bb4.27.0&#8243; _module_preset=\u00bbdefault\u00bb title_text_color=\u00bb#000000&#8243; title_font=\u00bbAssistant|600|||||||\u00bb title_font_size=\u00bb20px\u00bb title_line_height=\u00bb1.3em\u00bb body_font_size=\u00bb18px\u00bb hover_enabled=\u00bb0&#8243; border_width_top=\u00bb0px\u00bb border_width_right=\u00bb0px\u00bb border_width_bottom=\u00bb2px\u00bb border_width_left=\u00bb0px\u00bb global_colors_info=\u00bb{%22gcid-3066beb6-fed7-4bbf-8db2-446dce6a0767%22:%91%22icon_color%22%93}\u00bb sticky_enabled=\u00bb0&#8243;]<\/p>\n<div class=\"et_pb_toggle_content clearfix\">\n<div class=\"et_pb_toggle_content clearfix\">\n<div class=\"et_pb_toggle_content clearfix\">\n<p><span>Los profesionales del Centro de Reempresa de Catalu\u00f1a intermedien en el proceso de compraventa desde una posici\u00f3n neutra y ofrecen asesoramiento individual y personalizado tanto a la parte cedente como a la parte reemprendedora. Aun as\u00ed, es aconsejable venir acompa\u00f1ado por tu asesor\/a de confianza. <\/span><\/p>\n<\/div>\n<\/div>\n<\/div>\n<p>[\/et_pb_toggle][et_pb_toggle title=\u00bb\u00bfQui\u00e9n publica la informaci\u00f3n de los anuncios de la web?\u00bb open_toggle_text_color=\u00bb#000000&#8243; open_toggle_background_color=\u00bbRGBA(255,255,255,0)\u00bb closed_toggle_background_color=\u00bbRGBA(255,255,255,0)\u00bb icon_color=\u00bb#c4c4c4&#8243; use_icon_font_size=\u00bbon\u00bb icon_font_size=\u00bb21px\u00bb open_use_icon_font_size=\u00bbon\u00bb open_icon_font_size=\u00bb21px\u00bb _builder_version=\u00bb4.27.0&#8243; _module_preset=\u00bbdefault\u00bb title_text_color=\u00bb#000000&#8243; title_font=\u00bbAssistant|600|||||||\u00bb title_font_size=\u00bb20px\u00bb title_line_height=\u00bb1.3em\u00bb body_font_size=\u00bb18px\u00bb hover_enabled=\u00bb0&#8243; border_width_top=\u00bb0px\u00bb border_width_right=\u00bb0px\u00bb border_width_bottom=\u00bb2px\u00bb border_width_left=\u00bb0px\u00bb global_colors_info=\u00bb{%22gcid-3066beb6-fed7-4bbf-8db2-446dce6a0767%22:%91%22icon_color%22%93}\u00bb sticky_enabled=\u00bb0&#8243;]<\/p>\n<div class=\"et_pb_toggle_content clearfix\">\n<div class=\"et_pb_toggle_content clearfix\">\n<div class=\"et_pb_toggle_content clearfix\">\n<p><span>Toda la informaci\u00f3n publicada en la web de Reempresa es introducida por los consultores y consultoras del servicio. Una vez hecha la <\/span><a href=\"http:\/\/www.reempresa.org\/es\/proceso-transmision\">toma de contacto <\/a><span>con el usuario\/a, entregada y analizada toda la documentaci\u00f3n requerida, se publica la oferta de cesi\u00f3n en la web.<\/span><\/p>\n<\/div>\n<\/div>\n<\/div>\n<p>[\/et_pb_toggle][et_pb_toggle title=\u00bb\u00bfPuedo tener contacto con empresas\/reemprendedores\/as si no me doy de alta?\u00bb open_toggle_text_color=\u00bb#000000&#8243; open_toggle_background_color=\u00bbRGBA(255,255,255,0)\u00bb closed_toggle_background_color=\u00bbRGBA(255,255,255,0)\u00bb icon_color=\u00bb#c4c4c4&#8243; use_icon_font_size=\u00bbon\u00bb icon_font_size=\u00bb21px\u00bb open_use_icon_font_size=\u00bbon\u00bb open_icon_font_size=\u00bb21px\u00bb _builder_version=\u00bb4.27.0&#8243; _module_preset=\u00bbdefault\u00bb title_text_color=\u00bb#000000&#8243; title_font=\u00bbAssistant|600|||||||\u00bb title_font_size=\u00bb20px\u00bb title_line_height=\u00bb1.3em\u00bb body_font_size=\u00bb18px\u00bb hover_enabled=\u00bb0&#8243; border_width_top=\u00bb0px\u00bb border_width_right=\u00bb0px\u00bb border_width_bottom=\u00bb2px\u00bb border_width_left=\u00bb0px\u00bb global_colors_info=\u00bb{%22gcid-3066beb6-fed7-4bbf-8db2-446dce6a0767%22:%91%22icon_color%22%93}\u00bb sticky_enabled=\u00bb0&#8243;]<\/p>\n<div class=\"et_pb_toggle_content clearfix\">\n<div class=\"et_pb_toggle_content clearfix\">\n<div class=\"et_pb_toggle_content clearfix\">\n<p><span> Para disfrutar de los servicios de Reempresa es necesario <\/span><a href=\"http:\/\/www.reempresa.org\/es\/alta\" target=\"_self\" rel=\"noopener\">darse de alta<\/a><span> al servicio. Para darse de alta hay que entrevistarse con uno\/a consultor\/a del Centro de Reempresa de Catalu\u00f1a porque este pueda garantizar la veracidad de las empresas y las intenciones de los reemprendedores y las reemprendedoras. <\/span><\/p>\n<\/div>\n<\/div>\n<\/div>\n<p>[\/et_pb_toggle][et_pb_toggle title=\u00bb\u00bfReempresa me puede proponer cedentes\/reemprendedores\/as que casen con el que estoy buscando?\u00bb open_toggle_text_color=\u00bb#000000&#8243; open_toggle_background_color=\u00bbRGBA(255,255,255,0)\u00bb closed_toggle_background_color=\u00bbRGBA(255,255,255,0)\u00bb icon_color=\u00bb#c4c4c4&#8243; use_icon_font_size=\u00bbon\u00bb icon_font_size=\u00bb21px\u00bb open_use_icon_font_size=\u00bbon\u00bb open_icon_font_size=\u00bb21px\u00bb _builder_version=\u00bb4.27.0&#8243; _module_preset=\u00bbdefault\u00bb title_text_color=\u00bb#000000&#8243; title_font=\u00bbAssistant|600|||||||\u00bb title_font_size=\u00bb20px\u00bb title_line_height=\u00bb1.3em\u00bb body_font_size=\u00bb18px\u00bb hover_enabled=\u00bb0&#8243; border_width_top=\u00bb0px\u00bb border_width_right=\u00bb0px\u00bb border_width_bottom=\u00bb2px\u00bb border_width_left=\u00bb0px\u00bb global_colors_info=\u00bb{%22gcid-3066beb6-fed7-4bbf-8db2-446dce6a0767%22:%91%22icon_color%22%93}\u00bb sticky_enabled=\u00bb0&#8243;]<\/p>\n<div class=\"et_pb_toggle_content clearfix\">\n<div class=\"et_pb_toggle_content clearfix\">\n<div class=\"et_pb_toggle_content clearfix\">\n<p><span>En Reempresa hacemos investigaci\u00f3n de empresas que se adecuan al perfil de la persona reemprendedora, as\u00ed como de compradores\/as potenciales que pueden casar con ofertas de cesi\u00f3n. Se espera una actitud proactiva en la b\u00fasqueda de anuncios a trav\u00e9s de la plataforma web. <\/span><\/p>\n<\/div>\n<\/div>\n<\/div>\n<p>[\/et_pb_toggle][\/et_pb_column][\/et_pb_row][\/et_pb_section][et_pb_section fb_built=\u00bb1&#8243; custom_padding_last_edited=\u00bboff|desktop\u00bb admin_label=\u00bbCall to Action | Manual Corporatiu\u00bb module_id=\u00bbcontacta\u00bb _builder_version=\u00bb4.27.0&#8243; _module_preset=\u00bbdefault\u00bb background_enable_color=\u00bboff\u00bb custom_margin=\u00bb70px||70px||true|false\u00bb custom_padding=\u00bb0px||||false|false\u00bb custom_padding_tablet=\u00bb0px||0px||true|false\u00bb custom_padding_phone=\u00bb50px||50px||true|false\u00bb background_last_edited=\u00bboff|desktop\u00bb da_disable_devices=\u00bboff|off|off\u00bb saved_tabs=\u00bball\u00bb locked=\u00bboff\u00bb collapsed=\u00bbon\u00bb global_colors_info=\u00bb{%22gcid-7151dea9-519b-47c6-85e5-22b9f68d60f3%22:%91%22background_color%22%93}\u00bb da_is_popup=\u00bboff\u00bb da_exit_intent=\u00bboff\u00bb da_has_close=\u00bbon\u00bb da_alt_close=\u00bboff\u00bb da_dark_close=\u00bboff\u00bb da_not_modal=\u00bbon\u00bb da_is_singular=\u00bboff\u00bb da_with_loader=\u00bboff\u00bb da_has_shadow=\u00bbon\u00bb][et_pb_row column_structure=\u00bb1_2,1_2&#8243; use_custom_gutter=\u00bbon\u00bb gutter_width=\u00bb1&#8243; custom_padding_last_edited=\u00bbon|desktop\u00bb _builder_version=\u00bb4.27.0&#8243; _module_preset=\u00bbdefault\u00bb background_enable_color=\u00bboff\u00bb use_background_color_gradient=\u00bbon\u00bb background_color_gradient_direction=\u00bb119deg\u00bb background_color_gradient_stops=\u00bbgcid-primary-color 33%|#8c466c 100%\u00bb width_phone=\u00bb92%\u00bb width_last_edited=\u00bboff|desktop\u00bb max_width_tablet=\u00bb940px\u00bb max_width_phone=\u00bb940px\u00bb max_width_last_edited=\u00bboff|desktop\u00bb module_alignment=\u00bbcenter\u00bb custom_margin=\u00bb||||false|false\u00bb custom_padding=\u00bb|0px||100px|false|false\u00bb custom_padding_tablet=\u00bb|||0px|true|false\u00bb custom_padding_phone=\u00bb|||0px|true|false\u00bb custom_css_main_element=\u00bb    display: flex;||   ||    align-items: center;\u00bb border_radii=\u00bbon|20px|20px|20px|20px\u00bb box_shadow_style=\u00bbpreset2&#8243; box_shadow_horizontal=\u00bb10px\u00bb box_shadow_vertical=\u00bb2px\u00bb box_shadow_blur=\u00bb32px\u00bb locked=\u00bboff\u00bb global_colors_info=\u00bb{}\u00bb custom_css_main_element_last_edited=\u00bbon|desktop\u00bb custom_css_main_element_tablet=\u00bbdisplay:block;||\u00bb custom_css_main_element_phone=\u00bbdisplay:block;||\u00bb][et_pb_column type=\u00bb1_2&#8243; _builder_version=\u00bb4.27.0&#8243; _module_preset=\u00bbdefault\u00bb custom_padding=\u00bb||||true|false\u00bb custom_padding_tablet=\u00bb50px||50px||true|false\u00bb custom_padding_phone=\u00bb\u00bb custom_padding_last_edited=\u00bbon|tablet\u00bb global_colors_info=\u00bb{}\u00bb][et_pb_cta title=\u00bb\u00bfTodav\u00eda no has resuelto tus dudas?\u00bb button_url=\u00bb@ET-DC@eyJkeW5hbWljIjp0cnVlLCJjb250ZW50IjoicG9zdF9saW5rX3VybF9wYWdlIiwic2V0dGluZ3MiOnsicG9zdF9pZCI6IjI2In19@\u00bb url_new_window=\u00bbon\u00bb button_text=\u00bbContactar\u00bb _builder_version=\u00bb4.27.0&#8243; _dynamic_attributes=\u00bbbutton_url\u00bb _module_preset=\u00bbdefault\u00bb header_font_size=\u00bb36px\u00bb header_line_height=\u00bb1.4em\u00bb body_font_size=\u00bb20px\u00bb body_line_height=\u00bb1.3em\u00bb background_enable_color=\u00bboff\u00bb use_background_color=\u00bboff\u00bb custom_button=\u00bbon\u00bb button_text_size=\u00bb18px\u00bb button_text_color=\u00bb#FFFFFF\u00bb button_bg_color=\u00bb#000000&#8243; button_border_width=\u00bb0px\u00bb button_border_color=\u00bb#FFFFFF\u00bb button_border_radius=\u00bb5px\u00bb button_icon=\u00bb&#x24;||divi||400&#8243; button_custom_padding=\u00bb8px||8px||true|false\u00bb text_orientation=\u00bbleft\u00bb max_width=\u00bb81%\u00bb max_width_tablet=\u00bb80%\u00bb max_width_phone=\u00bb80%\u00bb max_width_last_edited=\u00bbon|phone\u00bb module_alignment=\u00bbleft\u00bb custom_margin=\u00bb||||true|true\u00bb custom_margin_tablet=\u00bb|0px||0px|false|true\u00bb custom_margin_last_edited=\u00bboff|desktop\u00bb custom_padding=\u00bb||||true|false\u00bb custom_padding_tablet=\u00bb|||0px|true|false\u00bb custom_padding_last_edited=\u00bboff|desktop\u00bb text_orientation_tablet=\u00bbcenter\u00bb text_orientation_phone=\u00bbcenter\u00bb text_orientation_last_edited=\u00bbon|tablet\u00bb module_alignment_tablet=\u00bbcenter\u00bb module_alignment_phone=\u00bbcenter\u00bb module_alignment_last_edited=\u00bbon|desktop\u00bb locked=\u00bboff\u00bb global_colors_info=\u00bb{}\u00bb button_text_color__hover=\u00bb#FFFFFF\u00bb button_text_color__hover_enabled=\u00bbon|hover\u00bb button_bg_color__hover=\u00bb#000000&#8243; button_bg_color__hover_enabled=\u00bbon|hover\u00bb button_border_width__hover=\u00bb0px\u00bb button_border_width__hover_enabled=\u00bbon|hover\u00bb button_border_color__hover=\u00bb#FFFFFF\u00bb button_border_color__hover_enabled=\u00bbon|hover\u00bb button_bg_enable_color__hover=\u00bbon\u00bb]<\/p>\n<p>Si todav\u00eda tienes preguntas, escr\u00edbenos y nos pondremos en contacto contigo bien pronto.<\/p>\n<p>[\/et_pb_cta][\/et_pb_column][et_pb_column type=\u00bb1_2&#8243; _builder_version=\u00bb4.27.0&#8243; _module_preset=\u00bbdefault\u00bb custom_padding=\u00bb||||false|false\u00bb global_colors_info=\u00bb{}\u00bb][et_pb_image src=\u00bbhttps:\/\/provareempresa.org\/wp-content\/uploads\/2024\/11\/Encara-no-has-resolt-el-teus-dubtes.png\u00bb alt=\u00bbImagen Corporativa Cecot\u00bb title_text=\u00bbTodav\u00eda no has resuelto tus dudas\u00bb show_bottom_space=\u00bboff\u00bb align=\u00bbcenter\u00bb disabled_on=\u00bbon|on|off\u00bb _builder_version=\u00bb4.27.0&#8243; _module_preset=\u00bbdefault\u00bb transform_translate=\u00bb-40px|0px\u00bb transform_translate_linked=\u00bboff\u00bb custom_margin=\u00bb||||false|false\u00bb custom_padding=\u00bb|100px|40px||false|false\u00bb global_colors_info=\u00bb{}\u00bb][\/et_pb_image][\/et_pb_column][\/et_pb_row][\/et_pb_section]<\/p>\n","protected":false},"excerpt":{"rendered":"<p>Preguntas frecuentesSi tienes otras dudas, ponte en contacto con nuestro equipo. Reempresa verifica la informaci\u00f3n publicada en nuestro web. Por esta raz\u00f3n, necesitamos validar diferentes aspectos de la empresa como la existencia de la misma, sus cuentas anuales, la propiedad, las licencias necesarias para su funcionamiento, los poderes para transmitirla, etc. Aun as\u00ed, toda la [&hellip;]<\/p>\n","protected":false},"author":2,"featured_media":0,"parent":18065,"menu_order":0,"comment_status":"closed","ping_status":"closed","template":"","meta":{"_et_pb_use_builder":"on","_et_pb_old_content":"","_et_gb_content_width":"","footnotes":""},"categoria":[19,7],"actualitat":[],"class_list":["post-18074","page","type-page","status-publish","hentry","categoria-sub-page","categoria-vull-vendre"],"_links":{"self":[{"href":"https:\/\/reempresa.org\/es\/wp-json\/wp\/v2\/pages\/18074","targetHints":{"allow":["GET"]}}],"collection":[{"href":"https:\/\/reempresa.org\/es\/wp-json\/wp\/v2\/pages"}],"about":[{"href":"https:\/\/reempresa.org\/es\/wp-json\/wp\/v2\/types\/page"}],"author":[{"embeddable":true,"href":"https:\/\/reempresa.org\/es\/wp-json\/wp\/v2\/users\/2"}],"replies":[{"embeddable":true,"href":"https:\/\/reempresa.org\/es\/wp-json\/wp\/v2\/comments?post=18074"}],"version-history":[{"count":6,"href":"https:\/\/reempresa.org\/es\/wp-json\/wp\/v2\/pages\/18074\/revisions"}],"predecessor-version":[{"id":19247,"href":"https:\/\/reempresa.org\/es\/wp-json\/wp\/v2\/pages\/18074\/revisions\/19247"}],"up":[{"embeddable":true,"href":"https:\/\/reempresa.org\/es\/wp-json\/wp\/v2\/pages\/18065"}],"wp:attachment":[{"href":"https:\/\/reempresa.org\/es\/wp-json\/wp\/v2\/media?parent=18074"}],"wp:term":[{"taxonomy":"categoria","embeddable":true,"href":"https:\/\/reempresa.org\/es\/wp-json\/wp\/v2\/categoria?post=18074"},{"taxonomy":"actualitat","embeddable":true,"href":"https:\/\/reempresa.org\/es\/wp-json\/wp\/v2\/actualitat?post=18074"}],"curies":[{"name":"wp","href":"https:\/\/api.w.org\/{rel}","templated":true}]}}